{"id":1781,"date":"2020-11-03T11:58:30","date_gmt":"2020-11-03T10:58:30","guid":{"rendered":"http:\/\/fscore.indesign.at\/merkmale\/funktionsweise-und-nutzen\/"},"modified":"2021-06-16T08:26:53","modified_gmt":"2021-06-16T06:26:53","slug":"funktionsweise-und-nutzen","status":"publish","type":"page","link":"https:\/\/www.fleckscore.com\/tr\/merkmale\/funktionsweise-und-nutzen\/","title":{"rendered":"Kullan\u0131m ve Faydalar\u0131"},"content":{"rendered":"\n<style type=\"text\/css\" data-created_by=\"avia_inline_auto\" id=\"style-css-av-1ee2b-858500bcaae0a96fe12480d00835a0c3\">\n.flex_column.av-1ee2b-858500bcaae0a96fe12480d00835a0c3{\nborder-radius:0px 0px 0px 0px;\npadding:0px 0px 0px 0px;\n}\n<\/style>\n<div  class='flex_column av-1ee2b-858500bcaae0a96fe12480d00835a0c3 av_one_full  avia-builder-el-0  el_before_av_one_full  avia-builder-el-first  first flex_column_div av-zero-column-padding  '     ><section  class='av_textblock_section av-khenru7t-028b310ecf0159a12fec320218f7dd1a '   itemscope=\"itemscope\" itemtype=\"https:\/\/schema.org\/CreativeWork\" ><div class='avia_textblock'  itemprop=\"text\" ><h2>Kullan\u0131m ve Faydalar\u0131<\/h2>\n<p>FleckScore sisteminin temel bir kalite parametresi, genel notlar\u0131n kompleks \u00e7er\u00e7eve, ayaklar ile bacaklar ve memeler i\u00e7in bireysel \u00f6zelliklerden ve kusur kay\u0131tlar\u0131ndan t\u00fcretilmesidir. \u015eimdiye kadar, sadece profesyonel hayvan de\u011ferlendiricileri FleckScore&#8217;u elektronik kay\u0131t cihazlar\u0131n\u0131n yard\u0131m\u0131yla kullanabiliyordu. Bu online bilgi formuyla, pratik yeti\u015ftiricilerin ve \u00f6\u011frencilerin sistemi \u00f6\u011frenmesi ve pratikte kullanmas\u0131 da m\u00fcmk\u00fcnd\u00fcr.<\/p>\n<p>Ayr\u0131 ayr\u0131 \u00f6zellikler ve kusurlarla ilgili bilgilere online bilgi sayfas\u0131ndaki bilgi tu\u015flar\u0131 kullan\u0131larak ula\u015f\u0131labilinir. Linear bireysel \u00f6zellikler 1&#8217;den 9&#8217;a kadar bir \u00f6l\u00e7ekte a\u00e7\u0131klan\u0131r, olas\u0131 kusurlar 1 ve 2&#8217;nin farkl\u0131la\u015ft\u0131r\u0131lmas\u0131yla belirgin hale getirilir. Varsay\u0131lan dereceleri hesaplamak i\u00e7in sistem bireysel \u00f6zelliklerden katk\u0131lar\u0131 hayvan\u0131n \u00fcretken d\u00f6nem \u00f6mr\u00fc \u00fczerindeki etkilerine g\u00f6re sabitlenir. Bununla ilgili bilgiler \u201eGenel Notlar\u0131n Hesaplanmas\u0131\u201c men\u00fc ba\u015fl\u0131\u011f\u0131 alt\u0131nda bulunabilir. Ayaklar ile bacaklar ve meme i\u00e7in belirtilen teklif, de\u011ferlendirici taraf\u0131ndan kabul edilebilir veya +\/- 3 puan ile de\u011fi\u015ftirilebilir. Bu nedenle teklifi belirli hayvanlara uyarlayabilmek i\u00e7in uzmanlar\u0131n do\u011frudan denetimi halen talep g\u00f6rmektedir. Pop\u00fclasyon ortalamas\u0131, gen\u00e7 inekler i\u00e7in 68-93 puan aral\u0131\u011f\u0131 ve \u00e7ok do\u011fumlu inekler i\u00e7in \u00f6l\u00e7e\u011fin daha da a\u00e7\u0131lmas\u0131 ile laktasyondan ba\u011f\u0131ms\u0131z olarak yakla\u015f\u0131k 80 puana kar\u015f\u0131l\u0131k gelir.<\/p>\n<p>Online bilgi formuyla her ya\u015ftaki s\u0131\u011f\u0131r tan\u0131mlanabilir. Kaydedilen de\u011ferlendirmeler tan\u0131ml\u0131 bir e-posta adresine g\u00f6nderilir ve orada ar\u015fivlenebilir ve i\u015flenebilir.<\/p>\n<p>\u00d6zel bir hizmet olarak, okullar ve s\u0131\u011f\u0131r yeti\u015ftirme organizasyonlar\u0131 i\u00e7in hayvan de\u011ferlendirme yar\u0131\u015fmalar\u0131 d\u00fczenleyecek bir de\u011ferlendirme program\u0131 sunulmaktad\u0131r. Online bilgi formuyla kaydedilen veriler, e-posta g\u00f6nderildikten sonra de\u011ferlendirme program\u0131yla daha da i\u015flenebilen bir s\u0131ralamaya d\u00f6n\u00fc\u015ft\u00fcr\u00fcl\u00fcr. B\u00f6ylece, kat\u0131l\u0131mc\u0131lar\u0131n tan\u0131mlar\u0131n\u0131 bir seviye \u00f6devi ile kar\u015f\u0131la\u015ft\u0131rmak ve b\u00f6ylece seviye tan\u0131m\u0131ndan sapmalar\u0131 hesaplamak m\u00fcmk\u00fcnd\u00fcr. De\u011ferlendirme program\u0131 Fleckvieh Austria yetkilisi M\u00fchendis <a href=\"mailto:gerald.pollak@noegen.at\">Ing. Gerald Pollak<\/a> temin edilebilir.<\/p>\n<\/div><\/section><br \/>\n\n<style type=\"text\/css\" data-created_by=\"avia_inline_auto\" id=\"style-css-av-khenru7t-ae259b900ccd6398bdbdda47e1c0529a\">\n#top .av_textblock_section.av-khenru7t-ae259b900ccd6398bdbdda47e1c0529a .avia_textblock{\ncolor:#000000;\n}\n<\/style>\n<section  class='av_textblock_section av-khenru7t-ae259b900ccd6398bdbdda47e1c0529a '   itemscope=\"itemscope\" itemtype=\"https:\/\/schema.org\/CreativeWork\" ><div class='avia_textblock av_inherit_color'  itemprop=\"text\" ><h2><b>Doldurma Talimatlar\u0131<\/b><\/h2>\n<p><b><br \/>\n1.\u00a0\u00a0\u00a0 Tan\u0131mlama i\u00e7in zorunlu alanlar\u0131n doldurulmas\u0131:<\/b><br \/>\nLaktasyon say\u0131s\u0131n\u0131n do\u011fru tahsisi \u00f6zellikle \u00f6nemlidir. \u00c7\u00fcnk\u00fc sonu\u00e7lar\u0131n hesaplanmas\u0131 laktasyona \u00f6zg\u00fcd\u00fcr. Sistem, laktasyonlar boyunca pop\u00fclasyon ortalamas\u0131ndaki sapmalar\u0131 tan\u0131mlayan ve b\u00f6ylece ine\u011fin fiziksel geli\u015fimini dikkate alan d\u0131\u015far\u0131dan a\u00e7\u0131klamalar sa\u011flar. Sonu\u00e7lar\u0131n teslim yeri bir e-posta adresi girilerek tan\u0131mlan\u0131r.<\/p>\n<p><b>2.\u00a0\u00a0\u00a0 Bireysel \u00f6zelliklerin zorunlu alanlar\u0131n\u0131 doldurmak ve olas\u0131 kusurlar\u0131 belirlemek<\/b><\/p>\n<p><strong>3.\u00a0\u00a0\u00a0 Ayaklar ile bacaklar ve memelerin genel notlar\u0131n onaylamas\u0131 veya de\u011fi\u015ftirilmesi<\/strong><\/p>\n<p><b>4.\u00a0\u00a0\u00a0 &#8220;\u015eimdi g\u00f6nder&#8221; butonu<\/b><br \/>\nGirilen a\u00e7\u0131klama daha sonra belirtilen e-posta adresine g\u00f6nderilir.<\/p>\n<p>FleckScore sistemi ve online bilgi sayfas\u0131n\u0131n kullan\u0131m\u0131 hakk\u0131nda daha fazla soru i\u00e7in, l\u00fctfen &#8220;<a href=\"https:\/\/www.fleckscore.com\/tr\/kontakt\/\" target=\"_blank\" rel=\"noopener\">\u0130leti\u015fim<\/a>&#8221; men\u00fc noktas\u0131nda verilen adrese gidiniz.<\/p>\n<\/div><\/section><\/p><\/div>\n<style type=\"text\/css\" data-created_by=\"avia_inline_auto\" id=\"style-css-av-swon-7597d032922ce4ca0f69960ab22d7fc7\">\n.flex_column.av-swon-7597d032922ce4ca0f69960ab22d7fc7{\nborder-radius:0px 0px 0px 0px;\npadding:0px 0px 0px 0px;\n}\n<\/style>\n<div  class='flex_column av-swon-7597d032922ce4ca0f69960ab22d7fc7 av_one_full  avia-builder-el-3  el_after_av_one_full  avia-builder-el-last  first flex_column_div av-zero-column-padding  column-top-margin'     ><\/div><\/p>\n","protected":false},"excerpt":{"rendered":"","protected":false},"author":1,"featured_media":0,"parent":1639,"menu_order":3,"comment_status":"closed","ping_status":"closed","template":"","meta":{"footnotes":""},"class_list":["post-1781","page","type-page","status-publish","hentry"],"yoast_head":"<!-- This site is optimized with the Yoast SEO plugin v27.4 - https:\/\/yoast.com\/product\/yoast-seo-wordpress\/ -->\n<title>Kullan\u0131m ve Faydalar\u0131 - Fleckscore<\/title>\n<meta name=\"robots\" content=\"index, follow, max-snippet:-1, max-image-preview:large, max-video-preview:-1\" \/>\n<link rel=\"canonical\" href=\"https:\/\/www.fleckscore.com\/tr\/merkmale\/funktionsweise-und-nutzen\/\" \/>\n<meta property=\"og:locale\" content=\"tr_TR\" \/>\n<meta property=\"og:type\" content=\"article\" \/>\n<meta property=\"og:title\" content=\"Kullan\u0131m ve Faydalar\u0131 - Fleckscore\" \/>\n<meta property=\"og:url\" content=\"https:\/\/www.fleckscore.com\/tr\/merkmale\/funktionsweise-und-nutzen\/\" \/>\n<meta property=\"og:site_name\" content=\"Fleckscore\" \/>\n<meta property=\"article:modified_time\" content=\"2021-06-16T06:26:53+00:00\" \/>\n<meta name=\"twitter:card\" content=\"summary_large_image\" \/>\n<meta name=\"twitter:label1\" content=\"Tahmini okuma s\u00fcresi\" \/>\n\t<meta name=\"twitter:data1\" content=\"2 dakika\" \/>\n<script type=\"application\/ld+json\" class=\"yoast-schema-graph\">{\"@context\":\"https:\\\/\\\/schema.org\",\"@graph\":[{\"@type\":\"WebPage\",\"@id\":\"https:\\\/\\\/www.fleckscore.com\\\/tr\\\/merkmale\\\/funktionsweise-und-nutzen\\\/\",\"url\":\"https:\\\/\\\/www.fleckscore.com\\\/tr\\\/merkmale\\\/funktionsweise-und-nutzen\\\/\",\"name\":\"Kullan\u0131m ve Faydalar\u0131 - Fleckscore\",\"isPartOf\":{\"@id\":\"https:\\\/\\\/www.fleckscore.com\\\/#website\"},\"datePublished\":\"2020-11-03T10:58:30+00:00\",\"dateModified\":\"2021-06-16T06:26:53+00:00\",\"breadcrumb\":{\"@id\":\"https:\\\/\\\/www.fleckscore.com\\\/tr\\\/merkmale\\\/funktionsweise-und-nutzen\\\/#breadcrumb\"},\"inLanguage\":\"tr\",\"potentialAction\":[{\"@type\":\"ReadAction\",\"target\":[\"https:\\\/\\\/www.fleckscore.com\\\/tr\\\/merkmale\\\/funktionsweise-und-nutzen\\\/\"]}]},{\"@type\":\"BreadcrumbList\",\"@id\":\"https:\\\/\\\/www.fleckscore.com\\\/tr\\\/merkmale\\\/funktionsweise-und-nutzen\\\/#breadcrumb\",\"itemListElement\":[{\"@type\":\"ListItem\",\"position\":1,\"name\":\"Startseite\",\"item\":\"https:\\\/\\\/www.fleckscore.com\\\/\"},{\"@type\":\"ListItem\",\"position\":2,\"name\":\"\u00d6ZELL\u0130KLER\u0130\",\"item\":\"https:\\\/\\\/www.fleckscore.com\\\/tr\\\/merkmale\\\/\"},{\"@type\":\"ListItem\",\"position\":3,\"name\":\"Kullan\u0131m ve Faydalar\u0131\"}]},{\"@type\":\"WebSite\",\"@id\":\"https:\\\/\\\/www.fleckscore.com\\\/#website\",\"url\":\"https:\\\/\\\/www.fleckscore.com\\\/\",\"name\":\"Fleckscore\",\"description\":\"Eine weitere WordPress-Website\",\"potentialAction\":[{\"@type\":\"SearchAction\",\"target\":{\"@type\":\"EntryPoint\",\"urlTemplate\":\"https:\\\/\\\/www.fleckscore.com\\\/?s={search_term_string}\"},\"query-input\":{\"@type\":\"PropertyValueSpecification\",\"valueRequired\":true,\"valueName\":\"search_term_string\"}}],\"inLanguage\":\"tr\"}]}<\/script>\n<!-- \/ Yoast SEO plugin. -->","yoast_head_json":{"title":"Kullan\u0131m ve Faydalar\u0131 - Fleckscore","robots":{"index":"index","follow":"follow","max-snippet":"max-snippet:-1","max-image-preview":"max-image-preview:large","max-video-preview":"max-video-preview:-1"},"canonical":"https:\/\/www.fleckscore.com\/tr\/merkmale\/funktionsweise-und-nutzen\/","og_locale":"tr_TR","og_type":"article","og_title":"Kullan\u0131m ve Faydalar\u0131 - Fleckscore","og_url":"https:\/\/www.fleckscore.com\/tr\/merkmale\/funktionsweise-und-nutzen\/","og_site_name":"Fleckscore","article_modified_time":"2021-06-16T06:26:53+00:00","twitter_card":"summary_large_image","twitter_misc":{"Tahmini okuma s\u00fcresi":"2 dakika"},"schema":{"@context":"https:\/\/schema.org","@graph":[{"@type":"WebPage","@id":"https:\/\/www.fleckscore.com\/tr\/merkmale\/funktionsweise-und-nutzen\/","url":"https:\/\/www.fleckscore.com\/tr\/merkmale\/funktionsweise-und-nutzen\/","name":"Kullan\u0131m ve Faydalar\u0131 - Fleckscore","isPartOf":{"@id":"https:\/\/www.fleckscore.com\/#website"},"datePublished":"2020-11-03T10:58:30+00:00","dateModified":"2021-06-16T06:26:53+00:00","breadcrumb":{"@id":"https:\/\/www.fleckscore.com\/tr\/merkmale\/funktionsweise-und-nutzen\/#breadcrumb"},"inLanguage":"tr","potentialAction":[{"@type":"ReadAction","target":["https:\/\/www.fleckscore.com\/tr\/merkmale\/funktionsweise-und-nutzen\/"]}]},{"@type":"BreadcrumbList","@id":"https:\/\/www.fleckscore.com\/tr\/merkmale\/funktionsweise-und-nutzen\/#breadcrumb","itemListElement":[{"@type":"ListItem","position":1,"name":"Startseite","item":"https:\/\/www.fleckscore.com\/"},{"@type":"ListItem","position":2,"name":"\u00d6ZELL\u0130KLER\u0130","item":"https:\/\/www.fleckscore.com\/tr\/merkmale\/"},{"@type":"ListItem","position":3,"name":"Kullan\u0131m ve Faydalar\u0131"}]},{"@type":"WebSite","@id":"https:\/\/www.fleckscore.com\/#website","url":"https:\/\/www.fleckscore.com\/","name":"Fleckscore","description":"Eine weitere WordPress-Website","potentialAction":[{"@type":"SearchAction","target":{"@type":"EntryPoint","urlTemplate":"https:\/\/www.fleckscore.com\/?s={search_term_string}"},"query-input":{"@type":"PropertyValueSpecification","valueRequired":true,"valueName":"search_term_string"}}],"inLanguage":"tr"}]}},"_links":{"self":[{"href":"https:\/\/www.fleckscore.com\/tr\/wp-json\/wp\/v2\/pages\/1781","targetHints":{"allow":["GET"]}}],"collection":[{"href":"https:\/\/www.fleckscore.com\/tr\/wp-json\/wp\/v2\/pages"}],"about":[{"href":"https:\/\/www.fleckscore.com\/tr\/wp-json\/wp\/v2\/types\/page"}],"author":[{"embeddable":true,"href":"https:\/\/www.fleckscore.com\/tr\/wp-json\/wp\/v2\/users\/1"}],"replies":[{"embeddable":true,"href":"https:\/\/www.fleckscore.com\/tr\/wp-json\/wp\/v2\/comments?post=1781"}],"version-history":[{"count":13,"href":"https:\/\/www.fleckscore.com\/tr\/wp-json\/wp\/v2\/pages\/1781\/revisions"}],"predecessor-version":[{"id":8602,"href":"https:\/\/www.fleckscore.com\/tr\/wp-json\/wp\/v2\/pages\/1781\/revisions\/8602"}],"up":[{"embeddable":true,"href":"https:\/\/www.fleckscore.com\/tr\/wp-json\/wp\/v2\/pages\/1639"}],"wp:attachment":[{"href":"https:\/\/www.fleckscore.com\/tr\/wp-json\/wp\/v2\/media?parent=1781"}],"curies":[{"name":"wp","href":"https:\/\/api.w.org\/{rel}","templated":true}]}}