{"id":1407,"date":"2020-11-03T11:56:46","date_gmt":"2020-11-03T10:56:46","guid":{"rendered":"http:\/\/fscore.indesign.at\/factbox\/"},"modified":"2023-04-19T10:45:43","modified_gmt":"2023-04-19T08:45:43","slug":"factbox","status":"publish","type":"page","link":"https:\/\/www.fleckscore.com\/tr\/factbox\/","title":{"rendered":"OLGU KUTUSU"},"content":{"rendered":"\n<style type=\"text\/css\" data-created_by=\"avia_inline_auto\" id=\"style-css-av-1ea7a-1b39c5293a978978e3fa4872a0d66068\">\n.flex_column.av-1ea7a-1b39c5293a978978e3fa4872a0d66068{\nborder-radius:0px 0px 0px 0px;\npadding:0px 0px 0px 0px;\n}\n<\/style>\n<div  class='flex_column av-1ea7a-1b39c5293a978978e3fa4872a0d66068 av_one_full  avia-builder-el-0  avia-builder-el-no-sibling  first flex_column_div av-zero-column-padding  '     ><p>\n<style type=\"text\/css\" data-created_by=\"avia_inline_auto\" id=\"style-css-av-kkgmlsjt-460fa77a65e069b033f2e0aa7b6a8683\">\n#top .av-special-heading.av-kkgmlsjt-460fa77a65e069b033f2e0aa7b6a8683{\npadding-bottom:10px;\n}\nbody .av-special-heading.av-kkgmlsjt-460fa77a65e069b033f2e0aa7b6a8683 .av-special-heading-tag .heading-char{\nfont-size:25px;\n}\n.av-special-heading.av-kkgmlsjt-460fa77a65e069b033f2e0aa7b6a8683 .av-subheading{\nfont-size:15px;\n}\n<\/style>\n<div  class='av-special-heading av-kkgmlsjt-460fa77a65e069b033f2e0aa7b6a8683 av-special-heading-h1  avia-builder-el-1  el_before_av_textblock  avia-builder-el-first '><h1 class='av-special-heading-tag '  itemprop=\"headline\"  >Olgu kutusu Fleckscore<\/h1><div class=\"special-heading-border\"><div class=\"special-heading-inner-border\"><\/div><\/div><\/div><br \/>\n<section  class='av_textblock_section av-kh20um3l-faee3f9f9229546f4e8506aeb97e376d '   itemscope=\"itemscope\" itemtype=\"https:\/\/schema.org\/CreativeWork\" ><div class='avia_textblock'  itemprop=\"text\" ><ul>\n<li>Fleckvieh s\u0131\u011f\u0131rlar\u0131n\u0131n FleckScore&#8217;a g\u00f6re de\u011ferlendirilmesinin amac\u0131 bir yandan kullan\u0131m \u00f6mr\u00fc \u00fczerinde olumlu bir etkiye sahip olan d\u0131\u015f karakteristik \u00f6zelliklerinin\u00a0 m\u00fcmk\u00fcn olan en erken tan\u0131mlanmas\u0131, di\u011fer yandan ise dam\u0131zl\u0131k de\u011ferin de\u011ferlendirmesi i\u00e7in veri sa\u011flanmas\u0131d\u0131r.<\/li>\n<li>22 bireysel karakteristik \u00f6zellik bir biyolojik u\u00e7tan di\u011ferine 1-9 aras\u0131 bir \u00f6l\u00e7ekte \u00f6l\u00e7\u00fcl\u00fcr veya tarif edilir.<\/li>\n<li>Genel notland\u0131rma \u00e7er\u00e7eve, kas yap\u0131s\u0131, ayaklar ve bacaklar ile memeler ba\u011flant\u0131l\u0131 olarak a\u00e7\u0131klan\u0131r.<\/li>\n<li>\u00c7er\u00e7eve, ayak ve bacaklar ile meme verileri toplanarak elektronik olarak hesaplan\u0131r ve final toplam notu olu\u015fturulur.<\/li>\n<li>Genel notlar\u0131n hesaplanmas\u0131nda bireysel \u00f6zelliklerin a\u011f\u0131rl\u0131\u011f\u0131, \u00fcretim \u00f6mr\u00fcn\u00fc optimize etmek i\u00e7in bilimsel \u00e7al\u0131\u015fmalara dayanmaktad\u0131r.<\/li>\n<li>Toplam notlar\u0131n laktasyona \u00f6zg\u00fc olarak hesaplan\u0131r.<\/li>\n<li>Toplam notlar gen\u00e7 inekler i\u00e7in 68-93 \u00f6l\u00e7ek aras\u0131 bir puanlama ile g\u00f6sterilmektedir, \u00e7oklu gebe inekler i\u00e7in \u00f6l\u00e7ekte ise yukar\u0131 do\u011fru bir a\u00e7ma se\u00e7ene\u011fi mevcuttur.<\/li>\n<li>Pop\u00fclasyondaki karakteristik \u00f6zelliklerin ortalamas\u0131 , her bir ana karakteristik \u00f6zellik i\u00e7in yakla\u015f\u0131k 80 puana kar\u015f\u0131l\u0131k gelir.<\/li>\n<li>FleckScore b\u00f6ylece laktasyonlar boyunca pop\u00fclasyon ortalamas\u0131ndan sapmay\u0131 tan\u0131mlayan ve dolay\u0131s\u0131yla ineklerin fiziksel geli\u015fimini dikkate alan d\u0131\u015f de\u011ferlendirmeler sa\u011flar.<\/li>\n<\/ul>\n<\/div><\/section><\/p><\/div>\n","protected":false},"excerpt":{"rendered":"","protected":false},"author":1,"featured_media":0,"parent":0,"menu_order":38,"comment_status":"closed","ping_status":"closed","template":"","meta":{"footnotes":""},"class_list":["post-1407","page","type-page","status-publish","hentry"],"yoast_head":"<!-- This site is optimized with the Yoast SEO plugin v27.4 - https:\/\/yoast.com\/product\/yoast-seo-wordpress\/ -->\n<title>OLGU KUTUSU - Fleckscore<\/title>\n<meta name=\"robots\" content=\"index, follow, max-snippet:-1, max-image-preview:large, max-video-preview:-1\" \/>\n<link rel=\"canonical\" href=\"https:\/\/www.fleckscore.com\/factbox\/\" \/>\n<meta property=\"og:locale\" content=\"tr_TR\" \/>\n<meta property=\"og:type\" content=\"article\" \/>\n<meta property=\"og:title\" content=\"OLGU KUTUSU - Fleckscore\" \/>\n<meta property=\"og:url\" content=\"https:\/\/www.fleckscore.com\/factbox\/\" \/>\n<meta property=\"og:site_name\" content=\"Fleckscore\" \/>\n<meta property=\"article:modified_time\" content=\"2023-04-19T08:45:43+00:00\" \/>\n<meta name=\"twitter:card\" content=\"summary_large_image\" \/>\n<meta name=\"twitter:label1\" content=\"Tahmini okuma s\u00fcresi\" \/>\n\t<meta name=\"twitter:data1\" content=\"2 dakika\" \/>\n<script type=\"application\/ld+json\" class=\"yoast-schema-graph\">{\"@context\":\"https:\\\/\\\/schema.org\",\"@graph\":[{\"@type\":\"WebPage\",\"@id\":\"https:\\\/\\\/www.fleckscore.com\\\/factbox\\\/\",\"url\":\"https:\\\/\\\/www.fleckscore.com\\\/factbox\\\/\",\"name\":\"OLGU KUTUSU - Fleckscore\",\"isPartOf\":{\"@id\":\"https:\\\/\\\/www.fleckscore.com\\\/#website\"},\"datePublished\":\"2020-11-03T10:56:46+00:00\",\"dateModified\":\"2023-04-19T08:45:43+00:00\",\"breadcrumb\":{\"@id\":\"https:\\\/\\\/www.fleckscore.com\\\/factbox\\\/#breadcrumb\"},\"inLanguage\":\"tr\",\"potentialAction\":[{\"@type\":\"ReadAction\",\"target\":[\"https:\\\/\\\/www.fleckscore.com\\\/factbox\\\/\"]}]},{\"@type\":\"BreadcrumbList\",\"@id\":\"https:\\\/\\\/www.fleckscore.com\\\/factbox\\\/#breadcrumb\",\"itemListElement\":[{\"@type\":\"ListItem\",\"position\":1,\"name\":\"Startseite\",\"item\":\"https:\\\/\\\/www.fleckscore.com\\\/\"},{\"@type\":\"ListItem\",\"position\":2,\"name\":\"OLGU KUTUSU\"}]},{\"@type\":\"WebSite\",\"@id\":\"https:\\\/\\\/www.fleckscore.com\\\/#website\",\"url\":\"https:\\\/\\\/www.fleckscore.com\\\/\",\"name\":\"Fleckscore\",\"description\":\"Eine weitere WordPress-Website\",\"potentialAction\":[{\"@type\":\"SearchAction\",\"target\":{\"@type\":\"EntryPoint\",\"urlTemplate\":\"https:\\\/\\\/www.fleckscore.com\\\/?s={search_term_string}\"},\"query-input\":{\"@type\":\"PropertyValueSpecification\",\"valueRequired\":true,\"valueName\":\"search_term_string\"}}],\"inLanguage\":\"tr\"}]}<\/script>\n<!-- \/ Yoast SEO plugin. -->","yoast_head_json":{"title":"OLGU KUTUSU - Fleckscore","robots":{"index":"index","follow":"follow","max-snippet":"max-snippet:-1","max-image-preview":"max-image-preview:large","max-video-preview":"max-video-preview:-1"},"canonical":"https:\/\/www.fleckscore.com\/factbox\/","og_locale":"tr_TR","og_type":"article","og_title":"OLGU KUTUSU - Fleckscore","og_url":"https:\/\/www.fleckscore.com\/factbox\/","og_site_name":"Fleckscore","article_modified_time":"2023-04-19T08:45:43+00:00","twitter_card":"summary_large_image","twitter_misc":{"Tahmini okuma s\u00fcresi":"2 dakika"},"schema":{"@context":"https:\/\/schema.org","@graph":[{"@type":"WebPage","@id":"https:\/\/www.fleckscore.com\/factbox\/","url":"https:\/\/www.fleckscore.com\/factbox\/","name":"OLGU KUTUSU - Fleckscore","isPartOf":{"@id":"https:\/\/www.fleckscore.com\/#website"},"datePublished":"2020-11-03T10:56:46+00:00","dateModified":"2023-04-19T08:45:43+00:00","breadcrumb":{"@id":"https:\/\/www.fleckscore.com\/factbox\/#breadcrumb"},"inLanguage":"tr","potentialAction":[{"@type":"ReadAction","target":["https:\/\/www.fleckscore.com\/factbox\/"]}]},{"@type":"BreadcrumbList","@id":"https:\/\/www.fleckscore.com\/factbox\/#breadcrumb","itemListElement":[{"@type":"ListItem","position":1,"name":"Startseite","item":"https:\/\/www.fleckscore.com\/"},{"@type":"ListItem","position":2,"name":"OLGU KUTUSU"}]},{"@type":"WebSite","@id":"https:\/\/www.fleckscore.com\/#website","url":"https:\/\/www.fleckscore.com\/","name":"Fleckscore","description":"Eine weitere WordPress-Website","potentialAction":[{"@type":"SearchAction","target":{"@type":"EntryPoint","urlTemplate":"https:\/\/www.fleckscore.com\/?s={search_term_string}"},"query-input":{"@type":"PropertyValueSpecification","valueRequired":true,"valueName":"search_term_string"}}],"inLanguage":"tr"}]}},"_links":{"self":[{"href":"https:\/\/www.fleckscore.com\/tr\/wp-json\/wp\/v2\/pages\/1407","targetHints":{"allow":["GET"]}}],"collection":[{"href":"https:\/\/www.fleckscore.com\/tr\/wp-json\/wp\/v2\/pages"}],"about":[{"href":"https:\/\/www.fleckscore.com\/tr\/wp-json\/wp\/v2\/types\/page"}],"author":[{"embeddable":true,"href":"https:\/\/www.fleckscore.com\/tr\/wp-json\/wp\/v2\/users\/1"}],"replies":[{"embeddable":true,"href":"https:\/\/www.fleckscore.com\/tr\/wp-json\/wp\/v2\/comments?post=1407"}],"version-history":[{"count":2,"href":"https:\/\/www.fleckscore.com\/tr\/wp-json\/wp\/v2\/pages\/1407\/revisions"}],"predecessor-version":[{"id":7509,"href":"https:\/\/www.fleckscore.com\/tr\/wp-json\/wp\/v2\/pages\/1407\/revisions\/7509"}],"wp:attachment":[{"href":"https:\/\/www.fleckscore.com\/tr\/wp-json\/wp\/v2\/media?parent=1407"}],"curies":[{"name":"wp","href":"https:\/\/api.w.org\/{rel}","templated":true}]}}