{"id":1400,"date":"2020-11-03T11:56:46","date_gmt":"2020-11-03T10:56:46","guid":{"rendered":"http:\/\/fscore.indesign.at\/factbox\/"},"modified":"2023-04-19T10:45:42","modified_gmt":"2023-04-19T08:45:42","slug":"factbox","status":"publish","type":"page","link":"https:\/\/www.fleckscore.com\/sk\/factbox\/","title":{"rendered":"FACTBOX"},"content":{"rendered":"\n<style type=\"text\/css\" data-created_by=\"avia_inline_auto\" id=\"style-css-av-1ea7a-1b39c5293a978978e3fa4872a0d66068\">\n.flex_column.av-1ea7a-1b39c5293a978978e3fa4872a0d66068{\nborder-radius:0px 0px 0px 0px;\npadding:0px 0px 0px 0px;\n}\n<\/style>\n<div  class='flex_column av-1ea7a-1b39c5293a978978e3fa4872a0d66068 av_one_full  avia-builder-el-0  avia-builder-el-no-sibling  first flex_column_div av-zero-column-padding  '     ><p>\n<style type=\"text\/css\" data-created_by=\"avia_inline_auto\" id=\"style-css-av-kkgmhcrf-82e8a93ec849640cb4aad68a592f0c77\">\n#top .av-special-heading.av-kkgmhcrf-82e8a93ec849640cb4aad68a592f0c77{\npadding-bottom:10px;\n}\nbody .av-special-heading.av-kkgmhcrf-82e8a93ec849640cb4aad68a592f0c77 .av-special-heading-tag .heading-char{\nfont-size:25px;\n}\n.av-special-heading.av-kkgmhcrf-82e8a93ec849640cb4aad68a592f0c77 .av-subheading{\nfont-size:15px;\n}\n<\/style>\n<div  class='av-special-heading av-kkgmhcrf-82e8a93ec849640cb4aad68a592f0c77 av-special-heading-h1  avia-builder-el-1  el_before_av_textblock  avia-builder-el-first '><h1 class='av-special-heading-tag '  itemprop=\"headline\"  >Factbox FleckScore<\/h1><div class=\"special-heading-border\"><div class=\"special-heading-inner-border\"><\/div><\/div><\/div><br \/>\n<section  class='av_textblock_section av-kh20um3l-faee3f9f9229546f4e8506aeb97e376d '   itemscope=\"itemscope\" itemtype=\"https:\/\/schema.org\/CreativeWork\" ><div class='avia_textblock'  itemprop=\"text\" ><ul>\n<li>Z\u00e1kladn\u00fdm cie\u013eom a \u00fa\u010delom hodnotenia exteri\u00e9ru zvierat strakat\u00e9ho plemena pod\u013ea syst\u00e9mu FleckScore je v\u010dasn\u00e1 identifik\u00e1cia a popis ukazovate\u013eov exteri\u00e9ru, ktor\u00e9 pozit\u00edvne vpl\u00fdvaj\u00fa na d\u013a\u017eku produk\u010dn\u00e9ho veku kr\u00e1v a z\u00e1rove\u0148 poskytn\u00fa spo\u013eahliv\u00e9 podkladov\u00e9 \u00fadaje pre v\u00fdpo\u010det plemenn\u00fdch hodn\u00f4t ukazovate\u013eov exteri\u00e9ru.<\/li>\n<li>\u00a0V r\u00e1mci metodiky sa meria a popisuje celkom 22 \u010diastkov\u00fdch znakov s hodnoten\u00edm od 1 do 9 bodov v definovan\u00fdch biologick\u00fdch extr\u00e9moch.<\/li>\n<li>Zverej\u0148uje sa v\u00fdsledn\u00e9 hodnotenie hlavn\u00fdch znakov exteri\u00e9ru za R\u00e1mec tela, Osvalenie, Kon\u010datiny a Vemeno.<\/li>\n<li>Pre hlavn\u00e9 znaky R\u00e1mec tela, Kon\u010datiny a Vemeno je s vyu\u017eit\u00edm elektronick\u00fdch zariaden\u00ed na z\u00e1klade line\u00e1rneho hodnotenia \u010diastkov\u00fdch znakov vypo\u010d\u00edtan\u00e9 v\u00fdsledn\u00e9 (s\u00fahrnn\u00e9) bodov\u00e9 hodnotenie.<\/li>\n<li>Pridelen\u00e9 v\u00e1hy jednotliv\u00fdch \u010diastkov\u00fdch znakov pri v\u00fdpo\u010dte v\u00fdsledn\u00e9ho hodnotenia hlavn\u00fdch znakov exteri\u00e9ru zoh\u013ead\u0148uj\u00fa na z\u00e1klade dostupn\u00fdch vedeck\u00fdch poznatkov vz\u0165ah k d\u013a\u017eke produk\u010dn\u00e9ho veku kr\u00e1v.<\/li>\n<li>V\u00fdpo\u010det v\u00fdsledn\u00e9ho (s\u00fahrnn\u00e9ho) hodnotenia hlavn\u00fdch znakov exteri\u00e9ru sa vykon\u00e1va pod\u013ea poradia lakt\u00e1cie.<\/li>\n<li>\u00a0Pri hodnoten\u00ed prv\u00f4stok m\u00f4\u017ee dosiahnu\u0165 hodnotenie za hlavn\u00e9 znaky exteri\u00e9ru 68 a\u017e 93 bodov, s mo\u017enos\u0165ou zv\u00fd\u0161enia hornej hranice intervalu pri star\u0161\u00edch krav\u00e1ch.<\/li>\n<li>Pri hlavn\u00fdch znakoch exteri\u00e9ru predstavuje priemern\u00e9 vyjadrenie znaku v popul\u00e1cii pribli\u017ene 80 bodov.<\/li>\n<li>FleckScore predstavuje syst\u00e9m hodnotenia exteri\u00e9ru, ktor\u00fd charakterizuje odch\u00fdlky od priemeru popul\u00e1cie v z\u00e1vislosti od poradia lakt\u00e1cie, \u010d\u00edm zoh\u013ead\u0148uje pokra\u010duj\u00faci telesn\u00fd v\u00fdvin kr\u00e1v (FleckScore 1, FleckScore 2 a FleckScore 3).<\/li>\n<\/ul>\n<\/div><\/section><\/p><\/div>\n","protected":false},"excerpt":{"rendered":"","protected":false},"author":1,"featured_media":0,"parent":0,"menu_order":38,"comment_status":"closed","ping_status":"closed","template":"","meta":{"footnotes":""},"class_list":["post-1400","page","type-page","status-publish","hentry"],"yoast_head":"<!-- This site is optimized with the Yoast SEO plugin v27.4 - https:\/\/yoast.com\/product\/yoast-seo-wordpress\/ -->\n<title>FACTBOX - Fleckscore<\/title>\n<meta name=\"robots\" content=\"index, follow, max-snippet:-1, max-image-preview:large, max-video-preview:-1\" \/>\n<link rel=\"canonical\" href=\"https:\/\/www.fleckscore.com\/factbox\/\" \/>\n<meta property=\"og:locale\" content=\"sk_SK\" \/>\n<meta property=\"og:type\" content=\"article\" \/>\n<meta property=\"og:title\" content=\"FACTBOX - Fleckscore\" \/>\n<meta property=\"og:url\" content=\"https:\/\/www.fleckscore.com\/factbox\/\" \/>\n<meta property=\"og:site_name\" content=\"Fleckscore\" \/>\n<meta property=\"article:modified_time\" content=\"2023-04-19T08:45:42+00:00\" \/>\n<meta name=\"twitter:card\" content=\"summary_large_image\" \/>\n<meta name=\"twitter:label1\" content=\"Predpokladan\u00fd \u010das \u010d\u00edtania\" \/>\n\t<meta name=\"twitter:data1\" content=\"2 min\u00faty\" \/>\n<script type=\"application\/ld+json\" class=\"yoast-schema-graph\">{\"@context\":\"https:\\\/\\\/schema.org\",\"@graph\":[{\"@type\":\"WebPage\",\"@id\":\"https:\\\/\\\/www.fleckscore.com\\\/factbox\\\/\",\"url\":\"https:\\\/\\\/www.fleckscore.com\\\/factbox\\\/\",\"name\":\"FACTBOX - Fleckscore\",\"isPartOf\":{\"@id\":\"https:\\\/\\\/www.fleckscore.com\\\/#website\"},\"datePublished\":\"2020-11-03T10:56:46+00:00\",\"dateModified\":\"2023-04-19T08:45:42+00:00\",\"breadcrumb\":{\"@id\":\"https:\\\/\\\/www.fleckscore.com\\\/factbox\\\/#breadcrumb\"},\"inLanguage\":\"sk-SK\",\"potentialAction\":[{\"@type\":\"ReadAction\",\"target\":[\"https:\\\/\\\/www.fleckscore.com\\\/factbox\\\/\"]}]},{\"@type\":\"BreadcrumbList\",\"@id\":\"https:\\\/\\\/www.fleckscore.com\\\/factbox\\\/#breadcrumb\",\"itemListElement\":[{\"@type\":\"ListItem\",\"position\":1,\"name\":\"Startseite\",\"item\":\"https:\\\/\\\/www.fleckscore.com\\\/\"},{\"@type\":\"ListItem\",\"position\":2,\"name\":\"FACTBOX\"}]},{\"@type\":\"WebSite\",\"@id\":\"https:\\\/\\\/www.fleckscore.com\\\/#website\",\"url\":\"https:\\\/\\\/www.fleckscore.com\\\/\",\"name\":\"Fleckscore\",\"description\":\"Eine weitere WordPress-Website\",\"potentialAction\":[{\"@type\":\"SearchAction\",\"target\":{\"@type\":\"EntryPoint\",\"urlTemplate\":\"https:\\\/\\\/www.fleckscore.com\\\/?s={search_term_string}\"},\"query-input\":{\"@type\":\"PropertyValueSpecification\",\"valueRequired\":true,\"valueName\":\"search_term_string\"}}],\"inLanguage\":\"sk-SK\"}]}<\/script>\n<!-- \/ Yoast SEO plugin. -->","yoast_head_json":{"title":"FACTBOX - Fleckscore","robots":{"index":"index","follow":"follow","max-snippet":"max-snippet:-1","max-image-preview":"max-image-preview:large","max-video-preview":"max-video-preview:-1"},"canonical":"https:\/\/www.fleckscore.com\/factbox\/","og_locale":"sk_SK","og_type":"article","og_title":"FACTBOX - Fleckscore","og_url":"https:\/\/www.fleckscore.com\/factbox\/","og_site_name":"Fleckscore","article_modified_time":"2023-04-19T08:45:42+00:00","twitter_card":"summary_large_image","twitter_misc":{"Predpokladan\u00fd \u010das \u010d\u00edtania":"2 min\u00faty"},"schema":{"@context":"https:\/\/schema.org","@graph":[{"@type":"WebPage","@id":"https:\/\/www.fleckscore.com\/factbox\/","url":"https:\/\/www.fleckscore.com\/factbox\/","name":"FACTBOX - Fleckscore","isPartOf":{"@id":"https:\/\/www.fleckscore.com\/#website"},"datePublished":"2020-11-03T10:56:46+00:00","dateModified":"2023-04-19T08:45:42+00:00","breadcrumb":{"@id":"https:\/\/www.fleckscore.com\/factbox\/#breadcrumb"},"inLanguage":"sk-SK","potentialAction":[{"@type":"ReadAction","target":["https:\/\/www.fleckscore.com\/factbox\/"]}]},{"@type":"BreadcrumbList","@id":"https:\/\/www.fleckscore.com\/factbox\/#breadcrumb","itemListElement":[{"@type":"ListItem","position":1,"name":"Startseite","item":"https:\/\/www.fleckscore.com\/"},{"@type":"ListItem","position":2,"name":"FACTBOX"}]},{"@type":"WebSite","@id":"https:\/\/www.fleckscore.com\/#website","url":"https:\/\/www.fleckscore.com\/","name":"Fleckscore","description":"Eine weitere WordPress-Website","potentialAction":[{"@type":"SearchAction","target":{"@type":"EntryPoint","urlTemplate":"https:\/\/www.fleckscore.com\/?s={search_term_string}"},"query-input":{"@type":"PropertyValueSpecification","valueRequired":true,"valueName":"search_term_string"}}],"inLanguage":"sk-SK"}]}},"_links":{"self":[{"href":"https:\/\/www.fleckscore.com\/sk\/wp-json\/wp\/v2\/pages\/1400","targetHints":{"allow":["GET"]}}],"collection":[{"href":"https:\/\/www.fleckscore.com\/sk\/wp-json\/wp\/v2\/pages"}],"about":[{"href":"https:\/\/www.fleckscore.com\/sk\/wp-json\/wp\/v2\/types\/page"}],"author":[{"embeddable":true,"href":"https:\/\/www.fleckscore.com\/sk\/wp-json\/wp\/v2\/users\/1"}],"replies":[{"embeddable":true,"href":"https:\/\/www.fleckscore.com\/sk\/wp-json\/wp\/v2\/comments?post=1400"}],"version-history":[{"count":3,"href":"https:\/\/www.fleckscore.com\/sk\/wp-json\/wp\/v2\/pages\/1400\/revisions"}],"predecessor-version":[{"id":7493,"href":"https:\/\/www.fleckscore.com\/sk\/wp-json\/wp\/v2\/pages\/1400\/revisions\/7493"}],"wp:attachment":[{"href":"https:\/\/www.fleckscore.com\/sk\/wp-json\/wp\/v2\/media?parent=1400"}],"curies":[{"name":"wp","href":"https:\/\/api.w.org\/{rel}","templated":true}]}}