{"id":1969,"date":"2020-11-03T12:01:31","date_gmt":"2020-11-03T11:01:31","guid":{"rendered":"http:\/\/fscore.indesign.at\/merkmale\/berechnung-der-gesamtnoten\/euter\/"},"modified":"2022-03-10T09:26:47","modified_gmt":"2022-03-10T08:26:47","slug":"euter","status":"publish","type":"page","link":"https:\/\/www.fleckscore.com\/pl\/merkmale\/berechnung-der-gesamtnoten\/euter\/","title":{"rendered":"Wymi\u0119"},"content":{"rendered":"\n<style type=\"text\/css\" data-created_by=\"avia_inline_auto\" id=\"style-css-av-e855-fad686f58338fb7ae98faf7348ddf479\">\n.flex_column.av-e855-fad686f58338fb7ae98faf7348ddf479{\nborder-radius:0px 0px 0px 0px;\npadding:0px 0px 0px 0px;\n}\n<\/style>\n<div  class='flex_column av-e855-fad686f58338fb7ae98faf7348ddf479 av_one_full  avia-builder-el-0  el_before_av_two_fifth  avia-builder-el-first  first flex_column_div av-zero-column-padding  '     ><section  class='av_textblock_section av-khfxxx0p-b0cf7f416596106595a7e860870d1b8b '   itemscope=\"itemscope\" itemtype=\"https:\/\/schema.org\/CreativeWork\" ><div class='avia_textblock'  itemprop=\"text\" ><div id=\"c216\" class=\"frame default\">\n<h1 class=\"\">Sumaryczna ocena wymienia<\/h1>\n<\/div>\n<div id=\"c217\" class=\"frame default\">\n<p>Na ocen\u0119 sumaryczn\u0105 wymienia sk\u0142adaj\u0105 si\u0119 cz\u0105stkowe oceny 10 cech, kt\u00f3rych si\u0142a oddzia\u0142ywania na d\u0142ugo\u015b\u0107 u\u017cytkowania wyra\u017cona jest odpowiedni\u0105 wag\u0105 ekonomiczn\u0105. W ocenie sumarycznej wymienia, jej warto\u015b\u0107 podlega r\u00f3wnie\u017c obni\u017ceniu z powodu wyst\u0119powania zdefiniowanych wad budowy.<\/p>\n<p>Wagi ekonomiczne poszczeg\u00f3lnych cech budowy wymienia dla wyliczenia oceny sumarycznej:<\/p>\n<\/div>\n<\/div><\/section><\/div>\n\n<style type=\"text\/css\" data-created_by=\"avia_inline_auto\" id=\"style-css-av-3jt15-7ba289cef634c1aab7d44be48a71f26f\">\n.flex_column.av-3jt15-7ba289cef634c1aab7d44be48a71f26f{\nborder-radius:0px 0px 0px 0px;\npadding:0px 0px 0px 0px;\n}\n<\/style>\n<div  class='flex_column av-3jt15-7ba289cef634c1aab7d44be48a71f26f av_two_fifth  avia-builder-el-2  el_after_av_one_full  el_before_av_one_half  first flex_column_div av-zero-column-padding  column-top-margin'     ><style type=\"text\/css\" data-created_by=\"avia_inline_auto\" id=\"style-css-av-khfxyvuy-9b58b3f7e2342790407166b4cdcdf97c\">\n.avia-image-container.av-khfxyvuy-9b58b3f7e2342790407166b4cdcdf97c img.avia_image{\nbox-shadow:none;\n}\n.avia-image-container.av-khfxyvuy-9b58b3f7e2342790407166b4cdcdf97c .av-image-caption-overlay-center{\ncolor:#ffffff;\n}\n<\/style>\n<div  class='avia-image-container av-khfxyvuy-9b58b3f7e2342790407166b4cdcdf97c av-styling- av-img-linked avia-align-left  avia-builder-el-3  avia-builder-el-no-sibling '   itemprop=\"image\" itemscope=\"itemscope\" itemtype=\"https:\/\/schema.org\/ImageObject\" ><div class=\"avia-image-container-inner\"><div class=\"avia-image-overlay-wrap\"><a href=\"https:\/\/www.fleckscore.com\/wp-content\/uploads\/2021\/02\/Euter-Einzelmerkmale-neu.gif\" class='avia_image '  aria-label='Euter Einzelmerkmale neu'><img decoding=\"async\" fetchpriority=\"high\" class='wp-image-4733 avia-img-lazy-loading-not-4733 avia_image ' src=\"https:\/\/www.fleckscore.com\/wp-content\/uploads\/2021\/02\/Euter-Einzelmerkmale-neu.gif\" alt='' title='Euter Einzelmerkmale neu'  height=\"289\" width=\"365\"  itemprop=\"thumbnailUrl\"  \/><\/a><\/div><\/div><\/div><\/div>\n\n<style type=\"text\/css\" data-created_by=\"avia_inline_auto\" id=\"style-css-av-2y6bt-8e3b5778f27f2259087d707874fbc017\">\n.flex_column.av-2y6bt-8e3b5778f27f2259087d707874fbc017{\nborder-radius:0px 0px 0px 0px;\npadding:0px 0px 0px 0px;\n}\n<\/style>\n<div  class='flex_column av-2y6bt-8e3b5778f27f2259087d707874fbc017 av_one_half  avia-builder-el-4  el_after_av_two_fifth  el_before_av_heading  flex_column_div av-zero-column-padding  column-top-margin'     ><style type=\"text\/css\" data-created_by=\"avia_inline_auto\" id=\"style-css-av-khfxyvuy-1761d747391f920e4e9a225364a6aa8d\">\n.avia-image-container.av-khfxyvuy-1761d747391f920e4e9a225364a6aa8d img.avia_image{\nbox-shadow:none;\n}\n.avia-image-container.av-khfxyvuy-1761d747391f920e4e9a225364a6aa8d .av-image-caption-overlay-center{\ncolor:#ffffff;\n}\n<\/style>\n<div  class='avia-image-container av-khfxyvuy-1761d747391f920e4e9a225364a6aa8d av-styling- av-img-linked avia-align-left  avia-builder-el-5  avia-builder-el-no-sibling '   itemprop=\"image\" itemscope=\"itemscope\" itemtype=\"https:\/\/schema.org\/ImageObject\" ><div class=\"avia-image-container-inner\"><div class=\"avia-image-overlay-wrap\"><a href=\"https:\/\/www.fleckscore.com\/wp-content\/uploads\/2021\/02\/Euter-3.jpg\" data-srcset=\"https:\/\/www.fleckscore.com\/wp-content\/uploads\/2021\/02\/Euter-3.jpg 865w, https:\/\/www.fleckscore.com\/wp-content\/uploads\/2021\/02\/Euter-3-300x183.jpg 300w, https:\/\/www.fleckscore.com\/wp-content\/uploads\/2021\/02\/Euter-3-768x470.jpg 768w, https:\/\/www.fleckscore.com\/wp-content\/uploads\/2021\/02\/Euter-3-705x431.jpg 705w\" data-sizes=\"(max-width: 865px) 100vw, 865px\" class='avia_image '  aria-label='Euter'><img decoding=\"async\" fetchpriority=\"high\" class='wp-image-4749 avia-img-lazy-loading-not-4749 avia_image ' src=\"https:\/\/www.fleckscore.com\/wp-content\/uploads\/2021\/02\/Euter-3.jpg\" alt='' title='Euter'  height=\"529\" width=\"865\"  itemprop=\"thumbnailUrl\" srcset=\"https:\/\/www.fleckscore.com\/wp-content\/uploads\/2021\/02\/Euter-3.jpg 865w, https:\/\/www.fleckscore.com\/wp-content\/uploads\/2021\/02\/Euter-3-300x183.jpg 300w, https:\/\/www.fleckscore.com\/wp-content\/uploads\/2021\/02\/Euter-3-768x470.jpg 768w, https:\/\/www.fleckscore.com\/wp-content\/uploads\/2021\/02\/Euter-3-705x431.jpg 705w\" sizes=\"(max-width: 865px) 100vw, 865px\" \/><\/a><\/div><\/div><\/div><\/div>\n\n<style type=\"text\/css\" data-created_by=\"avia_inline_auto\" id=\"style-css-av-28zf81-553d0bf7ed1034f5d8df8e914ee919a7\">\n#top .av-special-heading.av-28zf81-553d0bf7ed1034f5d8df8e914ee919a7{\npadding-bottom:10px;\n}\nbody .av-special-heading.av-28zf81-553d0bf7ed1034f5d8df8e914ee919a7 .av-special-heading-tag .heading-char{\nfont-size:25px;\n}\n.av-special-heading.av-28zf81-553d0bf7ed1034f5d8df8e914ee919a7 .av-subheading{\nfont-size:15px;\n}\n<\/style>\n<div  class='av-special-heading av-28zf81-553d0bf7ed1034f5d8df8e914ee919a7 av-special-heading-h3  avia-builder-el-6  el_after_av_one_half  el_before_av_one_half '><h3 class='av-special-heading-tag '  itemprop=\"headline\"  >Wady<\/h3><div class=\"special-heading-border\"><div class=\"special-heading-inner-border\"><\/div><\/div><\/div>\n\n<style type=\"text\/css\" data-created_by=\"avia_inline_auto\" id=\"style-css-av-2afe1-bf642ae45a1332dde3c6ba6de976245f\">\n.flex_column.av-2afe1-bf642ae45a1332dde3c6ba6de976245f{\nborder-radius:0px 0px 0px 0px;\npadding:0px 0px 0px 0px;\n}\n<\/style>\n<div  class='flex_column av-2afe1-bf642ae45a1332dde3c6ba6de976245f av_one_half  avia-builder-el-7  el_after_av_heading  el_before_av_one_half  first flex_column_div av-zero-column-padding  '     ><section  class='av_textblock_section av-khfxxx0p-213f3b7084f217b4f13f4b50f066e86a '   itemscope=\"itemscope\" itemtype=\"https:\/\/schema.org\/CreativeWork\" ><div class='avia_textblock'  itemprop=\"text\" ><ul>\n<li>Obrz\u0119k wymienia<\/li>\n<li>Wymi\u0119 pi\u0119trowe<\/li>\n<li>kr\u00f3tkie tylne strzyki<\/li>\n<\/ul>\n<\/div><\/section><\/div>\n<style type=\"text\/css\" data-created_by=\"avia_inline_auto\" id=\"style-css-av-1hgvh-3b8bdbe96ae8a46ca3db8cc95d340e8b\">\n.flex_column.av-1hgvh-3b8bdbe96ae8a46ca3db8cc95d340e8b{\nborder-radius:0px 0px 0px 0px;\npadding:0px 0px 0px 0px;\n}\n<\/style>\n<div  class='flex_column av-1hgvh-3b8bdbe96ae8a46ca3db8cc95d340e8b av_one_half  avia-builder-el-9  el_after_av_one_half  el_before_av_one_full  flex_column_div av-zero-column-padding  '     ><section  class='av_textblock_section av-khfxxx0p-b0cf7f416596106595a7e860870d1b8b '   itemscope=\"itemscope\" itemtype=\"https:\/\/schema.org\/CreativeWork\" ><div class='avia_textblock'  itemprop=\"text\" ><ul>\n<li>Uszkodzone tkanki strzyk\u00f3w<\/li>\n<li>Przednie strzyki rozstawione na zewn\u0105trz<\/li>\n<li>Strzyki przednie przesuni\u0119te do przodu<\/li>\n<\/ul>\n<\/div><\/section><\/div><\/p>\n\n<style type=\"text\/css\" data-created_by=\"avia_inline_auto\" id=\"style-css-av-13rct-6492037f4de6afb4847fa7a42a1eadfc\">\n.flex_column.av-13rct-6492037f4de6afb4847fa7a42a1eadfc{\nborder-radius:0px 0px 0px 0px;\npadding:0px 0px 0px 0px;\n}\n<\/style>\n<div  class='flex_column av-13rct-6492037f4de6afb4847fa7a42a1eadfc av_one_full  avia-builder-el-11  el_after_av_one_half  avia-builder-el-last  first flex_column_div av-zero-column-padding  column-top-margin'     ><style type=\"text\/css\" data-created_by=\"avia_inline_auto\" id=\"style-css-av-khfxyvuy-431758989a45754b95b5c2fa9e3f26c6\">\n.avia-image-container.av-khfxyvuy-431758989a45754b95b5c2fa9e3f26c6 img.avia_image{\nbox-shadow:none;\n}\n.avia-image-container.av-khfxyvuy-431758989a45754b95b5c2fa9e3f26c6 .av-image-caption-overlay-center{\ncolor:#ffffff;\n}\n<\/style>\n<div  class='avia-image-container av-khfxyvuy-431758989a45754b95b5c2fa9e3f26c6 av-styling- av-img-linked avia-align-left  avia-builder-el-12  avia-builder-el-no-sibling '   itemprop=\"image\" itemscope=\"itemscope\" itemtype=\"https:\/\/schema.org\/ImageObject\" ><div class=\"avia-image-container-inner\"><div class=\"avia-image-overlay-wrap\"><a href=\"https:\/\/www.fleckscore.com\/wp-content\/uploads\/2021\/02\/Punktetabelle-Fundament-und-Euter.jpg\" data-srcset=\"https:\/\/www.fleckscore.com\/wp-content\/uploads\/2021\/02\/Punktetabelle-Fundament-und-Euter.jpg 814w, https:\/\/www.fleckscore.com\/wp-content\/uploads\/2021\/02\/Punktetabelle-Fundament-und-Euter-300x31.jpg 300w, https:\/\/www.fleckscore.com\/wp-content\/uploads\/2021\/02\/Punktetabelle-Fundament-und-Euter-768x79.jpg 768w, https:\/\/www.fleckscore.com\/wp-content\/uploads\/2021\/02\/Punktetabelle-Fundament-und-Euter-705x73.jpg 705w\" data-sizes=\"(max-width: 814px) 100vw, 814px\" class='avia_image '  aria-label='Punktetabelle Fundament und Euter'><img decoding=\"async\" fetchpriority=\"high\" class='wp-image-4766 avia-img-lazy-loading-not-4766 avia_image ' src=\"https:\/\/www.fleckscore.com\/wp-content\/uploads\/2021\/02\/Punktetabelle-Fundament-und-Euter.jpg\" alt='' title='Punktetabelle Fundament und Euter'  height=\"84\" width=\"814\"  itemprop=\"thumbnailUrl\" srcset=\"https:\/\/www.fleckscore.com\/wp-content\/uploads\/2021\/02\/Punktetabelle-Fundament-und-Euter.jpg 814w, https:\/\/www.fleckscore.com\/wp-content\/uploads\/2021\/02\/Punktetabelle-Fundament-und-Euter-300x31.jpg 300w, https:\/\/www.fleckscore.com\/wp-content\/uploads\/2021\/02\/Punktetabelle-Fundament-und-Euter-768x79.jpg 768w, https:\/\/www.fleckscore.com\/wp-content\/uploads\/2021\/02\/Punktetabelle-Fundament-und-Euter-705x73.jpg 705w\" sizes=\"(max-width: 814px) 100vw, 814px\" \/><\/a><\/div><\/div><\/div><\/div>\n","protected":false},"excerpt":{"rendered":"","protected":false},"author":1,"featured_media":0,"parent":1823,"menu_order":4,"comment_status":"closed","ping_status":"closed","template":"","meta":{"footnotes":""},"class_list":["post-1969","page","type-page","status-publish","hentry"],"yoast_head":"<!-- This site is optimized with the Yoast SEO plugin v27.4 - https:\/\/yoast.com\/product\/yoast-seo-wordpress\/ -->\n<title>Wymi\u0119 - Fleckscore<\/title>\n<meta name=\"robots\" content=\"index, follow, max-snippet:-1, max-image-preview:large, max-video-preview:-1\" \/>\n<link rel=\"canonical\" href=\"https:\/\/www.fleckscore.com\/pl\/merkmale\/berechnung-der-gesamtnoten\/euter\/\" \/>\n<meta property=\"og:locale\" content=\"pl_PL\" \/>\n<meta property=\"og:type\" content=\"article\" \/>\n<meta property=\"og:title\" content=\"Wymi\u0119 - Fleckscore\" \/>\n<meta property=\"og:url\" content=\"https:\/\/www.fleckscore.com\/pl\/merkmale\/berechnung-der-gesamtnoten\/euter\/\" \/>\n<meta property=\"og:site_name\" content=\"Fleckscore\" \/>\n<meta property=\"article:modified_time\" content=\"2022-03-10T08:26:47+00:00\" \/>\n<meta name=\"twitter:card\" content=\"summary_large_image\" \/>\n<meta name=\"twitter:label1\" content=\"Szacowany czas czytania\" \/>\n\t<meta name=\"twitter:data1\" content=\"3 minuty\" \/>\n<script type=\"application\/ld+json\" class=\"yoast-schema-graph\">{\"@context\":\"https:\\\/\\\/schema.org\",\"@graph\":[{\"@type\":\"WebPage\",\"@id\":\"https:\\\/\\\/www.fleckscore.com\\\/pl\\\/merkmale\\\/berechnung-der-gesamtnoten\\\/euter\\\/\",\"url\":\"https:\\\/\\\/www.fleckscore.com\\\/pl\\\/merkmale\\\/berechnung-der-gesamtnoten\\\/euter\\\/\",\"name\":\"Wymi\u0119 - Fleckscore\",\"isPartOf\":{\"@id\":\"https:\\\/\\\/www.fleckscore.com\\\/#website\"},\"datePublished\":\"2020-11-03T11:01:31+00:00\",\"dateModified\":\"2022-03-10T08:26:47+00:00\",\"breadcrumb\":{\"@id\":\"https:\\\/\\\/www.fleckscore.com\\\/pl\\\/merkmale\\\/berechnung-der-gesamtnoten\\\/euter\\\/#breadcrumb\"},\"inLanguage\":\"pl-PL\",\"potentialAction\":[{\"@type\":\"ReadAction\",\"target\":[\"https:\\\/\\\/www.fleckscore.com\\\/pl\\\/merkmale\\\/berechnung-der-gesamtnoten\\\/euter\\\/\"]}]},{\"@type\":\"BreadcrumbList\",\"@id\":\"https:\\\/\\\/www.fleckscore.com\\\/pl\\\/merkmale\\\/berechnung-der-gesamtnoten\\\/euter\\\/#breadcrumb\",\"itemListElement\":[{\"@type\":\"ListItem\",\"position\":1,\"name\":\"Startseite\",\"item\":\"https:\\\/\\\/www.fleckscore.com\\\/\"},{\"@type\":\"ListItem\",\"position\":2,\"name\":\"CECHA\",\"item\":\"https:\\\/\\\/www.fleckscore.com\\\/pl\\\/merkmale\\\/\"},{\"@type\":\"ListItem\",\"position\":3,\"name\":\"Wyliczenie oceny sumarycznej\",\"item\":\"https:\\\/\\\/www.fleckscore.com\\\/pl\\\/merkmale\\\/berechnung-der-gesamtnoten\\\/\"},{\"@type\":\"ListItem\",\"position\":4,\"name\":\"Wymi\u0119\"}]},{\"@type\":\"WebSite\",\"@id\":\"https:\\\/\\\/www.fleckscore.com\\\/#website\",\"url\":\"https:\\\/\\\/www.fleckscore.com\\\/\",\"name\":\"Fleckscore\",\"description\":\"Eine weitere WordPress-Website\",\"potentialAction\":[{\"@type\":\"SearchAction\",\"target\":{\"@type\":\"EntryPoint\",\"urlTemplate\":\"https:\\\/\\\/www.fleckscore.com\\\/?s={search_term_string}\"},\"query-input\":{\"@type\":\"PropertyValueSpecification\",\"valueRequired\":true,\"valueName\":\"search_term_string\"}}],\"inLanguage\":\"pl-PL\"}]}<\/script>\n<!-- \/ Yoast SEO plugin. -->","yoast_head_json":{"title":"Wymi\u0119 - Fleckscore","robots":{"index":"index","follow":"follow","max-snippet":"max-snippet:-1","max-image-preview":"max-image-preview:large","max-video-preview":"max-video-preview:-1"},"canonical":"https:\/\/www.fleckscore.com\/pl\/merkmale\/berechnung-der-gesamtnoten\/euter\/","og_locale":"pl_PL","og_type":"article","og_title":"Wymi\u0119 - Fleckscore","og_url":"https:\/\/www.fleckscore.com\/pl\/merkmale\/berechnung-der-gesamtnoten\/euter\/","og_site_name":"Fleckscore","article_modified_time":"2022-03-10T08:26:47+00:00","twitter_card":"summary_large_image","twitter_misc":{"Szacowany czas czytania":"3 minuty"},"schema":{"@context":"https:\/\/schema.org","@graph":[{"@type":"WebPage","@id":"https:\/\/www.fleckscore.com\/pl\/merkmale\/berechnung-der-gesamtnoten\/euter\/","url":"https:\/\/www.fleckscore.com\/pl\/merkmale\/berechnung-der-gesamtnoten\/euter\/","name":"Wymi\u0119 - Fleckscore","isPartOf":{"@id":"https:\/\/www.fleckscore.com\/#website"},"datePublished":"2020-11-03T11:01:31+00:00","dateModified":"2022-03-10T08:26:47+00:00","breadcrumb":{"@id":"https:\/\/www.fleckscore.com\/pl\/merkmale\/berechnung-der-gesamtnoten\/euter\/#breadcrumb"},"inLanguage":"pl-PL","potentialAction":[{"@type":"ReadAction","target":["https:\/\/www.fleckscore.com\/pl\/merkmale\/berechnung-der-gesamtnoten\/euter\/"]}]},{"@type":"BreadcrumbList","@id":"https:\/\/www.fleckscore.com\/pl\/merkmale\/berechnung-der-gesamtnoten\/euter\/#breadcrumb","itemListElement":[{"@type":"ListItem","position":1,"name":"Startseite","item":"https:\/\/www.fleckscore.com\/"},{"@type":"ListItem","position":2,"name":"CECHA","item":"https:\/\/www.fleckscore.com\/pl\/merkmale\/"},{"@type":"ListItem","position":3,"name":"Wyliczenie oceny sumarycznej","item":"https:\/\/www.fleckscore.com\/pl\/merkmale\/berechnung-der-gesamtnoten\/"},{"@type":"ListItem","position":4,"name":"Wymi\u0119"}]},{"@type":"WebSite","@id":"https:\/\/www.fleckscore.com\/#website","url":"https:\/\/www.fleckscore.com\/","name":"Fleckscore","description":"Eine weitere WordPress-Website","potentialAction":[{"@type":"SearchAction","target":{"@type":"EntryPoint","urlTemplate":"https:\/\/www.fleckscore.com\/?s={search_term_string}"},"query-input":{"@type":"PropertyValueSpecification","valueRequired":true,"valueName":"search_term_string"}}],"inLanguage":"pl-PL"}]}},"_links":{"self":[{"href":"https:\/\/www.fleckscore.com\/pl\/wp-json\/wp\/v2\/pages\/1969","targetHints":{"allow":["GET"]}}],"collection":[{"href":"https:\/\/www.fleckscore.com\/pl\/wp-json\/wp\/v2\/pages"}],"about":[{"href":"https:\/\/www.fleckscore.com\/pl\/wp-json\/wp\/v2\/types\/page"}],"author":[{"embeddable":true,"href":"https:\/\/www.fleckscore.com\/pl\/wp-json\/wp\/v2\/users\/1"}],"replies":[{"embeddable":true,"href":"https:\/\/www.fleckscore.com\/pl\/wp-json\/wp\/v2\/comments?post=1969"}],"version-history":[{"count":9,"href":"https:\/\/www.fleckscore.com\/pl\/wp-json\/wp\/v2\/pages\/1969\/revisions"}],"predecessor-version":[{"id":8820,"href":"https:\/\/www.fleckscore.com\/pl\/wp-json\/wp\/v2\/pages\/1969\/revisions\/8820"}],"up":[{"embeddable":true,"href":"https:\/\/www.fleckscore.com\/pl\/wp-json\/wp\/v2\/pages\/1823"}],"wp:attachment":[{"href":"https:\/\/www.fleckscore.com\/pl\/wp-json\/wp\/v2\/media?parent=1969"}],"curies":[{"name":"wp","href":"https:\/\/api.w.org\/{rel}","templated":true}]}}