{"id":1756,"date":"2020-11-03T11:58:30","date_gmt":"2020-11-03T10:58:30","guid":{"rendered":"http:\/\/fscore.indesign.at\/merkmale\/funktionsweise-und-nutzen\/"},"modified":"2021-06-16T08:53:11","modified_gmt":"2021-06-16T06:53:11","slug":"funktionsweise-und-nutzen","status":"publish","type":"page","link":"https:\/\/www.fleckscore.com\/pl\/merkmale\/funktionsweise-und-nutzen\/","title":{"rendered":"Instrukcja do przeprowadzenia oceny"},"content":{"rendered":"\n<style type=\"text\/css\" data-created_by=\"avia_inline_auto\" id=\"style-css-av-1ee2b-858500bcaae0a96fe12480d00835a0c3\">\n.flex_column.av-1ee2b-858500bcaae0a96fe12480d00835a0c3{\nborder-radius:0px 0px 0px 0px;\npadding:0px 0px 0px 0px;\n}\n<\/style>\n<div  class='flex_column av-1ee2b-858500bcaae0a96fe12480d00835a0c3 av_one_full  avia-builder-el-0  el_before_av_one_full  avia-builder-el-first  first flex_column_div av-zero-column-padding  '     ><section  class='av_textblock_section av-khenru7t-028b310ecf0159a12fec320218f7dd1a '   itemscope=\"itemscope\" itemtype=\"https:\/\/schema.org\/CreativeWork\" ><div class='avia_textblock'  itemprop=\"text\" ><h2>Funkcje programu i ich wykorzystanie<\/h2>\n<p>Bardzo wa\u017cnym parametrem jako\u015bciowym programu FleckScore jest uzyskanie oceny sumarycznej budowy cia\u0142a zwierz\u0119cia z ocen cz\u0105stkowych i opisu wad, na kt\u00f3re sk\u0142adaj\u0105 si\u0119 ca\u0142o\u015bciowa ocena ramy cia\u0142a (k\u0142ody), budowy ko\u0144czyn i racic oraz wymienia. Udost\u0119pniony hodowcom program oceny budowy cia\u0142a zwierz\u0119cia jest praktycznym narz\u0119dziem umo\u017cliwiaj\u0105cym im, jak r\u00f3wnie\u017c uczniom szk\u00f3\u0142 rolniczych, przeprowadzenie takiej oceny we w\u0142asnym stadzie i doskonalenie jej w praktyce hodowlanej.<\/p>\n<p>Informacje dotycz\u0105ce poszczeg\u00f3lnych cech budowy i ich wad s\u0105 dost\u0119pne dzi\u0119ki ikonkom informacyjnym zainstalowanym na interfejsie (w menu) programu. Opis liniowych cech budowy cia\u0142a zawiera si\u0119 w skali ocen od 1 do 9, a wady okre\u015bla si\u0119 za pomoc\u0105 odchylenia od tej oceny w skali od 1 do 2 punkt\u00f3w. Program (system) wylicza proponowan\u0105 ocen\u0119 na podstawie wprowadzonych ocen cz\u0105stkowych, kt\u00f3re s\u0105 poprawione na d\u0142ugo\u015b\u0107 u\u017cytkowania ocenianego zwierz\u0119cia. Dodatkowe informacje na ten temat zawarte s\u0105 w menu programu pod ikonk\u0105 \u201eWyliczenie oceny sumarycznej\u201c. Proponowana przez program warto\u015b\u0107 oceny budowy n\u00f3g i racic oraz wymienia mo\u017ce by\u0107 zaakceptowana przez oceniaj\u0105cego lub poprawiona w zakresie +\/- 3 punkt\u00f3w. W ten spos\u00f3b oko oceniaj\u0105cego ma wp\u0142yw na proponowan\u0105 ocen\u0119 i uwzgl\u0119dnienie w niej specyficznych cech budowy ocenianego zwierz\u0119cia. \u015arednia populacji odpowiada niezale\u017cnie od oceny laktacji oko\u0142o 80 punktom przy skali ocen od 68 do 93 punkt\u00f3w u pierwiastek i bardziej rozszerzonej skali ocen u wielor\u00f3dek.<\/p>\n<p>Dzi\u0119ki programowi oceny dzia\u0142aj\u0105cemu on-line jest mo\u017cliwe przeprowadzenie oceny kr\u00f3w w r\u00f3\u017cnym wieku. Otrzymane oceny b\u0119d\u0105 wys\u0142ane na podany przez u\u017cytkownika adres mailowy, zapami\u0119tane na dysku i wykorzystane do dalszych analiz.<\/p>\n<p>Jako us\u0142ug\u0119 specjaln\u0105 uruchomiono dla uczni\u00f3w i organizacji hodowlanych, w celu uczestnictwa w zawodach liniowej oceny budowy cia\u0142a zwierz\u0119cia, program do jej przeprowadzenia. Dzi\u0119ki niemu wystawione przez u\u017cytkownik\u00f3w oceny znajd\u0105 si\u0119, po przes\u0142aniu na okre\u015blony adres mailowy, w odpowiednim strumieniu danych, kt\u00f3ry w programie weryfikuj\u0105cym b\u0119dzie dalej analizowany. Umo\u017cliwia to otrzymanie opisu budowy cia\u0142a wykonanego przez uczestnika zawod\u00f3w, kt\u00f3ry w programie oceny b\u0119dzie si\u0119 odnosi\u0142 do \u015bredniego poziomu ocen pozosta\u0142ych uczestnik\u00f3w w celu por\u00f3wnania i obliczenia wielko\u015bci odchylenia ka\u017cdej indywidualnej oceny. Ten program jest dost\u0119pny u in\u017c. <a href=\"mailto:gerald.pollak@noegen.at\">Ing. Gerald Pollak<\/a>.<\/p>\n<\/div><\/section><br \/>\n\n<style type=\"text\/css\" data-created_by=\"avia_inline_auto\" id=\"style-css-av-khenru7t-ae259b900ccd6398bdbdda47e1c0529a\">\n#top .av_textblock_section.av-khenru7t-ae259b900ccd6398bdbdda47e1c0529a .avia_textblock{\ncolor:#000000;\n}\n<\/style>\n<section  class='av_textblock_section av-khenru7t-ae259b900ccd6398bdbdda47e1c0529a '   itemscope=\"itemscope\" itemtype=\"https:\/\/schema.org\/CreativeWork\" ><div class='avia_textblock av_inherit_color'  itemprop=\"text\" ><h2><b>Wprowadzenie do wype\u0142nienia p\u00f3l w menu programu<\/b><\/h2>\n<ol>\n<li><b>Wype\u0142nianie obowi\u0105zkowych p\u00f3l w celu identyfikacji<\/b>:<br \/>\nSzczeg\u00f3lnie wa\u017cne jest prawid\u0142owe podanie numeru laktacji, poniewa\u017c uzale\u017cnione jest od tego obliczenie wyniku oceny dla cech zwi\u0105zanych z u\u017cytkowo\u015bci\u0105 mleczn\u0105. System dostarcza opis budowy cia\u0142a z uwzgl\u0119dnieniem laktacji i odchylenia od \u015bredniej populacji oraz rozwoju somatycznego krowy. Dzi\u0119ki podaniu adresu mailowego w skrzynce pocztowej pojawi\u0105 si\u0119 wyniki przeprowadzonej oceny.<\/li>\n<li><b>Wype\u0142nianie obowi\u0105zkowych p\u00f3l opisu poszczeg\u00f3lnych cech i mo\u017cliwych wad budowy<\/b><\/li>\n<li><strong>Potwierdzanie albo zmiana oceny sumarycznej indeksu budowy n\u00f3g i racic oraz wymienia<\/strong><\/li>\n<li><b>Ikonka \u201eWy\u015blij teraz\u201c<\/b><\/li>\n<\/ol>\n<p>Dzi\u0119ki temu wprowadzone oceny budowy cia\u0142a zostan\u0105 wys\u0142ane na podany adres mailowy.<\/p>\n<p>Dalsze pytania dotycz\u0105ce systemu FleckScore i wykorzystania programu oceny on-line mo\u017cna przes\u0142a\u0107 na podany w opisie adres mailowy znajduj\u0105cy si\u0119 w menu programu pod ikonk\u0105 \u201e<a href=\"https:\/\/www.fleckscore.com\/pl\/kontakt\/\" target=\"_blank\" rel=\"noopener\">Kontakt<\/a>\u201c.<\/p>\n<div class=\"col-sm-4 col-lg-3 newsbox\">\n<aside>\n<div class=\"tx-dce-pi1\">\n<div class=\"boxaktuelles\">\n<div class=\"boxcontent\">\n<div class=\"boxinnen\"><\/div>\n<\/div>\n<\/div>\n<\/div>\n<\/aside>\n<\/div>\n<\/div><\/section><\/p><\/div>\n<style type=\"text\/css\" data-created_by=\"avia_inline_auto\" id=\"style-css-av-swon-7597d032922ce4ca0f69960ab22d7fc7\">\n.flex_column.av-swon-7597d032922ce4ca0f69960ab22d7fc7{\nborder-radius:0px 0px 0px 0px;\npadding:0px 0px 0px 0px;\n}\n<\/style>\n<div  class='flex_column av-swon-7597d032922ce4ca0f69960ab22d7fc7 av_one_full  avia-builder-el-3  el_after_av_one_full  avia-builder-el-last  first flex_column_div av-zero-column-padding  column-top-margin'     ><\/div><\/p>\n","protected":false},"excerpt":{"rendered":"","protected":false},"author":1,"featured_media":0,"parent":1623,"menu_order":3,"comment_status":"closed","ping_status":"closed","template":"","meta":{"footnotes":""},"class_list":["post-1756","page","type-page","status-publish","hentry"],"yoast_head":"<!-- This site is optimized with the Yoast SEO plugin v27.4 - https:\/\/yoast.com\/product\/yoast-seo-wordpress\/ -->\n<title>Instrukcja do przeprowadzenia oceny - Fleckscore<\/title>\n<meta name=\"robots\" content=\"index, follow, max-snippet:-1, max-image-preview:large, max-video-preview:-1\" \/>\n<link rel=\"canonical\" href=\"https:\/\/www.fleckscore.com\/pl\/merkmale\/funktionsweise-und-nutzen\/\" \/>\n<meta property=\"og:locale\" content=\"pl_PL\" \/>\n<meta property=\"og:type\" content=\"article\" \/>\n<meta property=\"og:title\" content=\"Instrukcja do przeprowadzenia oceny - Fleckscore\" \/>\n<meta property=\"og:url\" content=\"https:\/\/www.fleckscore.com\/pl\/merkmale\/funktionsweise-und-nutzen\/\" \/>\n<meta property=\"og:site_name\" content=\"Fleckscore\" \/>\n<meta property=\"article:modified_time\" content=\"2021-06-16T06:53:11+00:00\" \/>\n<meta name=\"twitter:card\" content=\"summary_large_image\" \/>\n<meta name=\"twitter:label1\" content=\"Szacowany czas czytania\" \/>\n\t<meta name=\"twitter:data1\" content=\"3 minuty\" \/>\n<script type=\"application\/ld+json\" class=\"yoast-schema-graph\">{\"@context\":\"https:\\\/\\\/schema.org\",\"@graph\":[{\"@type\":\"WebPage\",\"@id\":\"https:\\\/\\\/www.fleckscore.com\\\/pl\\\/merkmale\\\/funktionsweise-und-nutzen\\\/\",\"url\":\"https:\\\/\\\/www.fleckscore.com\\\/pl\\\/merkmale\\\/funktionsweise-und-nutzen\\\/\",\"name\":\"Instrukcja do przeprowadzenia oceny - Fleckscore\",\"isPartOf\":{\"@id\":\"https:\\\/\\\/www.fleckscore.com\\\/#website\"},\"datePublished\":\"2020-11-03T10:58:30+00:00\",\"dateModified\":\"2021-06-16T06:53:11+00:00\",\"breadcrumb\":{\"@id\":\"https:\\\/\\\/www.fleckscore.com\\\/pl\\\/merkmale\\\/funktionsweise-und-nutzen\\\/#breadcrumb\"},\"inLanguage\":\"pl-PL\",\"potentialAction\":[{\"@type\":\"ReadAction\",\"target\":[\"https:\\\/\\\/www.fleckscore.com\\\/pl\\\/merkmale\\\/funktionsweise-und-nutzen\\\/\"]}]},{\"@type\":\"BreadcrumbList\",\"@id\":\"https:\\\/\\\/www.fleckscore.com\\\/pl\\\/merkmale\\\/funktionsweise-und-nutzen\\\/#breadcrumb\",\"itemListElement\":[{\"@type\":\"ListItem\",\"position\":1,\"name\":\"Startseite\",\"item\":\"https:\\\/\\\/www.fleckscore.com\\\/\"},{\"@type\":\"ListItem\",\"position\":2,\"name\":\"CECHA\",\"item\":\"https:\\\/\\\/www.fleckscore.com\\\/pl\\\/merkmale\\\/\"},{\"@type\":\"ListItem\",\"position\":3,\"name\":\"Instrukcja do przeprowadzenia oceny\"}]},{\"@type\":\"WebSite\",\"@id\":\"https:\\\/\\\/www.fleckscore.com\\\/#website\",\"url\":\"https:\\\/\\\/www.fleckscore.com\\\/\",\"name\":\"Fleckscore\",\"description\":\"Eine weitere WordPress-Website\",\"potentialAction\":[{\"@type\":\"SearchAction\",\"target\":{\"@type\":\"EntryPoint\",\"urlTemplate\":\"https:\\\/\\\/www.fleckscore.com\\\/?s={search_term_string}\"},\"query-input\":{\"@type\":\"PropertyValueSpecification\",\"valueRequired\":true,\"valueName\":\"search_term_string\"}}],\"inLanguage\":\"pl-PL\"}]}<\/script>\n<!-- \/ Yoast SEO plugin. -->","yoast_head_json":{"title":"Instrukcja do przeprowadzenia oceny - Fleckscore","robots":{"index":"index","follow":"follow","max-snippet":"max-snippet:-1","max-image-preview":"max-image-preview:large","max-video-preview":"max-video-preview:-1"},"canonical":"https:\/\/www.fleckscore.com\/pl\/merkmale\/funktionsweise-und-nutzen\/","og_locale":"pl_PL","og_type":"article","og_title":"Instrukcja do przeprowadzenia oceny - Fleckscore","og_url":"https:\/\/www.fleckscore.com\/pl\/merkmale\/funktionsweise-und-nutzen\/","og_site_name":"Fleckscore","article_modified_time":"2021-06-16T06:53:11+00:00","twitter_card":"summary_large_image","twitter_misc":{"Szacowany czas czytania":"3 minuty"},"schema":{"@context":"https:\/\/schema.org","@graph":[{"@type":"WebPage","@id":"https:\/\/www.fleckscore.com\/pl\/merkmale\/funktionsweise-und-nutzen\/","url":"https:\/\/www.fleckscore.com\/pl\/merkmale\/funktionsweise-und-nutzen\/","name":"Instrukcja do przeprowadzenia oceny - Fleckscore","isPartOf":{"@id":"https:\/\/www.fleckscore.com\/#website"},"datePublished":"2020-11-03T10:58:30+00:00","dateModified":"2021-06-16T06:53:11+00:00","breadcrumb":{"@id":"https:\/\/www.fleckscore.com\/pl\/merkmale\/funktionsweise-und-nutzen\/#breadcrumb"},"inLanguage":"pl-PL","potentialAction":[{"@type":"ReadAction","target":["https:\/\/www.fleckscore.com\/pl\/merkmale\/funktionsweise-und-nutzen\/"]}]},{"@type":"BreadcrumbList","@id":"https:\/\/www.fleckscore.com\/pl\/merkmale\/funktionsweise-und-nutzen\/#breadcrumb","itemListElement":[{"@type":"ListItem","position":1,"name":"Startseite","item":"https:\/\/www.fleckscore.com\/"},{"@type":"ListItem","position":2,"name":"CECHA","item":"https:\/\/www.fleckscore.com\/pl\/merkmale\/"},{"@type":"ListItem","position":3,"name":"Instrukcja do przeprowadzenia oceny"}]},{"@type":"WebSite","@id":"https:\/\/www.fleckscore.com\/#website","url":"https:\/\/www.fleckscore.com\/","name":"Fleckscore","description":"Eine weitere WordPress-Website","potentialAction":[{"@type":"SearchAction","target":{"@type":"EntryPoint","urlTemplate":"https:\/\/www.fleckscore.com\/?s={search_term_string}"},"query-input":{"@type":"PropertyValueSpecification","valueRequired":true,"valueName":"search_term_string"}}],"inLanguage":"pl-PL"}]}},"_links":{"self":[{"href":"https:\/\/www.fleckscore.com\/pl\/wp-json\/wp\/v2\/pages\/1756","targetHints":{"allow":["GET"]}}],"collection":[{"href":"https:\/\/www.fleckscore.com\/pl\/wp-json\/wp\/v2\/pages"}],"about":[{"href":"https:\/\/www.fleckscore.com\/pl\/wp-json\/wp\/v2\/types\/page"}],"author":[{"embeddable":true,"href":"https:\/\/www.fleckscore.com\/pl\/wp-json\/wp\/v2\/users\/1"}],"replies":[{"embeddable":true,"href":"https:\/\/www.fleckscore.com\/pl\/wp-json\/wp\/v2\/comments?post=1756"}],"version-history":[{"count":17,"href":"https:\/\/www.fleckscore.com\/pl\/wp-json\/wp\/v2\/pages\/1756\/revisions"}],"predecessor-version":[{"id":8623,"href":"https:\/\/www.fleckscore.com\/pl\/wp-json\/wp\/v2\/pages\/1756\/revisions\/8623"}],"up":[{"embeddable":true,"href":"https:\/\/www.fleckscore.com\/pl\/wp-json\/wp\/v2\/pages\/1623"}],"wp:attachment":[{"href":"https:\/\/www.fleckscore.com\/pl\/wp-json\/wp\/v2\/media?parent=1756"}],"curies":[{"name":"wp","href":"https:\/\/api.w.org\/{rel}","templated":true}]}}