{"id":1389,"date":"2020-11-03T11:56:46","date_gmt":"2020-11-03T10:56:46","guid":{"rendered":"http:\/\/fscore.indesign.at\/factbox\/"},"modified":"2023-04-19T10:45:42","modified_gmt":"2023-04-19T08:45:42","slug":"factbox","status":"publish","type":"page","link":"https:\/\/www.fleckscore.com\/pl\/factbox\/","title":{"rendered":"FACTBOX"},"content":{"rendered":"\n<style type=\"text\/css\" data-created_by=\"avia_inline_auto\" id=\"style-css-av-1ea7a-1b39c5293a978978e3fa4872a0d66068\">\n.flex_column.av-1ea7a-1b39c5293a978978e3fa4872a0d66068{\nborder-radius:0px 0px 0px 0px;\npadding:0px 0px 0px 0px;\n}\n<\/style>\n<div  class='flex_column av-1ea7a-1b39c5293a978978e3fa4872a0d66068 av_one_full  avia-builder-el-0  avia-builder-el-no-sibling  first flex_column_div av-zero-column-padding  '     ><p>\n<style type=\"text\/css\" data-created_by=\"avia_inline_auto\" id=\"style-css-av-kkgm96xx-f69ba8c68b3c4192088d590f0f6272fe\">\n#top .av-special-heading.av-kkgm96xx-f69ba8c68b3c4192088d590f0f6272fe{\npadding-bottom:10px;\n}\nbody .av-special-heading.av-kkgm96xx-f69ba8c68b3c4192088d590f0f6272fe .av-special-heading-tag .heading-char{\nfont-size:25px;\n}\n.av-special-heading.av-kkgm96xx-f69ba8c68b3c4192088d590f0f6272fe .av-subheading{\nfont-size:15px;\n}\n<\/style>\n<div  class='av-special-heading av-kkgm96xx-f69ba8c68b3c4192088d590f0f6272fe av-special-heading-h1  avia-builder-el-1  el_before_av_textblock  avia-builder-el-first '><h1 class='av-special-heading-tag '  itemprop=\"headline\"  >Fakty o programie FleckScore<\/h1><div class=\"special-heading-border\"><div class=\"special-heading-inner-border\"><\/div><\/div><\/div><br \/>\n<section  class='av_textblock_section av-kh20um3l-faee3f9f9229546f4e8506aeb97e376d '   itemscope=\"itemscope\" itemtype=\"https:\/\/schema.org\/CreativeWork\" ><div class='avia_textblock'  itemprop=\"text\" ><ul>\n<li>Celem liniowej oceny budowy cia\u0142a zwierz\u0105t rasy simentalskiej prowadzonej za pomoc\u0105 programu FleckScore jest mo\u017cliwie wczesne rozpoznanie i opisanie ka\u017cdej z cech budowy cia\u0142a, kt\u00f3re maj\u0105 pozytywny wp\u0142yw na d\u0142ugo\u015b\u0107 u\u017cytkowania i tworz\u0105 zbi\u00f3r danych potrzebnych do oszacowania warto\u015bci hodowlanej dla cech budowy cia\u0142a.<\/li>\n<li>Ocenianych jest w skali od 1 do 9 punkt\u00f3w 21 cech budowy cia\u0142a, kt\u00f3rych punktacja odzwierciedla jedn\u0105 skrajno\u015b\u0107 od drugiej.<\/li>\n<li>Publikowane s\u0105 sumaryczne oceny budowy ramy cia\u0142a (k\u0142ody), umi\u0119\u015bnienia, budowy n\u00f3g i racic oraz wymienia.<\/li>\n<li>W ocenie k\u0142ody, n\u00f3g i racic oraz wymienia z pojedynczo wyszczeg\u00f3lnionych cech budowy wylicza si\u0119 sumaryczny indeks.<\/li>\n<li>Waga ka\u017cdej z cech sk\u0142adaj\u0105cych si\u0119 na wynik oceny sumarycznej okre\u015blona jest na podstawie bada\u0144 naukowych prowadzonych nad optymalizacj\u0105 d\u0142ugo\u015bci u\u017cytkowania.<\/li>\n<li>W sumarycznej ocenie bierze si\u0119 pod uwag\u0119 specyfik\u0119 laktacji.<\/li>\n<li>Ocena sumaryczna wyra\u017cona jest w dwucyfrowej skali od 68 do 93 punkt\u00f3w dla pierwiastek z mo\u017cliwo\u015bci\u0105 rozszerzenia skali w g\u00f3r\u0119 dla kr\u00f3w wielor\u00f3dek.<\/li>\n<li>Przeci\u0119tne sumaryczne noty dla ocenianych cech w populacji odpowiadaj\u0105 warto\u015bci oko\u0142o 80 punkt\u00f3w.<\/li>\n<li>Wynik oceny liniowej budowy cia\u0142a w programie FleckScore uwzgl\u0119dnia kolejny numer laktacji i odchylenie od \u015bredniej populacji wzrostu somatycznego krowy.<\/li>\n<\/ul>\n<\/div><\/section><\/p><\/div>\n","protected":false},"excerpt":{"rendered":"","protected":false},"author":1,"featured_media":0,"parent":0,"menu_order":38,"comment_status":"closed","ping_status":"closed","template":"","meta":{"footnotes":""},"class_list":["post-1389","page","type-page","status-publish","hentry"],"yoast_head":"<!-- This site is optimized with the Yoast SEO plugin v27.4 - https:\/\/yoast.com\/product\/yoast-seo-wordpress\/ -->\n<title>FACTBOX - Fleckscore<\/title>\n<meta name=\"robots\" content=\"index, follow, max-snippet:-1, max-image-preview:large, max-video-preview:-1\" \/>\n<link rel=\"canonical\" href=\"https:\/\/www.fleckscore.com\/factbox\/\" \/>\n<meta property=\"og:locale\" content=\"pl_PL\" \/>\n<meta property=\"og:type\" content=\"article\" \/>\n<meta property=\"og:title\" content=\"FACTBOX - Fleckscore\" \/>\n<meta property=\"og:url\" content=\"https:\/\/www.fleckscore.com\/factbox\/\" \/>\n<meta property=\"og:site_name\" content=\"Fleckscore\" \/>\n<meta property=\"article:modified_time\" content=\"2023-04-19T08:45:42+00:00\" \/>\n<meta name=\"twitter:card\" content=\"summary_large_image\" \/>\n<meta name=\"twitter:label1\" content=\"Szacowany czas czytania\" \/>\n\t<meta name=\"twitter:data1\" content=\"2 minuty\" \/>\n<script type=\"application\/ld+json\" class=\"yoast-schema-graph\">{\"@context\":\"https:\\\/\\\/schema.org\",\"@graph\":[{\"@type\":\"WebPage\",\"@id\":\"https:\\\/\\\/www.fleckscore.com\\\/factbox\\\/\",\"url\":\"https:\\\/\\\/www.fleckscore.com\\\/factbox\\\/\",\"name\":\"FACTBOX - Fleckscore\",\"isPartOf\":{\"@id\":\"https:\\\/\\\/www.fleckscore.com\\\/#website\"},\"datePublished\":\"2020-11-03T10:56:46+00:00\",\"dateModified\":\"2023-04-19T08:45:42+00:00\",\"breadcrumb\":{\"@id\":\"https:\\\/\\\/www.fleckscore.com\\\/factbox\\\/#breadcrumb\"},\"inLanguage\":\"pl-PL\",\"potentialAction\":[{\"@type\":\"ReadAction\",\"target\":[\"https:\\\/\\\/www.fleckscore.com\\\/factbox\\\/\"]}]},{\"@type\":\"BreadcrumbList\",\"@id\":\"https:\\\/\\\/www.fleckscore.com\\\/factbox\\\/#breadcrumb\",\"itemListElement\":[{\"@type\":\"ListItem\",\"position\":1,\"name\":\"Startseite\",\"item\":\"https:\\\/\\\/www.fleckscore.com\\\/\"},{\"@type\":\"ListItem\",\"position\":2,\"name\":\"FACTBOX\"}]},{\"@type\":\"WebSite\",\"@id\":\"https:\\\/\\\/www.fleckscore.com\\\/#website\",\"url\":\"https:\\\/\\\/www.fleckscore.com\\\/\",\"name\":\"Fleckscore\",\"description\":\"Eine weitere WordPress-Website\",\"potentialAction\":[{\"@type\":\"SearchAction\",\"target\":{\"@type\":\"EntryPoint\",\"urlTemplate\":\"https:\\\/\\\/www.fleckscore.com\\\/?s={search_term_string}\"},\"query-input\":{\"@type\":\"PropertyValueSpecification\",\"valueRequired\":true,\"valueName\":\"search_term_string\"}}],\"inLanguage\":\"pl-PL\"}]}<\/script>\n<!-- \/ Yoast SEO plugin. -->","yoast_head_json":{"title":"FACTBOX - Fleckscore","robots":{"index":"index","follow":"follow","max-snippet":"max-snippet:-1","max-image-preview":"max-image-preview:large","max-video-preview":"max-video-preview:-1"},"canonical":"https:\/\/www.fleckscore.com\/factbox\/","og_locale":"pl_PL","og_type":"article","og_title":"FACTBOX - Fleckscore","og_url":"https:\/\/www.fleckscore.com\/factbox\/","og_site_name":"Fleckscore","article_modified_time":"2023-04-19T08:45:42+00:00","twitter_card":"summary_large_image","twitter_misc":{"Szacowany czas czytania":"2 minuty"},"schema":{"@context":"https:\/\/schema.org","@graph":[{"@type":"WebPage","@id":"https:\/\/www.fleckscore.com\/factbox\/","url":"https:\/\/www.fleckscore.com\/factbox\/","name":"FACTBOX - Fleckscore","isPartOf":{"@id":"https:\/\/www.fleckscore.com\/#website"},"datePublished":"2020-11-03T10:56:46+00:00","dateModified":"2023-04-19T08:45:42+00:00","breadcrumb":{"@id":"https:\/\/www.fleckscore.com\/factbox\/#breadcrumb"},"inLanguage":"pl-PL","potentialAction":[{"@type":"ReadAction","target":["https:\/\/www.fleckscore.com\/factbox\/"]}]},{"@type":"BreadcrumbList","@id":"https:\/\/www.fleckscore.com\/factbox\/#breadcrumb","itemListElement":[{"@type":"ListItem","position":1,"name":"Startseite","item":"https:\/\/www.fleckscore.com\/"},{"@type":"ListItem","position":2,"name":"FACTBOX"}]},{"@type":"WebSite","@id":"https:\/\/www.fleckscore.com\/#website","url":"https:\/\/www.fleckscore.com\/","name":"Fleckscore","description":"Eine weitere WordPress-Website","potentialAction":[{"@type":"SearchAction","target":{"@type":"EntryPoint","urlTemplate":"https:\/\/www.fleckscore.com\/?s={search_term_string}"},"query-input":{"@type":"PropertyValueSpecification","valueRequired":true,"valueName":"search_term_string"}}],"inLanguage":"pl-PL"}]}},"_links":{"self":[{"href":"https:\/\/www.fleckscore.com\/pl\/wp-json\/wp\/v2\/pages\/1389","targetHints":{"allow":["GET"]}}],"collection":[{"href":"https:\/\/www.fleckscore.com\/pl\/wp-json\/wp\/v2\/pages"}],"about":[{"href":"https:\/\/www.fleckscore.com\/pl\/wp-json\/wp\/v2\/types\/page"}],"author":[{"embeddable":true,"href":"https:\/\/www.fleckscore.com\/pl\/wp-json\/wp\/v2\/users\/1"}],"replies":[{"embeddable":true,"href":"https:\/\/www.fleckscore.com\/pl\/wp-json\/wp\/v2\/comments?post=1389"}],"version-history":[{"count":4,"href":"https:\/\/www.fleckscore.com\/pl\/wp-json\/wp\/v2\/pages\/1389\/revisions"}],"predecessor-version":[{"id":7137,"href":"https:\/\/www.fleckscore.com\/pl\/wp-json\/wp\/v2\/pages\/1389\/revisions\/7137"}],"wp:attachment":[{"href":"https:\/\/www.fleckscore.com\/pl\/wp-json\/wp\/v2\/media?parent=1389"}],"curies":[{"name":"wp","href":"https:\/\/api.w.org\/{rel}","templated":true}]}}