{"id":2150,"date":"2020-11-03T12:00:08","date_gmt":"2020-11-03T11:00:08","guid":{"rendered":"http:\/\/fscore.indesign.at\/merkmale\/berechnung-der-gesamtnoten\/rahmen\/"},"modified":"2021-02-23T14:17:24","modified_gmt":"2021-02-23T13:17:24","slug":"rahmen","status":"publish","type":"page","link":"https:\/\/www.fleckscore.com\/hu\/merkmale\/berechnung-der-gesamtnoten\/rahmen\/","title":{"rendered":"R\u00e1ma"},"content":{"rendered":"\n<style type=\"text\/css\" data-created_by=\"avia_inline_auto\" id=\"style-css-av-26in7-2900661a9553ad2942eddeef47d472c7\">\n.flex_column.av-26in7-2900661a9553ad2942eddeef47d472c7{\nborder-radius:0px 0px 0px 0px;\npadding:0px 0px 0px 0px;\n}\n<\/style>\n<div  class='flex_column av-26in7-2900661a9553ad2942eddeef47d472c7 av_one_half  avia-builder-el-0  el_before_av_one_half  avia-builder-el-first  first flex_column_div av-zero-column-padding  '     ><section  class='av_textblock_section av-kheu3ao9-b92b8aca928609337f9393e9d8123e3b '   itemscope=\"itemscope\" itemtype=\"https:\/\/schema.org\/CreativeWork\" ><div class='avia_textblock'  itemprop=\"text\" ><div id=\"c199\" class=\"frame default\">\n<h1 class=\"\">R\u00e1ma \u00f6sszpontsz\u00e1m<\/h1>\n<p>A r\u00e1ma \u00f6sszpontsz\u00e1mot 5 m\u00e9rt r\u00e9sztulajdons\u00e1gb\u00f3l sz\u00e1m\u00edtjuk:<\/p>\n<ul>\n<li>magass\u00e1g<\/li>\n<li>hossz\u00fas\u00e1g<\/li>\n<li>sz\u00e9less\u00e9g<\/li>\n<li>m\u00e9lys\u00e9g<\/li>\n<\/ul>\n<p>Ezeket 3:1:1:1 ar\u00e1nyban s\u00falyozzuk.<\/p>\n<h3>R\u00e1ma<\/h3>\n<ul>\n<li>farmagass\u00e1g<\/li>\n<li>testhossz\u00fas\u00e1g (t\u00f6rzshossz\u00fas\u00e1g + farhossz\u00fas\u00e1g)<\/li>\n<li>farsz\u00e9less\u00e9g<\/li>\n<li>t\u00f6rzssm\u00e9lys\u00e9g<\/li>\n<\/ul>\n<\/div>\n<\/div><\/section><\/div>\n\n<style type=\"text\/css\" data-created_by=\"avia_inline_auto\" id=\"style-css-av-1fvuj-9956c8b35c2450afb05861bc59cfef07\">\n.flex_column.av-1fvuj-9956c8b35c2450afb05861bc59cfef07{\nborder-radius:0px 0px 0px 0px;\npadding:0px 0px 0px 0px;\n}\n<\/style>\n<div  class='flex_column av-1fvuj-9956c8b35c2450afb05861bc59cfef07 av_one_half  avia-builder-el-2  el_after_av_one_half  el_before_av_one_full  flex_column_div av-zero-column-padding  '     ><style type=\"text\/css\" data-created_by=\"avia_inline_auto\" id=\"style-css-av-kheu8mg1-37773e20f8da54753635a6b99e7307e3\">\n.avia-image-container.av-kheu8mg1-37773e20f8da54753635a6b99e7307e3 img.avia_image{\nbox-shadow:none;\n}\n.avia-image-container.av-kheu8mg1-37773e20f8da54753635a6b99e7307e3 .av-image-caption-overlay-center{\ncolor:#ffffff;\n}\n<\/style>\n<div  class='avia-image-container av-kheu8mg1-37773e20f8da54753635a6b99e7307e3 av-styling- av-img-linked avia-align-center  avia-builder-el-3  avia-builder-el-no-sibling '   itemprop=\"image\" itemscope=\"itemscope\" itemtype=\"https:\/\/schema.org\/ImageObject\" ><div class=\"avia-image-container-inner\"><div class=\"avia-image-overlay-wrap\"><a href=\"https:\/\/www.fleckscore.com\/wp-content\/uploads\/2021\/02\/Merkmale-Rahmen.gif\" class='avia_image '  aria-label='Merkmale Rahmen'><img decoding=\"async\" fetchpriority=\"high\" class='wp-image-3967 avia-img-lazy-loading-not-3967 avia_image ' src=\"https:\/\/www.fleckscore.com\/wp-content\/uploads\/2021\/02\/Merkmale-Rahmen.gif\" alt='' title='Merkmale Rahmen'  height=\"541\" width=\"676\"  itemprop=\"thumbnailUrl\"  \/><\/a><\/div><\/div><\/div><\/div>\n<style type=\"text\/css\" data-created_by=\"avia_inline_auto\" id=\"style-css-av-tnjf-d65a9705d1a79e54b4bd952da3acb748\">\n.flex_column.av-tnjf-d65a9705d1a79e54b4bd952da3acb748{\nborder-radius:0px 0px 0px 0px;\npadding:0px 0px 0px 0px;\n}\n<\/style>\n<div  class='flex_column av-tnjf-d65a9705d1a79e54b4bd952da3acb748 av_one_full  avia-builder-el-4  el_after_av_one_half  avia-builder-el-last  first flex_column_div av-zero-column-padding  column-top-margin'     ><style type=\"text\/css\" data-created_by=\"avia_inline_auto\" id=\"style-css-av-kheu8mg1-7c4ffa3feac9812be6812b030cac855c\">\n.avia-image-container.av-kheu8mg1-7c4ffa3feac9812be6812b030cac855c img.avia_image{\nbox-shadow:none;\n}\n.avia-image-container.av-kheu8mg1-7c4ffa3feac9812be6812b030cac855c .av-image-caption-overlay-center{\ncolor:#ffffff;\n}\n<\/style>\n<div  class='avia-image-container av-kheu8mg1-7c4ffa3feac9812be6812b030cac855c av-styling- av-img-linked avia-align-left  avia-builder-el-5  avia-builder-el-no-sibling '   itemprop=\"image\" itemscope=\"itemscope\" itemtype=\"https:\/\/schema.org\/ImageObject\" ><div class=\"avia-image-container-inner\"><div class=\"avia-image-overlay-wrap\"><a href=\"https:\/\/www.fleckscore.com\/wp-content\/uploads\/2021\/02\/Rahmen-Punkte.gif\" class='avia_image '  aria-label='Rahmen Punkte'><img decoding=\"async\" fetchpriority=\"high\" class='wp-image-3983 avia-img-lazy-loading-not-3983 avia_image ' src=\"https:\/\/www.fleckscore.com\/wp-content\/uploads\/2021\/02\/Rahmen-Punkte.gif\" alt='' title='Rahmen Punkte'  height=\"55\" width=\"813\"  itemprop=\"thumbnailUrl\"  \/><\/a><\/div><\/div><\/div><\/div><\/p>\n","protected":false},"excerpt":{"rendered":"","protected":false},"author":1,"featured_media":0,"parent":1816,"menu_order":1,"comment_status":"closed","ping_status":"closed","template":"","meta":{"footnotes":""},"class_list":["post-2150","page","type-page","status-publish","hentry"],"yoast_head":"<!-- This site is optimized with the Yoast SEO plugin v27.4 - https:\/\/yoast.com\/product\/yoast-seo-wordpress\/ -->\n<title>R\u00e1ma - Fleckscore<\/title>\n<meta name=\"robots\" content=\"index, follow, max-snippet:-1, max-image-preview:large, max-video-preview:-1\" \/>\n<link rel=\"canonical\" href=\"https:\/\/www.fleckscore.com\/hu\/merkmale\/berechnung-der-gesamtnoten\/rahmen\/\" \/>\n<meta property=\"og:locale\" content=\"hu_HU\" \/>\n<meta property=\"og:type\" content=\"article\" \/>\n<meta property=\"og:title\" content=\"R\u00e1ma - Fleckscore\" \/>\n<meta property=\"og:url\" content=\"https:\/\/www.fleckscore.com\/hu\/merkmale\/berechnung-der-gesamtnoten\/rahmen\/\" \/>\n<meta property=\"og:site_name\" content=\"Fleckscore\" \/>\n<meta property=\"article:modified_time\" content=\"2021-02-23T13:17:24+00:00\" \/>\n<meta name=\"twitter:card\" content=\"summary_large_image\" \/>\n<meta name=\"twitter:label1\" content=\"Becs\u00fclt olvas\u00e1si id\u0151\" \/>\n\t<meta name=\"twitter:data1\" content=\"3 perc\" \/>\n<script type=\"application\/ld+json\" class=\"yoast-schema-graph\">{\"@context\":\"https:\\\/\\\/schema.org\",\"@graph\":[{\"@type\":\"WebPage\",\"@id\":\"https:\\\/\\\/www.fleckscore.com\\\/hu\\\/merkmale\\\/berechnung-der-gesamtnoten\\\/rahmen\\\/\",\"url\":\"https:\\\/\\\/www.fleckscore.com\\\/hu\\\/merkmale\\\/berechnung-der-gesamtnoten\\\/rahmen\\\/\",\"name\":\"R\u00e1ma - Fleckscore\",\"isPartOf\":{\"@id\":\"https:\\\/\\\/www.fleckscore.com\\\/#website\"},\"datePublished\":\"2020-11-03T11:00:08+00:00\",\"dateModified\":\"2021-02-23T13:17:24+00:00\",\"breadcrumb\":{\"@id\":\"https:\\\/\\\/www.fleckscore.com\\\/hu\\\/merkmale\\\/berechnung-der-gesamtnoten\\\/rahmen\\\/#breadcrumb\"},\"inLanguage\":\"hu\",\"potentialAction\":[{\"@type\":\"ReadAction\",\"target\":[\"https:\\\/\\\/www.fleckscore.com\\\/hu\\\/merkmale\\\/berechnung-der-gesamtnoten\\\/rahmen\\\/\"]}]},{\"@type\":\"BreadcrumbList\",\"@id\":\"https:\\\/\\\/www.fleckscore.com\\\/hu\\\/merkmale\\\/berechnung-der-gesamtnoten\\\/rahmen\\\/#breadcrumb\",\"itemListElement\":[{\"@type\":\"ListItem\",\"position\":1,\"name\":\"Startseite\",\"item\":\"https:\\\/\\\/www.fleckscore.com\\\/\"},{\"@type\":\"ListItem\",\"position\":2,\"name\":\"TULAJDONS\u00c1G\",\"item\":\"https:\\\/\\\/www.fleckscore.com\\\/hu\\\/merkmale\\\/\"},{\"@type\":\"ListItem\",\"position\":3,\"name\":\"\u00d6sszpontsz\u00e1m sz\u00e1m\u00edt\u00e1sa\",\"item\":\"https:\\\/\\\/www.fleckscore.com\\\/hu\\\/merkmale\\\/berechnung-der-gesamtnoten\\\/\"},{\"@type\":\"ListItem\",\"position\":4,\"name\":\"R\u00e1ma\"}]},{\"@type\":\"WebSite\",\"@id\":\"https:\\\/\\\/www.fleckscore.com\\\/#website\",\"url\":\"https:\\\/\\\/www.fleckscore.com\\\/\",\"name\":\"Fleckscore\",\"description\":\"Eine weitere WordPress-Website\",\"potentialAction\":[{\"@type\":\"SearchAction\",\"target\":{\"@type\":\"EntryPoint\",\"urlTemplate\":\"https:\\\/\\\/www.fleckscore.com\\\/?s={search_term_string}\"},\"query-input\":{\"@type\":\"PropertyValueSpecification\",\"valueRequired\":true,\"valueName\":\"search_term_string\"}}],\"inLanguage\":\"hu\"}]}<\/script>\n<!-- \/ Yoast SEO plugin. -->","yoast_head_json":{"title":"R\u00e1ma - Fleckscore","robots":{"index":"index","follow":"follow","max-snippet":"max-snippet:-1","max-image-preview":"max-image-preview:large","max-video-preview":"max-video-preview:-1"},"canonical":"https:\/\/www.fleckscore.com\/hu\/merkmale\/berechnung-der-gesamtnoten\/rahmen\/","og_locale":"hu_HU","og_type":"article","og_title":"R\u00e1ma - Fleckscore","og_url":"https:\/\/www.fleckscore.com\/hu\/merkmale\/berechnung-der-gesamtnoten\/rahmen\/","og_site_name":"Fleckscore","article_modified_time":"2021-02-23T13:17:24+00:00","twitter_card":"summary_large_image","twitter_misc":{"Becs\u00fclt olvas\u00e1si id\u0151":"3 perc"},"schema":{"@context":"https:\/\/schema.org","@graph":[{"@type":"WebPage","@id":"https:\/\/www.fleckscore.com\/hu\/merkmale\/berechnung-der-gesamtnoten\/rahmen\/","url":"https:\/\/www.fleckscore.com\/hu\/merkmale\/berechnung-der-gesamtnoten\/rahmen\/","name":"R\u00e1ma - Fleckscore","isPartOf":{"@id":"https:\/\/www.fleckscore.com\/#website"},"datePublished":"2020-11-03T11:00:08+00:00","dateModified":"2021-02-23T13:17:24+00:00","breadcrumb":{"@id":"https:\/\/www.fleckscore.com\/hu\/merkmale\/berechnung-der-gesamtnoten\/rahmen\/#breadcrumb"},"inLanguage":"hu","potentialAction":[{"@type":"ReadAction","target":["https:\/\/www.fleckscore.com\/hu\/merkmale\/berechnung-der-gesamtnoten\/rahmen\/"]}]},{"@type":"BreadcrumbList","@id":"https:\/\/www.fleckscore.com\/hu\/merkmale\/berechnung-der-gesamtnoten\/rahmen\/#breadcrumb","itemListElement":[{"@type":"ListItem","position":1,"name":"Startseite","item":"https:\/\/www.fleckscore.com\/"},{"@type":"ListItem","position":2,"name":"TULAJDONS\u00c1G","item":"https:\/\/www.fleckscore.com\/hu\/merkmale\/"},{"@type":"ListItem","position":3,"name":"\u00d6sszpontsz\u00e1m sz\u00e1m\u00edt\u00e1sa","item":"https:\/\/www.fleckscore.com\/hu\/merkmale\/berechnung-der-gesamtnoten\/"},{"@type":"ListItem","position":4,"name":"R\u00e1ma"}]},{"@type":"WebSite","@id":"https:\/\/www.fleckscore.com\/#website","url":"https:\/\/www.fleckscore.com\/","name":"Fleckscore","description":"Eine weitere WordPress-Website","potentialAction":[{"@type":"SearchAction","target":{"@type":"EntryPoint","urlTemplate":"https:\/\/www.fleckscore.com\/?s={search_term_string}"},"query-input":{"@type":"PropertyValueSpecification","valueRequired":true,"valueName":"search_term_string"}}],"inLanguage":"hu"}]}},"_links":{"self":[{"href":"https:\/\/www.fleckscore.com\/hu\/wp-json\/wp\/v2\/pages\/2150","targetHints":{"allow":["GET"]}}],"collection":[{"href":"https:\/\/www.fleckscore.com\/hu\/wp-json\/wp\/v2\/pages"}],"about":[{"href":"https:\/\/www.fleckscore.com\/hu\/wp-json\/wp\/v2\/types\/page"}],"author":[{"embeddable":true,"href":"https:\/\/www.fleckscore.com\/hu\/wp-json\/wp\/v2\/users\/1"}],"replies":[{"embeddable":true,"href":"https:\/\/www.fleckscore.com\/hu\/wp-json\/wp\/v2\/comments?post=2150"}],"version-history":[{"count":3,"href":"https:\/\/www.fleckscore.com\/hu\/wp-json\/wp\/v2\/pages\/2150\/revisions"}],"predecessor-version":[{"id":3999,"href":"https:\/\/www.fleckscore.com\/hu\/wp-json\/wp\/v2\/pages\/2150\/revisions\/3999"}],"up":[{"embeddable":true,"href":"https:\/\/www.fleckscore.com\/hu\/wp-json\/wp\/v2\/pages\/1816"}],"wp:attachment":[{"href":"https:\/\/www.fleckscore.com\/hu\/wp-json\/wp\/v2\/media?parent=2150"}],"curies":[{"name":"wp","href":"https:\/\/api.w.org\/{rel}","templated":true}]}}