{"id":1676,"date":"2020-11-03T11:56:09","date_gmt":"2020-11-03T10:56:09","guid":{"rendered":"http:\/\/fscore.indesign.at\/home\/"},"modified":"2023-04-25T12:55:01","modified_gmt":"2023-04-25T10:55:01","slug":"home","status":"publish","type":"page","link":"https:\/\/www.fleckscore.com\/hu\/home\/","title":{"rendered":"HOME"},"content":{"rendered":"\n<style type=\"text\/css\" data-created_by=\"avia_inline_auto\" id=\"style-css-av-ob0i-e59a7b2d639e9d2723b4043caa7c1503\">\n.flex_column.av-ob0i-e59a7b2d639e9d2723b4043caa7c1503{\nborder-radius:0px 0px 0px 0px;\npadding:0px 0px 0px 0px;\n}\n<\/style>\n<div  class='flex_column av-ob0i-e59a7b2d639e9d2723b4043caa7c1503 av_two_third  avia-builder-el-0  el_before_av_one_third  avia-builder-el-first  first flex_column_div av-zero-column-padding  '     ><p>\n<style type=\"text\/css\" data-created_by=\"avia_inline_auto\" id=\"style-css-av-khkt9p36-7d4c2f3fa56c66fe553de1a681f330d2\">\n.avia-image-container.av-khkt9p36-7d4c2f3fa56c66fe553de1a681f330d2 img.avia_image{\nbox-shadow:none;\n}\n.avia-image-container.av-khkt9p36-7d4c2f3fa56c66fe553de1a681f330d2 .av-image-caption-overlay-center{\ncolor:#ffffff;\n}\n<\/style>\n<div  class='avia-image-container av-khkt9p36-7d4c2f3fa56c66fe553de1a681f330d2 av-styling- av-img-linked avia-align-left  avia-builder-el-1  el_before_av_image  avia-builder-el-first '   itemprop=\"image\" itemscope=\"itemscope\" itemtype=\"https:\/\/schema.org\/ImageObject\" ><div class=\"avia-image-container-inner\"><div class=\"avia-image-overlay-wrap\"><a href=\"http:\/\/fleckscore.com\/hu\/merkmale\/online-beschreibungsbogen\/\" class='avia_image '  aria-label='Startbutton mit Starttext'><img decoding=\"async\" fetchpriority=\"high\" class='wp-image-4120 avia-img-lazy-loading-not-4120 avia_image ' src=\"https:\/\/www.fleckscore.com\/wp-content\/uploads\/2021\/02\/Startbutton-mit-Starttext.jpg\" alt='' title='Startbutton mit Starttext'  height=\"40\" width=\"322\"  itemprop=\"thumbnailUrl\" srcset=\"https:\/\/www.fleckscore.com\/wp-content\/uploads\/2021\/02\/Startbutton-mit-Starttext.jpg 322w, https:\/\/www.fleckscore.com\/wp-content\/uploads\/2021\/02\/Startbutton-mit-Starttext-300x37.jpg 300w\" sizes=\"(max-width: 322px) 100vw, 322px\" \/><\/a><\/div><\/div><\/div><br \/>\n\n<style type=\"text\/css\" data-created_by=\"avia_inline_auto\" id=\"style-css-av-kh1wd67t-6613b341a019380869f405615c4858a0\">\n.avia-image-container.av-kh1wd67t-6613b341a019380869f405615c4858a0 img.avia_image{\nbox-shadow:none;\n}\n.avia-image-container.av-kh1wd67t-6613b341a019380869f405615c4858a0 .av-image-caption-overlay-center{\ncolor:#ffffff;\n}\n<\/style>\n<div  class='avia-image-container av-kh1wd67t-6613b341a019380869f405615c4858a0 av-styling- av-img-linked avia-align-center  avia-builder-el-2  el_after_av_image  avia-builder-el-last '   itemprop=\"image\" itemscope=\"itemscope\" itemtype=\"https:\/\/schema.org\/ImageObject\" ><div class=\"avia-image-container-inner\"><div class=\"avia-image-overlay-wrap\"><a href=\"http:\/\/fleckscore.com\/hu\/merkmale\/online-beschreibungsbogen\/\" class='avia_image '  aria-label='FleckScore Titelseite 2023 ungarisch'><img decoding=\"async\" fetchpriority=\"high\" class='wp-image-9722 avia-img-lazy-loading-not-9722 avia_image ' src=\"https:\/\/www.fleckscore.com\/wp-content\/uploads\/2023\/04\/FleckScore-Titelseite-2023-ungarisch.jpg\" alt='' title='FleckScore Titelseite 2023 ungarisch'  height=\"569\" width=\"760\"  itemprop=\"thumbnailUrl\" srcset=\"https:\/\/www.fleckscore.com\/wp-content\/uploads\/2023\/04\/FleckScore-Titelseite-2023-ungarisch.jpg 760w, https:\/\/www.fleckscore.com\/wp-content\/uploads\/2023\/04\/FleckScore-Titelseite-2023-ungarisch-300x225.jpg 300w, https:\/\/www.fleckscore.com\/wp-content\/uploads\/2023\/04\/FleckScore-Titelseite-2023-ungarisch-705x528.jpg 705w\" sizes=\"(max-width: 760px) 100vw, 760px\" \/><\/a><\/div><\/div><\/div><\/p><\/div>\n<style type=\"text\/css\" data-created_by=\"avia_inline_auto\" id=\"style-css-av-1mbmm-5f1bae8a21ce7582107d4411a649323f\">\n.flex_column.av-1mbmm-5f1bae8a21ce7582107d4411a649323f{\nborder-width:1px;\nborder-color:#a76434;\nborder-style:solid;\nborder-radius:0px 0px 0px 0px;\npadding:20px 20px 20px 20px;\nbackground-color:#f8f3ee;\n}\n<\/style>\n<div  class='flex_column av-1mbmm-5f1bae8a21ce7582107d4411a649323f av_one_third  avia-builder-el-3  el_after_av_two_third  avia-builder-el-last  flex_column_div  '     ><section  class='av_textblock_section av-khkt1rap-555b8a9518ce6f2fd0bed89c0b9aea72 '   itemscope=\"itemscope\" itemtype=\"https:\/\/schema.org\/CreativeWork\" ><div class='avia_textblock'  itemprop=\"text\" ><h2>Aktu\u00e1lis<\/h2>\n<\/div><\/section><br \/>\n<div  class='av-alb-blogposts template-blog  newslisteblack '  itemscope=\"itemscope\" itemtype=\"https:\/\/schema.org\/Blog\" >\n    <article class=\"entry\">\n        <header class=\"entry-content-header\">\n            <h1 class='post-title entry-title'>Nincs tal\u00e1lat<\/h1>\n        <\/header>\n\n        <p class=\"entry-content\"  itemprop=\"text\" >Eln\u00e9z\u00e9st, de nincs a relev\u00e1ns tal\u00e1lat.<\/p>\n\n        <footer class=\"entry-footer\"><\/footer>\n    <\/article>\n\n<\/div><\/p><\/div><\/p>\n","protected":false},"excerpt":{"rendered":"","protected":false},"author":1,"featured_media":0,"parent":0,"menu_order":5,"comment_status":"closed","ping_status":"closed","template":"","meta":{"footnotes":""},"class_list":["post-1676","page","type-page","status-publish","hentry"],"yoast_head":"<!-- This site is optimized with the Yoast SEO plugin v27.4 - https:\/\/yoast.com\/product\/yoast-seo-wordpress\/ -->\n<title>HOME - Fleckscore<\/title>\n<meta name=\"robots\" content=\"index, follow, max-snippet:-1, max-image-preview:large, max-video-preview:-1\" \/>\n<link rel=\"canonical\" href=\"https:\/\/www.fleckscore.com\/hu\/\" \/>\n<meta property=\"og:locale\" content=\"hu_HU\" \/>\n<meta property=\"og:type\" content=\"article\" \/>\n<meta property=\"og:title\" content=\"HOME - Fleckscore\" \/>\n<meta property=\"og:url\" content=\"https:\/\/www.fleckscore.com\/hu\/\" \/>\n<meta property=\"og:site_name\" content=\"Fleckscore\" \/>\n<meta property=\"article:modified_time\" content=\"2023-04-25T10:55:01+00:00\" \/>\n<meta name=\"twitter:card\" content=\"summary_large_image\" \/>\n<meta name=\"twitter:label1\" content=\"Becs\u00fclt olvas\u00e1si id\u0151\" \/>\n\t<meta name=\"twitter:data1\" content=\"2 perc\" \/>\n<script type=\"application\/ld+json\" class=\"yoast-schema-graph\">{\"@context\":\"https:\\\/\\\/schema.org\",\"@graph\":[{\"@type\":\"WebPage\",\"@id\":\"https:\\\/\\\/www.fleckscore.com\\\/hu\\\/\",\"url\":\"https:\\\/\\\/www.fleckscore.com\\\/hu\\\/\",\"name\":\"HOME - Fleckscore\",\"isPartOf\":{\"@id\":\"https:\\\/\\\/www.fleckscore.com\\\/#website\"},\"datePublished\":\"2020-11-03T10:56:09+00:00\",\"dateModified\":\"2023-04-25T10:55:01+00:00\",\"breadcrumb\":{\"@id\":\"https:\\\/\\\/www.fleckscore.com\\\/hu\\\/#breadcrumb\"},\"inLanguage\":\"hu\",\"potentialAction\":[{\"@type\":\"ReadAction\",\"target\":[\"https:\\\/\\\/www.fleckscore.com\\\/hu\\\/\"]}]},{\"@type\":\"BreadcrumbList\",\"@id\":\"https:\\\/\\\/www.fleckscore.com\\\/hu\\\/#breadcrumb\",\"itemListElement\":[{\"@type\":\"ListItem\",\"position\":1,\"name\":\"Startseite\",\"item\":\"https:\\\/\\\/www.fleckscore.com\\\/\"},{\"@type\":\"ListItem\",\"position\":2,\"name\":\"HOME\"}]},{\"@type\":\"WebSite\",\"@id\":\"https:\\\/\\\/www.fleckscore.com\\\/#website\",\"url\":\"https:\\\/\\\/www.fleckscore.com\\\/\",\"name\":\"Fleckscore\",\"description\":\"Eine weitere WordPress-Website\",\"potentialAction\":[{\"@type\":\"SearchAction\",\"target\":{\"@type\":\"EntryPoint\",\"urlTemplate\":\"https:\\\/\\\/www.fleckscore.com\\\/?s={search_term_string}\"},\"query-input\":{\"@type\":\"PropertyValueSpecification\",\"valueRequired\":true,\"valueName\":\"search_term_string\"}}],\"inLanguage\":\"hu\"}]}<\/script>\n<!-- \/ Yoast SEO plugin. -->","yoast_head_json":{"title":"HOME - Fleckscore","robots":{"index":"index","follow":"follow","max-snippet":"max-snippet:-1","max-image-preview":"max-image-preview:large","max-video-preview":"max-video-preview:-1"},"canonical":"https:\/\/www.fleckscore.com\/hu\/","og_locale":"hu_HU","og_type":"article","og_title":"HOME - Fleckscore","og_url":"https:\/\/www.fleckscore.com\/hu\/","og_site_name":"Fleckscore","article_modified_time":"2023-04-25T10:55:01+00:00","twitter_card":"summary_large_image","twitter_misc":{"Becs\u00fclt olvas\u00e1si id\u0151":"2 perc"},"schema":{"@context":"https:\/\/schema.org","@graph":[{"@type":"WebPage","@id":"https:\/\/www.fleckscore.com\/hu\/","url":"https:\/\/www.fleckscore.com\/hu\/","name":"HOME - Fleckscore","isPartOf":{"@id":"https:\/\/www.fleckscore.com\/#website"},"datePublished":"2020-11-03T10:56:09+00:00","dateModified":"2023-04-25T10:55:01+00:00","breadcrumb":{"@id":"https:\/\/www.fleckscore.com\/hu\/#breadcrumb"},"inLanguage":"hu","potentialAction":[{"@type":"ReadAction","target":["https:\/\/www.fleckscore.com\/hu\/"]}]},{"@type":"BreadcrumbList","@id":"https:\/\/www.fleckscore.com\/hu\/#breadcrumb","itemListElement":[{"@type":"ListItem","position":1,"name":"Startseite","item":"https:\/\/www.fleckscore.com\/"},{"@type":"ListItem","position":2,"name":"HOME"}]},{"@type":"WebSite","@id":"https:\/\/www.fleckscore.com\/#website","url":"https:\/\/www.fleckscore.com\/","name":"Fleckscore","description":"Eine weitere WordPress-Website","potentialAction":[{"@type":"SearchAction","target":{"@type":"EntryPoint","urlTemplate":"https:\/\/www.fleckscore.com\/?s={search_term_string}"},"query-input":{"@type":"PropertyValueSpecification","valueRequired":true,"valueName":"search_term_string"}}],"inLanguage":"hu"}]}},"_links":{"self":[{"href":"https:\/\/www.fleckscore.com\/hu\/wp-json\/wp\/v2\/pages\/1676","targetHints":{"allow":["GET"]}}],"collection":[{"href":"https:\/\/www.fleckscore.com\/hu\/wp-json\/wp\/v2\/pages"}],"about":[{"href":"https:\/\/www.fleckscore.com\/hu\/wp-json\/wp\/v2\/types\/page"}],"author":[{"embeddable":true,"href":"https:\/\/www.fleckscore.com\/hu\/wp-json\/wp\/v2\/users\/1"}],"replies":[{"embeddable":true,"href":"https:\/\/www.fleckscore.com\/hu\/wp-json\/wp\/v2\/comments?post=1676"}],"version-history":[{"count":15,"href":"https:\/\/www.fleckscore.com\/hu\/wp-json\/wp\/v2\/pages\/1676\/revisions"}],"predecessor-version":[{"id":9741,"href":"https:\/\/www.fleckscore.com\/hu\/wp-json\/wp\/v2\/pages\/1676\/revisions\/9741"}],"wp:attachment":[{"href":"https:\/\/www.fleckscore.com\/hu\/wp-json\/wp\/v2\/media?parent=1676"}],"curies":[{"name":"wp","href":"https:\/\/api.w.org\/{rel}","templated":true}]}}