{"id":1381,"date":"2020-11-03T11:56:46","date_gmt":"2020-11-03T10:56:46","guid":{"rendered":"http:\/\/fscore.indesign.at\/factbox\/"},"modified":"2023-04-19T10:45:42","modified_gmt":"2023-04-19T08:45:42","slug":"factbox","status":"publish","type":"page","link":"https:\/\/www.fleckscore.com\/hu\/factbox\/","title":{"rendered":"C\u00c9LJA"},"content":{"rendered":"\n<style type=\"text\/css\" data-created_by=\"avia_inline_auto\" id=\"style-css-av-kkglycs7-f2d47530bc6151af9b45eeb3a1855c22\">\n#top .av-special-heading.av-kkglycs7-f2d47530bc6151af9b45eeb3a1855c22{\npadding-bottom:10px;\n}\nbody .av-special-heading.av-kkglycs7-f2d47530bc6151af9b45eeb3a1855c22 .av-special-heading-tag .heading-char{\nfont-size:25px;\n}\n.av-special-heading.av-kkglycs7-f2d47530bc6151af9b45eeb3a1855c22 .av-subheading{\nfont-size:15px;\n}\n<\/style>\n<div  class='av-special-heading av-kkglycs7-f2d47530bc6151af9b45eeb3a1855c22 av-special-heading-h1  avia-builder-el-0  el_before_av_textblock  avia-builder-el-first '><h1 class='av-special-heading-tag '  itemprop=\"headline\"  >FleckScore c\u00e9lja <\/h1><div class=\"special-heading-border\"><div class=\"special-heading-inner-border\"><\/div><\/div><\/div>\n<section  class='av_textblock_section av-kh20um3l-faee3f9f9229546f4e8506aeb97e376d '   itemscope=\"itemscope\" itemtype=\"https:\/\/schema.org\/CreativeWork\" ><div class='avia_textblock'  itemprop=\"text\" ><ul>\n<li>A FleckScore k\u00fcllemi b\u00edr\u00e1lati rendszer c\u00e9lja, hogy a hegyitarka teheneken a lehet\u0151 legkor\u00e1bban elb\u00edr\u00e1ljuk azokat a k\u00fcllemi tulajdons\u00e1gokat, amelyek pozit\u00edvan befoly\u00e1solj\u00e1k a hasznos \u00e9lettartam alakul\u00e1s\u00e1t, adatokat szolg\u00e1ltatva a teny\u00e9sz\u00e9rt\u00e9kbecsl\u00e9s sz\u00e1m\u00e1ra.<\/li>\n<li>A b\u00edr\u00e1lat sor\u00e1n 22 k\u00fcllemi r\u00e9sztulajdons\u00e1g 1-9 pont k\u00f6z\u00f6tti line\u00e1ris sk\u00e1l\u00e1n ker\u00fcl le\u00edr\u00e1sra, ahol az egyes tulajdons\u00e1gokat a biol\u00f3giailag lehets\u00e9ges sz\u00e9ls\u0151 \u00e9rt\u00e9keik k\u00f6z\u00f6tt jelen\u00edtj\u00fck meg.<\/li>\n<li>A r\u00e9sztulajdons\u00e1gok b\u00edr\u00e1lati eredm\u00e9nyeinek birtok\u00e1ban lehet\u0151s\u00e9g ny\u00edlik a komplex r\u00e1ma, izmolts\u00e1g, l\u00e1bszerkezet \u00e9s t\u0151gy \u00f6sszpontsz\u00e1m meghat\u00e1roz\u00e1s\u00e1ra.<\/li>\n<li>A r\u00e1ma, a l\u00e1bszerkezet \u00e9s a t\u0151gy f\u0151tulajdons\u00e1gok eset\u00e9ben a komplex \u00f6sszpontsz\u00e1m a r\u00e9sztulajdons\u00e1gok b\u00edr\u00e1lata ut\u00e1n egy sz\u00e1m\u00edt\u00e1si algoritmus alapj\u00e1n ker\u00fcl kisz\u00e1m\u00edt\u00e1sra.<\/li>\n<li>A sz\u00e1m\u00edt\u00e1s sor\u00e1n az egyes r\u00e9sztulajdons\u00e1gok ar\u00e1ny\u00e1t gazdas\u00e1gi s\u00falyuk \u00e9s a hasznos \u00e9lettartamra gyakorolt befoly\u00e1suk alapj\u00e1n hat\u00e1rozzuk meg.<\/li>\n<li>A f\u0151tulajdons\u00e1gok \u00f6sszpontsz\u00e1mainak sz\u00e1m\u00edt\u00e1s\u00e1t a lakt\u00e1ci\u00f3sz\u00e1m befoly\u00e1solja.<\/li>\n<li>A f\u0151tulajdons\u00e1gok \u00e9rt\u00e9kei els\u0151 lakt\u00e1ci\u00f3s tehenek eset\u00e9ben 68-93 pont k\u00f6z\u00f6tt mozoghatnak. T\u00f6bb lakt\u00e1ci\u00f3s tehenek eset\u00e9ben a ponthat\u00e1rok m\u00f3dosulnak.<\/li>\n<li>A f\u0151tulajdons\u00e1gok eset\u00e9ben a popul\u00e1ci\u00f3 \u00e1tlagot a 80 pont jelenti.<\/li>\n<li>A FleckScore b\u00edr\u00e1lati rendszer lehet\u0151v\u00e9 teszi, hogy a lakt\u00e1ci\u00f3kon kereszt\u00fcl nyomon k\u00f6vess\u00fck az egyes egyedek k\u00fcllemi tulajdons\u00e1gainak popul\u00e1ci\u00f3 \u00e1tlag\u00e1hoz viszony\u00edtott v\u00e1ltoz\u00e1s\u00e1t, elt\u00e9r\u00e9s\u00e9t.<\/li>\n<\/ul>\n<\/div><\/section>\n","protected":false},"excerpt":{"rendered":"","protected":false},"author":1,"featured_media":0,"parent":0,"menu_order":38,"comment_status":"closed","ping_status":"closed","template":"","meta":{"footnotes":""},"class_list":["post-1381","page","type-page","status-publish","hentry"],"yoast_head":"<!-- This site is optimized with the Yoast SEO plugin v27.4 - https:\/\/yoast.com\/product\/yoast-seo-wordpress\/ -->\n<title>C\u00c9LJA - Fleckscore<\/title>\n<meta name=\"robots\" content=\"index, follow, max-snippet:-1, max-image-preview:large, max-video-preview:-1\" \/>\n<link rel=\"canonical\" href=\"https:\/\/www.fleckscore.com\/factbox\/\" \/>\n<meta property=\"og:locale\" content=\"hu_HU\" \/>\n<meta property=\"og:type\" content=\"article\" \/>\n<meta property=\"og:title\" content=\"C\u00c9LJA - Fleckscore\" \/>\n<meta property=\"og:url\" content=\"https:\/\/www.fleckscore.com\/factbox\/\" \/>\n<meta property=\"og:site_name\" content=\"Fleckscore\" \/>\n<meta property=\"article:modified_time\" content=\"2023-04-19T08:45:42+00:00\" \/>\n<meta name=\"twitter:card\" content=\"summary_large_image\" \/>\n<meta name=\"twitter:label1\" content=\"Becs\u00fclt olvas\u00e1si id\u0151\" \/>\n\t<meta name=\"twitter:data1\" content=\"2 perc\" \/>\n<script type=\"application\/ld+json\" class=\"yoast-schema-graph\">{\"@context\":\"https:\\\/\\\/schema.org\",\"@graph\":[{\"@type\":\"WebPage\",\"@id\":\"https:\\\/\\\/www.fleckscore.com\\\/factbox\\\/\",\"url\":\"https:\\\/\\\/www.fleckscore.com\\\/factbox\\\/\",\"name\":\"C\u00c9LJA - Fleckscore\",\"isPartOf\":{\"@id\":\"https:\\\/\\\/www.fleckscore.com\\\/#website\"},\"datePublished\":\"2020-11-03T10:56:46+00:00\",\"dateModified\":\"2023-04-19T08:45:42+00:00\",\"breadcrumb\":{\"@id\":\"https:\\\/\\\/www.fleckscore.com\\\/factbox\\\/#breadcrumb\"},\"inLanguage\":\"hu\",\"potentialAction\":[{\"@type\":\"ReadAction\",\"target\":[\"https:\\\/\\\/www.fleckscore.com\\\/factbox\\\/\"]}]},{\"@type\":\"BreadcrumbList\",\"@id\":\"https:\\\/\\\/www.fleckscore.com\\\/factbox\\\/#breadcrumb\",\"itemListElement\":[{\"@type\":\"ListItem\",\"position\":1,\"name\":\"Startseite\",\"item\":\"https:\\\/\\\/www.fleckscore.com\\\/\"},{\"@type\":\"ListItem\",\"position\":2,\"name\":\"C\u00c9LJA\"}]},{\"@type\":\"WebSite\",\"@id\":\"https:\\\/\\\/www.fleckscore.com\\\/#website\",\"url\":\"https:\\\/\\\/www.fleckscore.com\\\/\",\"name\":\"Fleckscore\",\"description\":\"Eine weitere WordPress-Website\",\"potentialAction\":[{\"@type\":\"SearchAction\",\"target\":{\"@type\":\"EntryPoint\",\"urlTemplate\":\"https:\\\/\\\/www.fleckscore.com\\\/?s={search_term_string}\"},\"query-input\":{\"@type\":\"PropertyValueSpecification\",\"valueRequired\":true,\"valueName\":\"search_term_string\"}}],\"inLanguage\":\"hu\"}]}<\/script>\n<!-- \/ Yoast SEO plugin. -->","yoast_head_json":{"title":"C\u00c9LJA - Fleckscore","robots":{"index":"index","follow":"follow","max-snippet":"max-snippet:-1","max-image-preview":"max-image-preview:large","max-video-preview":"max-video-preview:-1"},"canonical":"https:\/\/www.fleckscore.com\/factbox\/","og_locale":"hu_HU","og_type":"article","og_title":"C\u00c9LJA - Fleckscore","og_url":"https:\/\/www.fleckscore.com\/factbox\/","og_site_name":"Fleckscore","article_modified_time":"2023-04-19T08:45:42+00:00","twitter_card":"summary_large_image","twitter_misc":{"Becs\u00fclt olvas\u00e1si id\u0151":"2 perc"},"schema":{"@context":"https:\/\/schema.org","@graph":[{"@type":"WebPage","@id":"https:\/\/www.fleckscore.com\/factbox\/","url":"https:\/\/www.fleckscore.com\/factbox\/","name":"C\u00c9LJA - Fleckscore","isPartOf":{"@id":"https:\/\/www.fleckscore.com\/#website"},"datePublished":"2020-11-03T10:56:46+00:00","dateModified":"2023-04-19T08:45:42+00:00","breadcrumb":{"@id":"https:\/\/www.fleckscore.com\/factbox\/#breadcrumb"},"inLanguage":"hu","potentialAction":[{"@type":"ReadAction","target":["https:\/\/www.fleckscore.com\/factbox\/"]}]},{"@type":"BreadcrumbList","@id":"https:\/\/www.fleckscore.com\/factbox\/#breadcrumb","itemListElement":[{"@type":"ListItem","position":1,"name":"Startseite","item":"https:\/\/www.fleckscore.com\/"},{"@type":"ListItem","position":2,"name":"C\u00c9LJA"}]},{"@type":"WebSite","@id":"https:\/\/www.fleckscore.com\/#website","url":"https:\/\/www.fleckscore.com\/","name":"Fleckscore","description":"Eine weitere WordPress-Website","potentialAction":[{"@type":"SearchAction","target":{"@type":"EntryPoint","urlTemplate":"https:\/\/www.fleckscore.com\/?s={search_term_string}"},"query-input":{"@type":"PropertyValueSpecification","valueRequired":true,"valueName":"search_term_string"}}],"inLanguage":"hu"}]}},"_links":{"self":[{"href":"https:\/\/www.fleckscore.com\/hu\/wp-json\/wp\/v2\/pages\/1381","targetHints":{"allow":["GET"]}}],"collection":[{"href":"https:\/\/www.fleckscore.com\/hu\/wp-json\/wp\/v2\/pages"}],"about":[{"href":"https:\/\/www.fleckscore.com\/hu\/wp-json\/wp\/v2\/types\/page"}],"author":[{"embeddable":true,"href":"https:\/\/www.fleckscore.com\/hu\/wp-json\/wp\/v2\/users\/1"}],"replies":[{"embeddable":true,"href":"https:\/\/www.fleckscore.com\/hu\/wp-json\/wp\/v2\/comments?post=1381"}],"version-history":[{"count":2,"href":"https:\/\/www.fleckscore.com\/hu\/wp-json\/wp\/v2\/pages\/1381\/revisions"}],"predecessor-version":[{"id":1384,"href":"https:\/\/www.fleckscore.com\/hu\/wp-json\/wp\/v2\/pages\/1381\/revisions\/1384"}],"wp:attachment":[{"href":"https:\/\/www.fleckscore.com\/hu\/wp-json\/wp\/v2\/media?parent=1381"}],"curies":[{"name":"wp","href":"https:\/\/api.w.org\/{rel}","templated":true}]}}