{"id":1726,"date":"2020-11-03T11:58:30","date_gmt":"2020-11-03T10:58:30","guid":{"rendered":"http:\/\/fscore.indesign.at\/merkmale\/funktionsweise-und-nutzen\/"},"modified":"2021-06-15T10:43:34","modified_gmt":"2021-06-15T08:43:34","slug":"funktionsweise-und-nutzen","status":"publish","type":"page","link":"https:\/\/www.fleckscore.com\/hr\/merkmale\/funktionsweise-und-nutzen\/","title":{"rendered":"Rad i upotreba"},"content":{"rendered":"\n<style type=\"text\/css\" data-created_by=\"avia_inline_auto\" id=\"style-css-av-1ee2b-858500bcaae0a96fe12480d00835a0c3\">\n.flex_column.av-1ee2b-858500bcaae0a96fe12480d00835a0c3{\nborder-radius:0px 0px 0px 0px;\npadding:0px 0px 0px 0px;\n}\n<\/style>\n<div  class='flex_column av-1ee2b-858500bcaae0a96fe12480d00835a0c3 av_one_full  avia-builder-el-0  el_before_av_one_full  avia-builder-el-first  first flex_column_div av-zero-column-padding  '     ><section  class='av_textblock_section av-khenru7t-028b310ecf0159a12fec320218f7dd1a '   itemscope=\"itemscope\" itemtype=\"https:\/\/schema.org\/CreativeWork\" ><div class='avia_textblock'  itemprop=\"text\" ><h2>Rad i upotreba<\/h2>\n<p>Va\u017ean parametar kvalitete FleckScore sustava je izra\u010dun ukupnih ocjena iz pojedina\u010dnih svojstava i pronala\u017eenja mana kod okvira, nogu i vimena. Do sada je to bilo omogu\u0107eno samo profesionalnim ocjenjiva\u010dima koji su koristili elektroni\u010dke ure\u0111aje za upotrebu FleckScore sustava. Uz ovaj online dokument, uzgajiva\u010di i u\u010denici tako\u0111er mogu nau\u010diti sustav ocjene i upotrebljavati ga u praksi.<\/p>\n<p>Informacije o pojedina\u010dnim svojstvima i manama mogu se na\u0107i upotrebom Info gumba u online obrascu za ocjenjivanje. Pojedina\u010dna linearna svojstva opisana su na skali od 1 do 9 dok su mogu\u0107e mane vrijednosti 1 i 2. Kako bi se izra\u010dunale predlo\u017eene ocjene, sustav ra\u010duna udio svakog pojedinog svojstva sukladno njegovom utjecaju na du\u017einu produktivnog \u017eivota. Informacije o tome mo\u017eete na\u0107i pod\u00a0 \u201eIzra\u010dun ukupnih ocjena\u201c. Prijedlog ocjena za papke i noge te vime mo\u017ee biti prihva\u0107en od strane ocjenjiva\u010da ili mo\u017ee biti promijenjen za +\/- 3 boda. Stoga je ocjenjiva\u010du dana mogu\u0107nost prilagodbe promjene prijedloga ocjene za odre\u0111enu \u017eivotinju. Kod mladih krava srednja vrijednost neovisno o laktaciji na skali od 68-93 bodova je 80 bodova sa daljnjim pove\u0107anjem skale kod starijih krava za svojstva nogu i vimena. Kod krava u drugoj i tre\u0107oj laktaciji skala se mo\u017ee pro\u0161iriti na 94 i 95 bodova ako su svojstva nogu i vimena izrazito pozitivna.<\/p>\n<p>Krave simentalske pasmine svih dobnih skupina mogu se ocjenjivati putem internetskog obrasca. Zabilje\u017eene procjene se mogu proslijediti na unaprijed dogovorenu e-mail adresu\u00a0 gdje se mogu arhivirati i dalje obra\u0111ivati.<\/p>\n<p>Kao posebna usluga \u0161kolama i uzgojnim organizacijama nudi se program procjene za odr\u017eavanje natjecanja u ocjeni \u017eivotinja. Nakon slanja e-maila, podaci uneseni putem internetskog obrasca pretvaraju se u zapis koji se dalje mo\u017ee obra\u0111ivati putem programa procjene. Dakle, opisi sudionika mogu se uspore\u0111ivati s standardom i odstupanjima od standardnog izra\u010duna. Program procjene dostupan je na zahtjev <a href=\"mailto:gerald.pollak@noegen.at\">Ing. Gerald POLLAK<\/a>.<\/p>\n<\/div><\/section><br \/>\n\n<style type=\"text\/css\" data-created_by=\"avia_inline_auto\" id=\"style-css-av-khenru7t-ae259b900ccd6398bdbdda47e1c0529a\">\n#top .av_textblock_section.av-khenru7t-ae259b900ccd6398bdbdda47e1c0529a .avia_textblock{\ncolor:#000000;\n}\n<\/style>\n<section  class='av_textblock_section av-khenru7t-ae259b900ccd6398bdbdda47e1c0529a '   itemscope=\"itemscope\" itemtype=\"https:\/\/schema.org\/CreativeWork\" ><div class='avia_textblock av_inherit_color'  itemprop=\"text\" ><h2>Zavr\u0161ne upute<\/h2>\n<p><b><br \/>\n1.\u00a0\u00a0\u00a0 Ispunjavanje obaveznih polja za identifikaciju:<\/b><br \/>\nUpis odgovaraju\u0107e laktacije je osobito va\u017ean jer je izra\u010dun rezultata specifi\u010dan za laktaciju. Sustav osigurava opis vanj\u0161tine koji opisuje odstupanja od srednje vrijednosti populacije kroz laktacije te tako uzima u obzir fizi\u010dki razvoj krave. Upisom adrese e-maila definira se mjesto slanja rezultata.<br \/>\n<b>2.\u00a0\u00a0\u00a0 Dovr\u0161enje obaveznih polja pojedina\u010dnih svojstava i dodjeljivanje eventualnih mana<br \/>\n3.\u00a0\u00a0\u00a0 Potvrda ili promjena skupnih ocjena za noge i vime<br \/>\n4.\u00a0\u00a0\u00a0 \u201cPo\u0161alji\u201d gumb<\/b><br \/>\nPomo\u0107u ovog gumba ocjene se \u0161alju na navedenu adresu e-po\u0161te.<\/p>\n<p>Za daljnja pitanja o sustavu FleckScore i primjeni internetskog obrasca, molimo pogledajte navedenu adresu pod stavkom izbornika \u201e<a href=\"https:\/\/www.fleckscore.com\/hr\/kontakt\/\" target=\"_blank\" rel=\"noopener\">Kontakt<\/a>\u201c.<\/p>\n<\/div><\/section><\/p><\/div>\n<style type=\"text\/css\" data-created_by=\"avia_inline_auto\" id=\"style-css-av-swon-7597d032922ce4ca0f69960ab22d7fc7\">\n.flex_column.av-swon-7597d032922ce4ca0f69960ab22d7fc7{\nborder-radius:0px 0px 0px 0px;\npadding:0px 0px 0px 0px;\n}\n<\/style>\n<div  class='flex_column av-swon-7597d032922ce4ca0f69960ab22d7fc7 av_one_full  avia-builder-el-3  el_after_av_one_full  avia-builder-el-last  first flex_column_div av-zero-column-padding  column-top-margin'     ><\/div><\/p>\n","protected":false},"excerpt":{"rendered":"","protected":false},"author":1,"featured_media":0,"parent":1604,"menu_order":3,"comment_status":"closed","ping_status":"closed","template":"","meta":{"footnotes":""},"class_list":["post-1726","page","type-page","status-publish","hentry"],"yoast_head":"<!-- This site is optimized with the Yoast SEO plugin v27.4 - https:\/\/yoast.com\/product\/yoast-seo-wordpress\/ -->\n<title>Rad i upotreba - Fleckscore<\/title>\n<meta name=\"robots\" content=\"index, follow, max-snippet:-1, max-image-preview:large, max-video-preview:-1\" \/>\n<link rel=\"canonical\" href=\"https:\/\/www.fleckscore.com\/hr\/merkmale\/funktionsweise-und-nutzen\/\" \/>\n<meta property=\"og:locale\" content=\"hr_HR\" \/>\n<meta property=\"og:type\" content=\"article\" \/>\n<meta property=\"og:title\" content=\"Rad i upotreba - Fleckscore\" \/>\n<meta property=\"og:url\" content=\"https:\/\/www.fleckscore.com\/hr\/merkmale\/funktionsweise-und-nutzen\/\" \/>\n<meta property=\"og:site_name\" content=\"Fleckscore\" \/>\n<meta property=\"article:modified_time\" content=\"2021-06-15T08:43:34+00:00\" \/>\n<meta name=\"twitter:card\" content=\"summary_large_image\" \/>\n<meta name=\"twitter:label1\" content=\"Procijenjeno vrijeme \u010ditanja\" \/>\n\t<meta name=\"twitter:data1\" content=\"3 minute\" \/>\n<script type=\"application\/ld+json\" class=\"yoast-schema-graph\">{\"@context\":\"https:\\\/\\\/schema.org\",\"@graph\":[{\"@type\":\"WebPage\",\"@id\":\"https:\\\/\\\/www.fleckscore.com\\\/hr\\\/merkmale\\\/funktionsweise-und-nutzen\\\/\",\"url\":\"https:\\\/\\\/www.fleckscore.com\\\/hr\\\/merkmale\\\/funktionsweise-und-nutzen\\\/\",\"name\":\"Rad i upotreba - Fleckscore\",\"isPartOf\":{\"@id\":\"https:\\\/\\\/www.fleckscore.com\\\/#website\"},\"datePublished\":\"2020-11-03T10:58:30+00:00\",\"dateModified\":\"2021-06-15T08:43:34+00:00\",\"breadcrumb\":{\"@id\":\"https:\\\/\\\/www.fleckscore.com\\\/hr\\\/merkmale\\\/funktionsweise-und-nutzen\\\/#breadcrumb\"},\"inLanguage\":\"hr\",\"potentialAction\":[{\"@type\":\"ReadAction\",\"target\":[\"https:\\\/\\\/www.fleckscore.com\\\/hr\\\/merkmale\\\/funktionsweise-und-nutzen\\\/\"]}]},{\"@type\":\"BreadcrumbList\",\"@id\":\"https:\\\/\\\/www.fleckscore.com\\\/hr\\\/merkmale\\\/funktionsweise-und-nutzen\\\/#breadcrumb\",\"itemListElement\":[{\"@type\":\"ListItem\",\"position\":1,\"name\":\"Startseite\",\"item\":\"https:\\\/\\\/www.fleckscore.com\\\/\"},{\"@type\":\"ListItem\",\"position\":2,\"name\":\"SVOJSTVA\",\"item\":\"https:\\\/\\\/www.fleckscore.com\\\/hr\\\/merkmale\\\/\"},{\"@type\":\"ListItem\",\"position\":3,\"name\":\"Rad i upotreba\"}]},{\"@type\":\"WebSite\",\"@id\":\"https:\\\/\\\/www.fleckscore.com\\\/#website\",\"url\":\"https:\\\/\\\/www.fleckscore.com\\\/\",\"name\":\"Fleckscore\",\"description\":\"Eine weitere WordPress-Website\",\"potentialAction\":[{\"@type\":\"SearchAction\",\"target\":{\"@type\":\"EntryPoint\",\"urlTemplate\":\"https:\\\/\\\/www.fleckscore.com\\\/?s={search_term_string}\"},\"query-input\":{\"@type\":\"PropertyValueSpecification\",\"valueRequired\":true,\"valueName\":\"search_term_string\"}}],\"inLanguage\":\"hr\"}]}<\/script>\n<!-- \/ Yoast SEO plugin. -->","yoast_head_json":{"title":"Rad i upotreba - Fleckscore","robots":{"index":"index","follow":"follow","max-snippet":"max-snippet:-1","max-image-preview":"max-image-preview:large","max-video-preview":"max-video-preview:-1"},"canonical":"https:\/\/www.fleckscore.com\/hr\/merkmale\/funktionsweise-und-nutzen\/","og_locale":"hr_HR","og_type":"article","og_title":"Rad i upotreba - Fleckscore","og_url":"https:\/\/www.fleckscore.com\/hr\/merkmale\/funktionsweise-und-nutzen\/","og_site_name":"Fleckscore","article_modified_time":"2021-06-15T08:43:34+00:00","twitter_card":"summary_large_image","twitter_misc":{"Procijenjeno vrijeme \u010ditanja":"3 minute"},"schema":{"@context":"https:\/\/schema.org","@graph":[{"@type":"WebPage","@id":"https:\/\/www.fleckscore.com\/hr\/merkmale\/funktionsweise-und-nutzen\/","url":"https:\/\/www.fleckscore.com\/hr\/merkmale\/funktionsweise-und-nutzen\/","name":"Rad i upotreba - Fleckscore","isPartOf":{"@id":"https:\/\/www.fleckscore.com\/#website"},"datePublished":"2020-11-03T10:58:30+00:00","dateModified":"2021-06-15T08:43:34+00:00","breadcrumb":{"@id":"https:\/\/www.fleckscore.com\/hr\/merkmale\/funktionsweise-und-nutzen\/#breadcrumb"},"inLanguage":"hr","potentialAction":[{"@type":"ReadAction","target":["https:\/\/www.fleckscore.com\/hr\/merkmale\/funktionsweise-und-nutzen\/"]}]},{"@type":"BreadcrumbList","@id":"https:\/\/www.fleckscore.com\/hr\/merkmale\/funktionsweise-und-nutzen\/#breadcrumb","itemListElement":[{"@type":"ListItem","position":1,"name":"Startseite","item":"https:\/\/www.fleckscore.com\/"},{"@type":"ListItem","position":2,"name":"SVOJSTVA","item":"https:\/\/www.fleckscore.com\/hr\/merkmale\/"},{"@type":"ListItem","position":3,"name":"Rad i upotreba"}]},{"@type":"WebSite","@id":"https:\/\/www.fleckscore.com\/#website","url":"https:\/\/www.fleckscore.com\/","name":"Fleckscore","description":"Eine weitere WordPress-Website","potentialAction":[{"@type":"SearchAction","target":{"@type":"EntryPoint","urlTemplate":"https:\/\/www.fleckscore.com\/?s={search_term_string}"},"query-input":{"@type":"PropertyValueSpecification","valueRequired":true,"valueName":"search_term_string"}}],"inLanguage":"hr"}]}},"_links":{"self":[{"href":"https:\/\/www.fleckscore.com\/hr\/wp-json\/wp\/v2\/pages\/1726","targetHints":{"allow":["GET"]}}],"collection":[{"href":"https:\/\/www.fleckscore.com\/hr\/wp-json\/wp\/v2\/pages"}],"about":[{"href":"https:\/\/www.fleckscore.com\/hr\/wp-json\/wp\/v2\/types\/page"}],"author":[{"embeddable":true,"href":"https:\/\/www.fleckscore.com\/hr\/wp-json\/wp\/v2\/users\/1"}],"replies":[{"embeddable":true,"href":"https:\/\/www.fleckscore.com\/hr\/wp-json\/wp\/v2\/comments?post=1726"}],"version-history":[{"count":14,"href":"https:\/\/www.fleckscore.com\/hr\/wp-json\/wp\/v2\/pages\/1726\/revisions"}],"predecessor-version":[{"id":8548,"href":"https:\/\/www.fleckscore.com\/hr\/wp-json\/wp\/v2\/pages\/1726\/revisions\/8548"}],"up":[{"embeddable":true,"href":"https:\/\/www.fleckscore.com\/hr\/wp-json\/wp\/v2\/pages\/1604"}],"wp:attachment":[{"href":"https:\/\/www.fleckscore.com\/hr\/wp-json\/wp\/v2\/media?parent=1726"}],"curies":[{"name":"wp","href":"https:\/\/api.w.org\/{rel}","templated":true}]}}