{"id":1363,"date":"2020-11-03T11:56:46","date_gmt":"2020-11-03T10:56:46","guid":{"rendered":"http:\/\/fscore.indesign.at\/factbox\/"},"modified":"2023-04-19T10:45:42","modified_gmt":"2023-04-19T08:45:42","slug":"factbox","status":"publish","type":"page","link":"https:\/\/www.fleckscore.com\/hr\/factbox\/","title":{"rendered":"\u010cINJENICE"},"content":{"rendered":"\n<style type=\"text\/css\" data-created_by=\"avia_inline_auto\" id=\"style-css-av-1ea7a-1b39c5293a978978e3fa4872a0d66068\">\n.flex_column.av-1ea7a-1b39c5293a978978e3fa4872a0d66068{\nborder-radius:0px 0px 0px 0px;\npadding:0px 0px 0px 0px;\n}\n<\/style>\n<div  class='flex_column av-1ea7a-1b39c5293a978978e3fa4872a0d66068 av_one_full  avia-builder-el-0  avia-builder-el-no-sibling  first flex_column_div av-zero-column-padding  '     ><p>\n<style type=\"text\/css\" data-created_by=\"avia_inline_auto\" id=\"style-css-av-kkgljyxr-c20bdaf91d84d0388c617b9a49884eb2\">\n#top .av-special-heading.av-kkgljyxr-c20bdaf91d84d0388c617b9a49884eb2{\npadding-bottom:10px;\n}\nbody .av-special-heading.av-kkgljyxr-c20bdaf91d84d0388c617b9a49884eb2 .av-special-heading-tag .heading-char{\nfont-size:25px;\n}\n.av-special-heading.av-kkgljyxr-c20bdaf91d84d0388c617b9a49884eb2 .av-subheading{\nfont-size:15px;\n}\n<\/style>\n<div  class='av-special-heading av-kkgljyxr-c20bdaf91d84d0388c617b9a49884eb2 av-special-heading-h1  avia-builder-el-1  el_before_av_textblock  avia-builder-el-first '><h1 class='av-special-heading-tag '  itemprop=\"headline\"  >Fleckscore informacije<\/h1><div class=\"special-heading-border\"><div class=\"special-heading-inner-border\"><\/div><\/div><\/div><br \/>\n<section  class='av_textblock_section av-kh20um3l-faee3f9f9229546f4e8506aeb97e376d '   itemscope=\"itemscope\" itemtype=\"https:\/\/schema.org\/CreativeWork\" ><div class='avia_textblock'  itemprop=\"text\" ><ul>\n<li>Cilj i svrha ocjene vanj\u0161tine stoke simentalske pasmine goveda pomo\u0107u sustava FleckScore je \u0161to ranije mogu\u0107a identifikacija i opis onih svojstava vanj\u0161tine koji imaju pozitivan utjecaj na du\u017einu produktivnog \u017eivota, kao i dobivanje podataka potrebnih za genetsko vrednovanje svojstava vanj\u0161tine<\/li>\n<li>Sustavom je obuhva\u0107eno 22 pojedinih svojstava koja se mjere ili opisuju na skali od 1 do 9 od jednog do drugog biolo\u0161kog ekstrema.<\/li>\n<li>Prikazuju su ukupne ocjene za okvir, mi\u0161i\u010davost, noge i vime.<\/li>\n<li>Na osnovu pojedina\u010dnih ocjena elektronski se ra\u010dunaju skupne ocjene za okvir, noge i vime.<\/li>\n<li>Znanstvena istra\u017eivanja za optimizaciju produktivne du\u017eine \u017eivota \u010dine osnovu za procjenu pojedina\u010dnih svojstava u izra\u010dunu skupnih ocjena.<\/li>\n<li>Skupne ocjene su izra\u010dunate vezano za redni broj laktacije.<\/li>\n<li>Skupne ocjene su u slu\u010daju mladih krava prezentirane na dvoznamenkastoj skali od 68 do 93 boda sa mogu\u0107no\u0161\u0107u pove\u010danja\u00a0 skale u slu\u010daju krava sa vi\u0161e laktacija.<\/li>\n<li>Za svako skupno svojstvo prosjek populacije je otprilike 80 bodova.<\/li>\n<li>Stoga Fleckscore osigurava\u00a0 ocjenu eksterijera koja opisuje odstupanja od prosjeka populacije kroz laktacije te tako uzima u obzir budu\u0107i fizi\u010dki razvoj krava.<\/li>\n<\/ul>\n<\/div><\/section><\/p><\/div>\n","protected":false},"excerpt":{"rendered":"","protected":false},"author":1,"featured_media":0,"parent":0,"menu_order":38,"comment_status":"closed","ping_status":"closed","template":"","meta":{"footnotes":""},"class_list":["post-1363","page","type-page","status-publish","hentry"],"yoast_head":"<!-- This site is optimized with the Yoast SEO plugin v27.4 - https:\/\/yoast.com\/product\/yoast-seo-wordpress\/ -->\n<title>\u010cINJENICE - Fleckscore<\/title>\n<meta name=\"robots\" content=\"index, follow, max-snippet:-1, max-image-preview:large, max-video-preview:-1\" \/>\n<link rel=\"canonical\" href=\"https:\/\/www.fleckscore.com\/factbox\/\" \/>\n<meta property=\"og:locale\" content=\"hr_HR\" \/>\n<meta property=\"og:type\" content=\"article\" \/>\n<meta property=\"og:title\" content=\"\u010cINJENICE - Fleckscore\" \/>\n<meta property=\"og:url\" content=\"https:\/\/www.fleckscore.com\/factbox\/\" \/>\n<meta property=\"og:site_name\" content=\"Fleckscore\" \/>\n<meta property=\"article:modified_time\" content=\"2023-04-19T08:45:42+00:00\" \/>\n<meta name=\"twitter:card\" content=\"summary_large_image\" \/>\n<meta name=\"twitter:label1\" content=\"Procijenjeno vrijeme \u010ditanja\" \/>\n\t<meta name=\"twitter:data1\" content=\"2 minute\" \/>\n<script type=\"application\/ld+json\" class=\"yoast-schema-graph\">{\"@context\":\"https:\\\/\\\/schema.org\",\"@graph\":[{\"@type\":\"WebPage\",\"@id\":\"https:\\\/\\\/www.fleckscore.com\\\/factbox\\\/\",\"url\":\"https:\\\/\\\/www.fleckscore.com\\\/factbox\\\/\",\"name\":\"\u010cINJENICE - Fleckscore\",\"isPartOf\":{\"@id\":\"https:\\\/\\\/www.fleckscore.com\\\/#website\"},\"datePublished\":\"2020-11-03T10:56:46+00:00\",\"dateModified\":\"2023-04-19T08:45:42+00:00\",\"breadcrumb\":{\"@id\":\"https:\\\/\\\/www.fleckscore.com\\\/factbox\\\/#breadcrumb\"},\"inLanguage\":\"hr\",\"potentialAction\":[{\"@type\":\"ReadAction\",\"target\":[\"https:\\\/\\\/www.fleckscore.com\\\/factbox\\\/\"]}]},{\"@type\":\"BreadcrumbList\",\"@id\":\"https:\\\/\\\/www.fleckscore.com\\\/factbox\\\/#breadcrumb\",\"itemListElement\":[{\"@type\":\"ListItem\",\"position\":1,\"name\":\"Startseite\",\"item\":\"https:\\\/\\\/www.fleckscore.com\\\/\"},{\"@type\":\"ListItem\",\"position\":2,\"name\":\"\u010cINJENICE\"}]},{\"@type\":\"WebSite\",\"@id\":\"https:\\\/\\\/www.fleckscore.com\\\/#website\",\"url\":\"https:\\\/\\\/www.fleckscore.com\\\/\",\"name\":\"Fleckscore\",\"description\":\"Eine weitere WordPress-Website\",\"potentialAction\":[{\"@type\":\"SearchAction\",\"target\":{\"@type\":\"EntryPoint\",\"urlTemplate\":\"https:\\\/\\\/www.fleckscore.com\\\/?s={search_term_string}\"},\"query-input\":{\"@type\":\"PropertyValueSpecification\",\"valueRequired\":true,\"valueName\":\"search_term_string\"}}],\"inLanguage\":\"hr\"}]}<\/script>\n<!-- \/ Yoast SEO plugin. -->","yoast_head_json":{"title":"\u010cINJENICE - Fleckscore","robots":{"index":"index","follow":"follow","max-snippet":"max-snippet:-1","max-image-preview":"max-image-preview:large","max-video-preview":"max-video-preview:-1"},"canonical":"https:\/\/www.fleckscore.com\/factbox\/","og_locale":"hr_HR","og_type":"article","og_title":"\u010cINJENICE - Fleckscore","og_url":"https:\/\/www.fleckscore.com\/factbox\/","og_site_name":"Fleckscore","article_modified_time":"2023-04-19T08:45:42+00:00","twitter_card":"summary_large_image","twitter_misc":{"Procijenjeno vrijeme \u010ditanja":"2 minute"},"schema":{"@context":"https:\/\/schema.org","@graph":[{"@type":"WebPage","@id":"https:\/\/www.fleckscore.com\/factbox\/","url":"https:\/\/www.fleckscore.com\/factbox\/","name":"\u010cINJENICE - Fleckscore","isPartOf":{"@id":"https:\/\/www.fleckscore.com\/#website"},"datePublished":"2020-11-03T10:56:46+00:00","dateModified":"2023-04-19T08:45:42+00:00","breadcrumb":{"@id":"https:\/\/www.fleckscore.com\/factbox\/#breadcrumb"},"inLanguage":"hr","potentialAction":[{"@type":"ReadAction","target":["https:\/\/www.fleckscore.com\/factbox\/"]}]},{"@type":"BreadcrumbList","@id":"https:\/\/www.fleckscore.com\/factbox\/#breadcrumb","itemListElement":[{"@type":"ListItem","position":1,"name":"Startseite","item":"https:\/\/www.fleckscore.com\/"},{"@type":"ListItem","position":2,"name":"\u010cINJENICE"}]},{"@type":"WebSite","@id":"https:\/\/www.fleckscore.com\/#website","url":"https:\/\/www.fleckscore.com\/","name":"Fleckscore","description":"Eine weitere WordPress-Website","potentialAction":[{"@type":"SearchAction","target":{"@type":"EntryPoint","urlTemplate":"https:\/\/www.fleckscore.com\/?s={search_term_string}"},"query-input":{"@type":"PropertyValueSpecification","valueRequired":true,"valueName":"search_term_string"}}],"inLanguage":"hr"}]}},"_links":{"self":[{"href":"https:\/\/www.fleckscore.com\/hr\/wp-json\/wp\/v2\/pages\/1363","targetHints":{"allow":["GET"]}}],"collection":[{"href":"https:\/\/www.fleckscore.com\/hr\/wp-json\/wp\/v2\/pages"}],"about":[{"href":"https:\/\/www.fleckscore.com\/hr\/wp-json\/wp\/v2\/types\/page"}],"author":[{"embeddable":true,"href":"https:\/\/www.fleckscore.com\/hr\/wp-json\/wp\/v2\/users\/1"}],"replies":[{"embeddable":true,"href":"https:\/\/www.fleckscore.com\/hr\/wp-json\/wp\/v2\/comments?post=1363"}],"version-history":[{"count":6,"href":"https:\/\/www.fleckscore.com\/hr\/wp-json\/wp\/v2\/pages\/1363\/revisions"}],"predecessor-version":[{"id":7669,"href":"https:\/\/www.fleckscore.com\/hr\/wp-json\/wp\/v2\/pages\/1363\/revisions\/7669"}],"wp:attachment":[{"href":"https:\/\/www.fleckscore.com\/hr\/wp-json\/wp\/v2\/media?parent=1363"}],"curies":[{"name":"wp","href":"https:\/\/api.w.org\/{rel}","templated":true}]}}