{"id":1947,"date":"2020-11-03T12:01:31","date_gmt":"2020-11-03T11:01:31","guid":{"rendered":"http:\/\/fscore.indesign.at\/merkmale\/berechnung-der-gesamtnoten\/euter\/"},"modified":"2022-03-10T09:15:45","modified_gmt":"2022-03-10T08:15:45","slug":"euter","status":"publish","type":"page","link":"https:\/\/www.fleckscore.com\/fr\/merkmale\/berechnung-der-gesamtnoten\/euter\/","title":{"rendered":"Mamelle"},"content":{"rendered":"\n<style type=\"text\/css\" data-created_by=\"avia_inline_auto\" id=\"style-css-av-e855-fad686f58338fb7ae98faf7348ddf479\">\n.flex_column.av-e855-fad686f58338fb7ae98faf7348ddf479{\nborder-radius:0px 0px 0px 0px;\npadding:0px 0px 0px 0px;\n}\n<\/style>\n<div  class='flex_column av-e855-fad686f58338fb7ae98faf7348ddf479 av_one_full  avia-builder-el-0  el_before_av_two_fifth  avia-builder-el-first  first flex_column_div av-zero-column-padding  '     ><section  class='av_textblock_section av-khfxxx0p-b0cf7f416596106595a7e860870d1b8b '   itemscope=\"itemscope\" itemtype=\"https:\/\/schema.org\/CreativeWork\" ><div class='avia_textblock'  itemprop=\"text\" ><div id=\"c216\" class=\"frame default\">\n<h1 class=\"\">Note de Mamelle<\/h1>\n<\/div>\n<div id=\"c217\" class=\"frame default\">\n<p>Dans la note de MAMELLE, les 10 postes individuels sont pond\u00e9r\u00e9s en fonction de leur effet sur la dur\u00e9e de vie productive. Dans le cas de la MAMELLE, les d\u00e9fauts entrainent des d\u00e9ductions de la note.<\/p>\n<p>Pond\u00e9ration des postes individuels pour le calcul de la note MAMELLE:<\/p>\n<\/div>\n<\/div><\/section><\/div>\n\n<style type=\"text\/css\" data-created_by=\"avia_inline_auto\" id=\"style-css-av-3jt15-7ba289cef634c1aab7d44be48a71f26f\">\n.flex_column.av-3jt15-7ba289cef634c1aab7d44be48a71f26f{\nborder-radius:0px 0px 0px 0px;\npadding:0px 0px 0px 0px;\n}\n<\/style>\n<div  class='flex_column av-3jt15-7ba289cef634c1aab7d44be48a71f26f av_two_fifth  avia-builder-el-2  el_after_av_one_full  el_before_av_one_half  first flex_column_div av-zero-column-padding  column-top-margin'     ><style type=\"text\/css\" data-created_by=\"avia_inline_auto\" id=\"style-css-av-khfxyvuy-ffe980c9d60064361ca62f1554d3b353\">\n.avia-image-container.av-khfxyvuy-ffe980c9d60064361ca62f1554d3b353 img.avia_image{\nbox-shadow:none;\n}\n.avia-image-container.av-khfxyvuy-ffe980c9d60064361ca62f1554d3b353 .av-image-caption-overlay-center{\ncolor:#ffffff;\n}\n<\/style>\n<div  class='avia-image-container av-khfxyvuy-ffe980c9d60064361ca62f1554d3b353 av-styling- av-img-linked avia-align-left  avia-builder-el-3  avia-builder-el-no-sibling '   itemprop=\"image\" itemscope=\"itemscope\" itemtype=\"https:\/\/schema.org\/ImageObject\" ><div class=\"avia-image-container-inner\"><div class=\"avia-image-overlay-wrap\"><a href=\"https:\/\/www.fleckscore.com\/wp-content\/uploads\/2021\/02\/Gesamtnote-Euter-frz.gif\" class='avia_image '  aria-label='Gesamtnote Euter frz'><img decoding=\"async\" fetchpriority=\"high\" class='wp-image-3062 avia-img-lazy-loading-not-3062 avia_image ' src=\"https:\/\/www.fleckscore.com\/wp-content\/uploads\/2021\/02\/Gesamtnote-Euter-frz.gif\" alt='' title='Gesamtnote Euter frz'  height=\"304\" width=\"361\"  itemprop=\"thumbnailUrl\"  \/><\/a><\/div><\/div><\/div><\/div>\n\n<style type=\"text\/css\" data-created_by=\"avia_inline_auto\" id=\"style-css-av-2y6bt-8e3b5778f27f2259087d707874fbc017\">\n.flex_column.av-2y6bt-8e3b5778f27f2259087d707874fbc017{\nborder-radius:0px 0px 0px 0px;\npadding:0px 0px 0px 0px;\n}\n<\/style>\n<div  class='flex_column av-2y6bt-8e3b5778f27f2259087d707874fbc017 av_one_half  avia-builder-el-4  el_after_av_two_fifth  el_before_av_heading  flex_column_div av-zero-column-padding  column-top-margin'     ><style type=\"text\/css\" data-created_by=\"avia_inline_auto\" id=\"style-css-av-khfxyvuy-39c0e21da77ce71ed7a16b2e9dc25530\">\n.avia-image-container.av-khfxyvuy-39c0e21da77ce71ed7a16b2e9dc25530 img.avia_image{\nbox-shadow:none;\n}\n.avia-image-container.av-khfxyvuy-39c0e21da77ce71ed7a16b2e9dc25530 .av-image-caption-overlay-center{\ncolor:#ffffff;\n}\n<\/style>\n<div  class='avia-image-container av-khfxyvuy-39c0e21da77ce71ed7a16b2e9dc25530 av-styling- av-img-linked avia-align-left  avia-builder-el-5  avia-builder-el-no-sibling '   itemprop=\"image\" itemscope=\"itemscope\" itemtype=\"https:\/\/schema.org\/ImageObject\" ><div class=\"avia-image-container-inner\"><div class=\"avia-image-overlay-wrap\"><a href=\"https:\/\/www.fleckscore.com\/wp-content\/uploads\/2021\/02\/Euter-1.jpg\" data-srcset=\"https:\/\/www.fleckscore.com\/wp-content\/uploads\/2021\/02\/Euter-1.jpg 925w, https:\/\/www.fleckscore.com\/wp-content\/uploads\/2021\/02\/Euter-1-300x177.jpg 300w, https:\/\/www.fleckscore.com\/wp-content\/uploads\/2021\/02\/Euter-1-768x454.jpg 768w, https:\/\/www.fleckscore.com\/wp-content\/uploads\/2021\/02\/Euter-1-705x417.jpg 705w\" data-sizes=\"(max-width: 925px) 100vw, 925px\" class='avia_image '  aria-label='Euter'><img decoding=\"async\" fetchpriority=\"high\" class='wp-image-3046 avia-img-lazy-loading-not-3046 avia_image ' src=\"https:\/\/www.fleckscore.com\/wp-content\/uploads\/2021\/02\/Euter-1.jpg\" alt='' title='Euter'  height=\"547\" width=\"925\"  itemprop=\"thumbnailUrl\" srcset=\"https:\/\/www.fleckscore.com\/wp-content\/uploads\/2021\/02\/Euter-1.jpg 925w, https:\/\/www.fleckscore.com\/wp-content\/uploads\/2021\/02\/Euter-1-300x177.jpg 300w, https:\/\/www.fleckscore.com\/wp-content\/uploads\/2021\/02\/Euter-1-768x454.jpg 768w, https:\/\/www.fleckscore.com\/wp-content\/uploads\/2021\/02\/Euter-1-705x417.jpg 705w\" sizes=\"(max-width: 925px) 100vw, 925px\" \/><\/a><\/div><\/div><\/div><\/div>\n\n<style type=\"text\/css\" data-created_by=\"avia_inline_auto\" id=\"style-css-av-37gukb-b57a1a3fb9c540e3eb2b90e485c48ab9\">\n#top .av-special-heading.av-37gukb-b57a1a3fb9c540e3eb2b90e485c48ab9{\npadding-bottom:10px;\n}\nbody .av-special-heading.av-37gukb-b57a1a3fb9c540e3eb2b90e485c48ab9 .av-special-heading-tag .heading-char{\nfont-size:25px;\n}\n.av-special-heading.av-37gukb-b57a1a3fb9c540e3eb2b90e485c48ab9 .av-subheading{\nfont-size:15px;\n}\n<\/style>\n<div  class='av-special-heading av-37gukb-b57a1a3fb9c540e3eb2b90e485c48ab9 av-special-heading-h3  avia-builder-el-6  el_after_av_one_half  el_before_av_one_half '><h3 class='av-special-heading-tag '  itemprop=\"headline\"  >D\u00e9fauts<\/h3><div class=\"special-heading-border\"><div class=\"special-heading-inner-border\"><\/div><\/div><\/div>\n\n<style type=\"text\/css\" data-created_by=\"avia_inline_auto\" id=\"style-css-av-2afe1-bf642ae45a1332dde3c6ba6de976245f\">\n.flex_column.av-2afe1-bf642ae45a1332dde3c6ba6de976245f{\nborder-radius:0px 0px 0px 0px;\npadding:0px 0px 0px 0px;\n}\n<\/style>\n<div  class='flex_column av-2afe1-bf642ae45a1332dde3c6ba6de976245f av_one_half  avia-builder-el-7  el_after_av_heading  el_before_av_one_half  first flex_column_div av-zero-column-padding  '     ><section  class='av_textblock_section av-khfxxx0p-213f3b7084f217b4f13f4b50f066e86a '   itemscope=\"itemscope\" itemtype=\"https:\/\/schema.org\/CreativeWork\" ><div class='avia_textblock'  itemprop=\"text\" ><ul>\n<li>Oed\u00e8me mammaire<\/li>\n<li>D\u00e9s\u00e9quilibre de la mamelle<\/li>\n<li>trayon arri\u00e8re court<\/li>\n<\/ul>\n<\/div><\/section><\/div>\n<style type=\"text\/css\" data-created_by=\"avia_inline_auto\" id=\"style-css-av-1hgvh-3b8bdbe96ae8a46ca3db8cc95d340e8b\">\n.flex_column.av-1hgvh-3b8bdbe96ae8a46ca3db8cc95d340e8b{\nborder-radius:0px 0px 0px 0px;\npadding:0px 0px 0px 0px;\n}\n<\/style>\n<div  class='flex_column av-1hgvh-3b8bdbe96ae8a46ca3db8cc95d340e8b av_one_half  avia-builder-el-9  el_after_av_one_half  el_before_av_one_full  flex_column_div av-zero-column-padding  '     ><section  class='av_textblock_section av-khfxxx0p-b0cf7f416596106595a7e860870d1b8b '   itemscope=\"itemscope\" itemtype=\"https:\/\/schema.org\/CreativeWork\" ><div class='avia_textblock'  itemprop=\"text\" ><ul>\n<li>Trayons malform\u00e9s<\/li>\n<li>Orientation externe des trayons avant<\/li>\n<li>Orientation des trayons vers l\u2019avant<\/li>\n<\/ul>\n<\/div><\/section><\/div><\/p>\n\n<style type=\"text\/css\" data-created_by=\"avia_inline_auto\" id=\"style-css-av-13rct-6492037f4de6afb4847fa7a42a1eadfc\">\n.flex_column.av-13rct-6492037f4de6afb4847fa7a42a1eadfc{\nborder-radius:0px 0px 0px 0px;\npadding:0px 0px 0px 0px;\n}\n<\/style>\n<div  class='flex_column av-13rct-6492037f4de6afb4847fa7a42a1eadfc av_one_full  avia-builder-el-11  el_after_av_one_half  avia-builder-el-last  first flex_column_div av-zero-column-padding  column-top-margin'     ><style type=\"text\/css\" data-created_by=\"avia_inline_auto\" id=\"style-css-av-khfxyvuy-cc9c6568cbc309e52f92ee2476dce57d\">\n.avia-image-container.av-khfxyvuy-cc9c6568cbc309e52f92ee2476dce57d img.avia_image{\nbox-shadow:none;\n}\n.avia-image-container.av-khfxyvuy-cc9c6568cbc309e52f92ee2476dce57d .av-image-caption-overlay-center{\ncolor:#ffffff;\n}\n<\/style>\n<div  class='avia-image-container av-khfxyvuy-cc9c6568cbc309e52f92ee2476dce57d av-styling- av-img-linked avia-align-left  avia-builder-el-12  avia-builder-el-no-sibling '   itemprop=\"image\" itemscope=\"itemscope\" itemtype=\"https:\/\/schema.org\/ImageObject\" ><div class=\"avia-image-container-inner\"><div class=\"avia-image-overlay-wrap\"><a href=\"https:\/\/www.fleckscore.com\/wp-content\/uploads\/2021\/02\/Punktetabelle-Fundament-und-Euter-neu.gif\" class='avia_image '  aria-label='Punktetabelle Fundament und Euter neu'><img decoding=\"async\" fetchpriority=\"high\" class='wp-image-3079 avia-img-lazy-loading-not-3079 avia_image ' src=\"https:\/\/www.fleckscore.com\/wp-content\/uploads\/2021\/02\/Punktetabelle-Fundament-und-Euter-neu.gif\" alt='' title='Punktetabelle Fundament und Euter neu'  height=\"91\" width=\"818\"  itemprop=\"thumbnailUrl\"  \/><\/a><\/div><\/div><\/div><\/div>\n","protected":false},"excerpt":{"rendered":"","protected":false},"author":1,"featured_media":0,"parent":1813,"menu_order":4,"comment_status":"closed","ping_status":"closed","template":"","meta":{"footnotes":""},"class_list":["post-1947","page","type-page","status-publish","hentry"],"yoast_head":"<!-- This site is optimized with the Yoast SEO plugin v27.4 - https:\/\/yoast.com\/product\/yoast-seo-wordpress\/ -->\n<title>Mamelle - Fleckscore<\/title>\n<meta name=\"robots\" content=\"index, follow, max-snippet:-1, max-image-preview:large, max-video-preview:-1\" \/>\n<link rel=\"canonical\" href=\"https:\/\/www.fleckscore.com\/fr\/merkmale\/berechnung-der-gesamtnoten\/euter\/\" \/>\n<meta property=\"og:locale\" content=\"fr_FR\" \/>\n<meta property=\"og:type\" content=\"article\" \/>\n<meta property=\"og:title\" content=\"Mamelle - Fleckscore\" \/>\n<meta property=\"og:url\" content=\"https:\/\/www.fleckscore.com\/fr\/merkmale\/berechnung-der-gesamtnoten\/euter\/\" \/>\n<meta property=\"og:site_name\" content=\"Fleckscore\" \/>\n<meta property=\"article:modified_time\" content=\"2022-03-10T08:15:45+00:00\" \/>\n<meta name=\"twitter:card\" content=\"summary_large_image\" \/>\n<meta name=\"twitter:label1\" content=\"Dur\u00e9e de lecture estim\u00e9e\" \/>\n\t<meta name=\"twitter:data1\" content=\"3 minutes\" \/>\n<script type=\"application\/ld+json\" class=\"yoast-schema-graph\">{\"@context\":\"https:\\\/\\\/schema.org\",\"@graph\":[{\"@type\":\"WebPage\",\"@id\":\"https:\\\/\\\/www.fleckscore.com\\\/fr\\\/merkmale\\\/berechnung-der-gesamtnoten\\\/euter\\\/\",\"url\":\"https:\\\/\\\/www.fleckscore.com\\\/fr\\\/merkmale\\\/berechnung-der-gesamtnoten\\\/euter\\\/\",\"name\":\"Mamelle - Fleckscore\",\"isPartOf\":{\"@id\":\"https:\\\/\\\/www.fleckscore.com\\\/#website\"},\"datePublished\":\"2020-11-03T11:01:31+00:00\",\"dateModified\":\"2022-03-10T08:15:45+00:00\",\"breadcrumb\":{\"@id\":\"https:\\\/\\\/www.fleckscore.com\\\/fr\\\/merkmale\\\/berechnung-der-gesamtnoten\\\/euter\\\/#breadcrumb\"},\"inLanguage\":\"fr-FR\",\"potentialAction\":[{\"@type\":\"ReadAction\",\"target\":[\"https:\\\/\\\/www.fleckscore.com\\\/fr\\\/merkmale\\\/berechnung-der-gesamtnoten\\\/euter\\\/\"]}]},{\"@type\":\"BreadcrumbList\",\"@id\":\"https:\\\/\\\/www.fleckscore.com\\\/fr\\\/merkmale\\\/berechnung-der-gesamtnoten\\\/euter\\\/#breadcrumb\",\"itemListElement\":[{\"@type\":\"ListItem\",\"position\":1,\"name\":\"Startseite\",\"item\":\"https:\\\/\\\/www.fleckscore.com\\\/\"},{\"@type\":\"ListItem\",\"position\":2,\"name\":\"FONCTIONNALIT\u00c8S\",\"item\":\"https:\\\/\\\/www.fleckscore.com\\\/fr\\\/merkmale\\\/\"},{\"@type\":\"ListItem\",\"position\":3,\"name\":\"Calcul de la note globale\",\"item\":\"https:\\\/\\\/www.fleckscore.com\\\/fr\\\/merkmale\\\/berechnung-der-gesamtnoten\\\/\"},{\"@type\":\"ListItem\",\"position\":4,\"name\":\"Mamelle\"}]},{\"@type\":\"WebSite\",\"@id\":\"https:\\\/\\\/www.fleckscore.com\\\/#website\",\"url\":\"https:\\\/\\\/www.fleckscore.com\\\/\",\"name\":\"Fleckscore\",\"description\":\"Eine weitere WordPress-Website\",\"potentialAction\":[{\"@type\":\"SearchAction\",\"target\":{\"@type\":\"EntryPoint\",\"urlTemplate\":\"https:\\\/\\\/www.fleckscore.com\\\/?s={search_term_string}\"},\"query-input\":{\"@type\":\"PropertyValueSpecification\",\"valueRequired\":true,\"valueName\":\"search_term_string\"}}],\"inLanguage\":\"fr-FR\"}]}<\/script>\n<!-- \/ Yoast SEO plugin. -->","yoast_head_json":{"title":"Mamelle - Fleckscore","robots":{"index":"index","follow":"follow","max-snippet":"max-snippet:-1","max-image-preview":"max-image-preview:large","max-video-preview":"max-video-preview:-1"},"canonical":"https:\/\/www.fleckscore.com\/fr\/merkmale\/berechnung-der-gesamtnoten\/euter\/","og_locale":"fr_FR","og_type":"article","og_title":"Mamelle - Fleckscore","og_url":"https:\/\/www.fleckscore.com\/fr\/merkmale\/berechnung-der-gesamtnoten\/euter\/","og_site_name":"Fleckscore","article_modified_time":"2022-03-10T08:15:45+00:00","twitter_card":"summary_large_image","twitter_misc":{"Dur\u00e9e de lecture estim\u00e9e":"3 minutes"},"schema":{"@context":"https:\/\/schema.org","@graph":[{"@type":"WebPage","@id":"https:\/\/www.fleckscore.com\/fr\/merkmale\/berechnung-der-gesamtnoten\/euter\/","url":"https:\/\/www.fleckscore.com\/fr\/merkmale\/berechnung-der-gesamtnoten\/euter\/","name":"Mamelle - Fleckscore","isPartOf":{"@id":"https:\/\/www.fleckscore.com\/#website"},"datePublished":"2020-11-03T11:01:31+00:00","dateModified":"2022-03-10T08:15:45+00:00","breadcrumb":{"@id":"https:\/\/www.fleckscore.com\/fr\/merkmale\/berechnung-der-gesamtnoten\/euter\/#breadcrumb"},"inLanguage":"fr-FR","potentialAction":[{"@type":"ReadAction","target":["https:\/\/www.fleckscore.com\/fr\/merkmale\/berechnung-der-gesamtnoten\/euter\/"]}]},{"@type":"BreadcrumbList","@id":"https:\/\/www.fleckscore.com\/fr\/merkmale\/berechnung-der-gesamtnoten\/euter\/#breadcrumb","itemListElement":[{"@type":"ListItem","position":1,"name":"Startseite","item":"https:\/\/www.fleckscore.com\/"},{"@type":"ListItem","position":2,"name":"FONCTIONNALIT\u00c8S","item":"https:\/\/www.fleckscore.com\/fr\/merkmale\/"},{"@type":"ListItem","position":3,"name":"Calcul de la note globale","item":"https:\/\/www.fleckscore.com\/fr\/merkmale\/berechnung-der-gesamtnoten\/"},{"@type":"ListItem","position":4,"name":"Mamelle"}]},{"@type":"WebSite","@id":"https:\/\/www.fleckscore.com\/#website","url":"https:\/\/www.fleckscore.com\/","name":"Fleckscore","description":"Eine weitere WordPress-Website","potentialAction":[{"@type":"SearchAction","target":{"@type":"EntryPoint","urlTemplate":"https:\/\/www.fleckscore.com\/?s={search_term_string}"},"query-input":{"@type":"PropertyValueSpecification","valueRequired":true,"valueName":"search_term_string"}}],"inLanguage":"fr-FR"}]}},"_links":{"self":[{"href":"https:\/\/www.fleckscore.com\/fr\/wp-json\/wp\/v2\/pages\/1947","targetHints":{"allow":["GET"]}}],"collection":[{"href":"https:\/\/www.fleckscore.com\/fr\/wp-json\/wp\/v2\/pages"}],"about":[{"href":"https:\/\/www.fleckscore.com\/fr\/wp-json\/wp\/v2\/types\/page"}],"author":[{"embeddable":true,"href":"https:\/\/www.fleckscore.com\/fr\/wp-json\/wp\/v2\/users\/1"}],"replies":[{"embeddable":true,"href":"https:\/\/www.fleckscore.com\/fr\/wp-json\/wp\/v2\/comments?post=1947"}],"version-history":[{"count":8,"href":"https:\/\/www.fleckscore.com\/fr\/wp-json\/wp\/v2\/pages\/1947\/revisions"}],"predecessor-version":[{"id":8813,"href":"https:\/\/www.fleckscore.com\/fr\/wp-json\/wp\/v2\/pages\/1947\/revisions\/8813"}],"up":[{"embeddable":true,"href":"https:\/\/www.fleckscore.com\/fr\/wp-json\/wp\/v2\/pages\/1813"}],"wp:attachment":[{"href":"https:\/\/www.fleckscore.com\/fr\/wp-json\/wp\/v2\/media?parent=1947"}],"curies":[{"name":"wp","href":"https:\/\/api.w.org\/{rel}","templated":true}]}}