{"id":1741,"date":"2020-11-03T11:58:30","date_gmt":"2020-11-03T10:58:30","guid":{"rendered":"http:\/\/fscore.indesign.at\/merkmale\/funktionsweise-und-nutzen\/"},"modified":"2021-06-15T10:48:03","modified_gmt":"2021-06-15T08:48:03","slug":"funktionsweise-und-nutzen","status":"publish","type":"page","link":"https:\/\/www.fleckscore.com\/fr\/merkmale\/funktionsweise-und-nutzen\/","title":{"rendered":"Fonctionnement et utilisation"},"content":{"rendered":"\n<style type=\"text\/css\" data-created_by=\"avia_inline_auto\" id=\"style-css-av-1ee2b-858500bcaae0a96fe12480d00835a0c3\">\n.flex_column.av-1ee2b-858500bcaae0a96fe12480d00835a0c3{\nborder-radius:0px 0px 0px 0px;\npadding:0px 0px 0px 0px;\n}\n<\/style>\n<div  class='flex_column av-1ee2b-858500bcaae0a96fe12480d00835a0c3 av_one_full  avia-builder-el-0  el_before_av_one_full  avia-builder-el-first  first flex_column_div av-zero-column-padding  '     ><section  class='av_textblock_section av-khenru7t-028b310ecf0159a12fec320218f7dd1a '   itemscope=\"itemscope\" itemtype=\"https:\/\/schema.org\/CreativeWork\" ><div class='avia_textblock'  itemprop=\"text\" ><h2>Fonctionnement et utilisation<\/h2>\n<p>Un param\u00e8tre important du syst\u00e8me FleckScore est la d\u00e9rivation des scores totaux \u00e0 partir des postes individuels et des enregistrements de d\u00e9fauts pour le d\u00e9veloppement, les aplombs et la mamelle. Jusqu\u2019\u00e0 pr\u00e9sent, seuls les \u00e9valuateurs professionnels du b\u00e9tail utilisant des enregistreurs \u00e9lectroniques pouvaient utiliser FleckScore. Avec ce document d\u2019information en ligne, les \u00e9leveurs et les \u00e9coliers peuvent \u00e9galement apprendre le syst\u00e8me et en faire un usage pratique.<\/p>\n<p>L\u2019information sur les postes individuels et d\u00e9fauts peut \u00eatre appel\u00e9e \u00e0 l\u2019aide du bouton Info dans le document d\u2019information en ligne. Les postes individuels sont d\u00e9crits sur une \u00e9chelle de 1 \u00e0 9, tandis que les d\u00e9fauts possibles sont attribu\u00e9s \u00e0 la diff\u00e9renciation 1 et 2. Les contributions des postes individuels selon leur effet sur la dur\u00e9e de vie productive sont pond\u00e9r\u00e9es \u00e0 partir du syst\u00e8me de calcul des notes propos\u00e9es. Vous trouverez des renseignements \u00e0 ce sujet sous l\u2019\u00e9l\u00e9ment de menu\u00a0 Calcul du total des points. La proposition saisie pour les aplombs et la mamelle peut \u00eatre modifi\u00e9e par l\u2019\u00e9valuateur de +\/- 3 points. Donc, les yeux des experts sont toujours recherch\u00e9s pour la capacit\u00e9 d\u2019adapter la proposition \u00e0 un animal sp\u00e9cifique. La moyenne de la population, ind\u00e9pendante de la lactation, correspond \u00e0 environ 80 points sur une \u00e9chelle de 68 \u00e0 93 points dans le cas des g\u00e9nisses et \u00e0 une hausse de l\u2019\u00e9chelle dans le cas des vaches multipares.<\/p>\n<p>Avec le document d\u2019informations en ligne, les vaches Simmental de tout \u00e2ge peuvent \u00eatre d\u00e9crites. Les \u00e9valuations consign\u00e9es sont envoy\u00e9es \u00e0 une adresse postale pr\u00e9cise \u00e0 laquelle elles peuvent \u00eatre archiv\u00e9es trait\u00e9es davantage.<\/p>\n<p>En tant que service sp\u00e9cial pour les \u00e9coles et les organismes d\u2019\u00e9levage bovin, un programme d\u2019\u00e9valuation pour la tenue de concours d\u2019\u00e9valuation des animaux est propos\u00e9. Les donn\u00e9es enregistr\u00e9es \u00e0 l\u2019aide du document d\u2019information en ligne sont converties apr\u00e8s la livraison du courrier en une cha\u00eene qui peut \u00eatre trait\u00e9e ult\u00e9rieurement \u00e0 l\u2019aide du programme d\u2019\u00e9valuation. Les descriptions des participants peuvent donc \u00eatre compar\u00e9es \u00e0 une norme et les \u00e9carts par rapport \u00e0 la description type peuvent ainsi \u00eatre calcul\u00e9s. Le programme d\u2019\u00e9valuation est disponible sur demande aupr\u00e8s de <a href=\"mailto:gerald.pollak@noegen.at\">Ing. Gerald POLLAK<\/a>.<br \/>\n<br class=\"avia-permanent-lb\" \/><\/p>\n<\/div><\/section><br \/>\n\n<style type=\"text\/css\" data-created_by=\"avia_inline_auto\" id=\"style-css-av-khenru7t-ae259b900ccd6398bdbdda47e1c0529a\">\n#top .av_textblock_section.av-khenru7t-ae259b900ccd6398bdbdda47e1c0529a .avia_textblock{\ncolor:#000000;\n}\n<\/style>\n<section  class='av_textblock_section av-khenru7t-ae259b900ccd6398bdbdda47e1c0529a '   itemscope=\"itemscope\" itemtype=\"https:\/\/schema.org\/CreativeWork\" ><div class='avia_textblock av_inherit_color'  itemprop=\"text\" ><h2><strong>Instruction de remplissage<br \/>\n<\/strong><\/h2>\n<ol>\n<li><strong>Remplir les champs obligatoires pour l\u2019identification: <\/strong><br \/>\nsp\u00e9cifique \u00e0 la lactation. Le syst\u00e8me fournit des descriptions ext\u00e9rieures qui d\u00e9crivent les \u00e9carts par rapport \u00e0 la moyenne de la population au cours des lactations et tiennent ainsi compte du d\u00e9veloppement physique ult\u00e9rieur de la vache. Avec la sp\u00e9cification d\u2019une adresse mail, l\u2019emplacement d\u2019exp\u00e9dition des r\u00e9sultats est d\u00e9fini.<\/li>\n<li><strong>Remplir les champs obligatoires des caract\u00e8res uniques et assigner les d\u00e9fauts possibles.<\/strong><\/li>\n<li><strong>Confirmation ou modification des notes globales pour les aplombs et mamelle<\/strong><\/li>\n<li><strong>Bouton \u00ab Envoyer maintenant \u00bb<\/strong><\/li>\n<\/ol>\n<p>La description entr\u00e9e est envoy\u00e9e \u00e0 l\u2019adresse indiqu\u00e9e en utilisant ceci.<\/p>\n<p>Pour toute autre question sur le syst\u00e8me FleckScore et l\u2019utilisation du document d\u2019information en ligne, il faut se reporter \u00e0 l\u2019adresse indiqu\u00e9e sous l\u2019\u00e9l\u00e9ment du menu <a href=\"https:\/\/www.fleckscore.com\/fr\/kontakt\/\">Contact<\/a>.<\/p>\n<\/div><\/section><\/p><\/div>\n<style type=\"text\/css\" data-created_by=\"avia_inline_auto\" id=\"style-css-av-swon-7597d032922ce4ca0f69960ab22d7fc7\">\n.flex_column.av-swon-7597d032922ce4ca0f69960ab22d7fc7{\nborder-radius:0px 0px 0px 0px;\npadding:0px 0px 0px 0px;\n}\n<\/style>\n<div  class='flex_column av-swon-7597d032922ce4ca0f69960ab22d7fc7 av_one_full  avia-builder-el-3  el_after_av_one_full  avia-builder-el-last  first flex_column_div av-zero-column-padding  column-top-margin'     ><\/div><\/p>\n","protected":false},"excerpt":{"rendered":"","protected":false},"author":1,"featured_media":0,"parent":1614,"menu_order":3,"comment_status":"closed","ping_status":"closed","template":"","meta":{"footnotes":""},"class_list":["post-1741","page","type-page","status-publish","hentry"],"yoast_head":"<!-- This site is optimized with the Yoast SEO plugin v27.4 - https:\/\/yoast.com\/product\/yoast-seo-wordpress\/ -->\n<title>Fonctionnement et utilisation - Fleckscore<\/title>\n<meta name=\"robots\" content=\"index, follow, max-snippet:-1, max-image-preview:large, max-video-preview:-1\" \/>\n<link rel=\"canonical\" href=\"https:\/\/www.fleckscore.com\/fr\/merkmale\/funktionsweise-und-nutzen\/\" \/>\n<meta property=\"og:locale\" content=\"fr_FR\" \/>\n<meta property=\"og:type\" content=\"article\" \/>\n<meta property=\"og:title\" content=\"Fonctionnement et utilisation - Fleckscore\" \/>\n<meta property=\"og:url\" content=\"https:\/\/www.fleckscore.com\/fr\/merkmale\/funktionsweise-und-nutzen\/\" \/>\n<meta property=\"og:site_name\" content=\"Fleckscore\" \/>\n<meta property=\"article:modified_time\" content=\"2021-06-15T08:48:03+00:00\" \/>\n<meta name=\"twitter:card\" content=\"summary_large_image\" \/>\n<meta name=\"twitter:label1\" content=\"Dur\u00e9e de lecture estim\u00e9e\" \/>\n\t<meta name=\"twitter:data1\" content=\"3 minutes\" \/>\n<script type=\"application\/ld+json\" class=\"yoast-schema-graph\">{\"@context\":\"https:\\\/\\\/schema.org\",\"@graph\":[{\"@type\":\"WebPage\",\"@id\":\"https:\\\/\\\/www.fleckscore.com\\\/fr\\\/merkmale\\\/funktionsweise-und-nutzen\\\/\",\"url\":\"https:\\\/\\\/www.fleckscore.com\\\/fr\\\/merkmale\\\/funktionsweise-und-nutzen\\\/\",\"name\":\"Fonctionnement et utilisation - Fleckscore\",\"isPartOf\":{\"@id\":\"https:\\\/\\\/www.fleckscore.com\\\/#website\"},\"datePublished\":\"2020-11-03T10:58:30+00:00\",\"dateModified\":\"2021-06-15T08:48:03+00:00\",\"breadcrumb\":{\"@id\":\"https:\\\/\\\/www.fleckscore.com\\\/fr\\\/merkmale\\\/funktionsweise-und-nutzen\\\/#breadcrumb\"},\"inLanguage\":\"fr-FR\",\"potentialAction\":[{\"@type\":\"ReadAction\",\"target\":[\"https:\\\/\\\/www.fleckscore.com\\\/fr\\\/merkmale\\\/funktionsweise-und-nutzen\\\/\"]}]},{\"@type\":\"BreadcrumbList\",\"@id\":\"https:\\\/\\\/www.fleckscore.com\\\/fr\\\/merkmale\\\/funktionsweise-und-nutzen\\\/#breadcrumb\",\"itemListElement\":[{\"@type\":\"ListItem\",\"position\":1,\"name\":\"Startseite\",\"item\":\"https:\\\/\\\/www.fleckscore.com\\\/\"},{\"@type\":\"ListItem\",\"position\":2,\"name\":\"FONCTIONNALIT\u00c8S\",\"item\":\"https:\\\/\\\/www.fleckscore.com\\\/fr\\\/merkmale\\\/\"},{\"@type\":\"ListItem\",\"position\":3,\"name\":\"Fonctionnement et utilisation\"}]},{\"@type\":\"WebSite\",\"@id\":\"https:\\\/\\\/www.fleckscore.com\\\/#website\",\"url\":\"https:\\\/\\\/www.fleckscore.com\\\/\",\"name\":\"Fleckscore\",\"description\":\"Eine weitere WordPress-Website\",\"potentialAction\":[{\"@type\":\"SearchAction\",\"target\":{\"@type\":\"EntryPoint\",\"urlTemplate\":\"https:\\\/\\\/www.fleckscore.com\\\/?s={search_term_string}\"},\"query-input\":{\"@type\":\"PropertyValueSpecification\",\"valueRequired\":true,\"valueName\":\"search_term_string\"}}],\"inLanguage\":\"fr-FR\"}]}<\/script>\n<!-- \/ Yoast SEO plugin. -->","yoast_head_json":{"title":"Fonctionnement et utilisation - Fleckscore","robots":{"index":"index","follow":"follow","max-snippet":"max-snippet:-1","max-image-preview":"max-image-preview:large","max-video-preview":"max-video-preview:-1"},"canonical":"https:\/\/www.fleckscore.com\/fr\/merkmale\/funktionsweise-und-nutzen\/","og_locale":"fr_FR","og_type":"article","og_title":"Fonctionnement et utilisation - Fleckscore","og_url":"https:\/\/www.fleckscore.com\/fr\/merkmale\/funktionsweise-und-nutzen\/","og_site_name":"Fleckscore","article_modified_time":"2021-06-15T08:48:03+00:00","twitter_card":"summary_large_image","twitter_misc":{"Dur\u00e9e de lecture estim\u00e9e":"3 minutes"},"schema":{"@context":"https:\/\/schema.org","@graph":[{"@type":"WebPage","@id":"https:\/\/www.fleckscore.com\/fr\/merkmale\/funktionsweise-und-nutzen\/","url":"https:\/\/www.fleckscore.com\/fr\/merkmale\/funktionsweise-und-nutzen\/","name":"Fonctionnement et utilisation - Fleckscore","isPartOf":{"@id":"https:\/\/www.fleckscore.com\/#website"},"datePublished":"2020-11-03T10:58:30+00:00","dateModified":"2021-06-15T08:48:03+00:00","breadcrumb":{"@id":"https:\/\/www.fleckscore.com\/fr\/merkmale\/funktionsweise-und-nutzen\/#breadcrumb"},"inLanguage":"fr-FR","potentialAction":[{"@type":"ReadAction","target":["https:\/\/www.fleckscore.com\/fr\/merkmale\/funktionsweise-und-nutzen\/"]}]},{"@type":"BreadcrumbList","@id":"https:\/\/www.fleckscore.com\/fr\/merkmale\/funktionsweise-und-nutzen\/#breadcrumb","itemListElement":[{"@type":"ListItem","position":1,"name":"Startseite","item":"https:\/\/www.fleckscore.com\/"},{"@type":"ListItem","position":2,"name":"FONCTIONNALIT\u00c8S","item":"https:\/\/www.fleckscore.com\/fr\/merkmale\/"},{"@type":"ListItem","position":3,"name":"Fonctionnement et utilisation"}]},{"@type":"WebSite","@id":"https:\/\/www.fleckscore.com\/#website","url":"https:\/\/www.fleckscore.com\/","name":"Fleckscore","description":"Eine weitere WordPress-Website","potentialAction":[{"@type":"SearchAction","target":{"@type":"EntryPoint","urlTemplate":"https:\/\/www.fleckscore.com\/?s={search_term_string}"},"query-input":{"@type":"PropertyValueSpecification","valueRequired":true,"valueName":"search_term_string"}}],"inLanguage":"fr-FR"}]}},"_links":{"self":[{"href":"https:\/\/www.fleckscore.com\/fr\/wp-json\/wp\/v2\/pages\/1741","targetHints":{"allow":["GET"]}}],"collection":[{"href":"https:\/\/www.fleckscore.com\/fr\/wp-json\/wp\/v2\/pages"}],"about":[{"href":"https:\/\/www.fleckscore.com\/fr\/wp-json\/wp\/v2\/types\/page"}],"author":[{"embeddable":true,"href":"https:\/\/www.fleckscore.com\/fr\/wp-json\/wp\/v2\/users\/1"}],"replies":[{"embeddable":true,"href":"https:\/\/www.fleckscore.com\/fr\/wp-json\/wp\/v2\/comments?post=1741"}],"version-history":[{"count":14,"href":"https:\/\/www.fleckscore.com\/fr\/wp-json\/wp\/v2\/pages\/1741\/revisions"}],"predecessor-version":[{"id":8555,"href":"https:\/\/www.fleckscore.com\/fr\/wp-json\/wp\/v2\/pages\/1741\/revisions\/8555"}],"up":[{"embeddable":true,"href":"https:\/\/www.fleckscore.com\/fr\/wp-json\/wp\/v2\/pages\/1614"}],"wp:attachment":[{"href":"https:\/\/www.fleckscore.com\/fr\/wp-json\/wp\/v2\/media?parent=1741"}],"curies":[{"name":"wp","href":"https:\/\/api.w.org\/{rel}","templated":true}]}}