{"id":1859,"date":"2020-11-03T12:00:36","date_gmt":"2020-11-03T11:00:36","guid":{"rendered":"http:\/\/fscore.indesign.at\/merkmale\/berechnung-der-gesamtnoten\/bemuskelung\/"},"modified":"2021-02-23T14:58:05","modified_gmt":"2021-02-23T13:58:05","slug":"bemuskelung","status":"publish","type":"page","link":"https:\/\/www.fleckscore.com\/cs\/merkmale\/berechnung-der-gesamtnoten\/bemuskelung\/","title":{"rendered":"Osvalen\u00ed"},"content":{"rendered":"\n<style type=\"text\/css\" data-created_by=\"avia_inline_auto\" id=\"style-css-av-1i0xl-ffbf032c683023428842e194788b12a0\">\n.flex_column.av-1i0xl-ffbf032c683023428842e194788b12a0{\nborder-radius:0px 0px 0px 0px;\npadding:0px 0px 0px 0px;\n}\n<\/style>\n<div  class='flex_column av-1i0xl-ffbf032c683023428842e194788b12a0 av_two_third  avia-builder-el-0  el_before_av_one_third  avia-builder-el-first  first flex_column_div av-zero-column-padding  '     ><section  class='av_textblock_section av-kheuzof8-f14ab983c5c137127b9a7881011ac35b '   itemscope=\"itemscope\" itemtype=\"https:\/\/schema.org\/CreativeWork\" ><div class='avia_textblock'  itemprop=\"text\" ><div id=\"c202\" class=\"frame default\">\n<h1 class=\"\">Souhrnn\u00e1 zn\u00e1mka OSVALEN\u00cd<\/h1>\n<p>Popis osvalen\u00ed zadn\u00edch k\u00fdt je obdobn\u00fd jako v r\u00e1mci syst\u00e9mu EUROP.<\/p>\n<\/div>\n<\/div><\/section><br \/>\n\n<style type=\"text\/css\" data-created_by=\"avia_inline_auto\" id=\"style-css-av-khev5wm0-0b433f336da89f0c253787bc0abe32d7\">\n.avia-image-container.av-khev5wm0-0b433f336da89f0c253787bc0abe32d7 img.avia_image{\nbox-shadow:none;\n}\n.avia-image-container.av-khev5wm0-0b433f336da89f0c253787bc0abe32d7 .av-image-caption-overlay-center{\ncolor:#ffffff;\n}\n<\/style>\n<div  class='avia-image-container av-khev5wm0-0b433f336da89f0c253787bc0abe32d7 av-styling- av-img-linked avia-align-left  avia-builder-el-2  el_after_av_textblock  el_before_av_image '   itemprop=\"image\" itemscope=\"itemscope\" itemtype=\"https:\/\/schema.org\/ImageObject\" ><div class=\"avia-image-container-inner\"><div class=\"avia-image-overlay-wrap\"><a href=\"https:\/\/www.fleckscore.com\/wp-content\/uploads\/2021\/02\/Bemuskelung-OSVALENI.jpg\" data-srcset=\"https:\/\/www.fleckscore.com\/wp-content\/uploads\/2021\/02\/Bemuskelung-OSVALENI.jpg 600w, https:\/\/www.fleckscore.com\/wp-content\/uploads\/2021\/02\/Bemuskelung-OSVALENI-300x212.jpg 300w, https:\/\/www.fleckscore.com\/wp-content\/uploads\/2021\/02\/Bemuskelung-OSVALENI-260x185.jpg 260w\" data-sizes=\"(max-width: 600px) 100vw, 600px\" class='avia_image '  aria-label='Bemuskelung OSVALEN\u00cd'><img decoding=\"async\" fetchpriority=\"high\" class='wp-image-4480 avia-img-lazy-loading-not-4480 avia_image ' src=\"https:\/\/www.fleckscore.com\/wp-content\/uploads\/2021\/02\/Bemuskelung-OSVALENI.jpg\" alt='' title='Bemuskelung OSVALEN\u00cd'  height=\"424\" width=\"600\"  itemprop=\"thumbnailUrl\" srcset=\"https:\/\/www.fleckscore.com\/wp-content\/uploads\/2021\/02\/Bemuskelung-OSVALENI.jpg 600w, https:\/\/www.fleckscore.com\/wp-content\/uploads\/2021\/02\/Bemuskelung-OSVALENI-300x212.jpg 300w, https:\/\/www.fleckscore.com\/wp-content\/uploads\/2021\/02\/Bemuskelung-OSVALENI-260x185.jpg 260w\" sizes=\"(max-width: 600px) 100vw, 600px\" \/><\/a><\/div><\/div><\/div><br \/>\n\n<style type=\"text\/css\" data-created_by=\"avia_inline_auto\" id=\"style-css-av-khev5wm0-ace4690946b54ce2aed1c7d87d7177c6\">\n.avia-image-container.av-khev5wm0-ace4690946b54ce2aed1c7d87d7177c6 img.avia_image{\nbox-shadow:none;\n}\n.avia-image-container.av-khev5wm0-ace4690946b54ce2aed1c7d87d7177c6 .av-image-caption-overlay-center{\ncolor:#ffffff;\n}\n<\/style>\n<div  class='avia-image-container av-khev5wm0-ace4690946b54ce2aed1c7d87d7177c6 av-styling- av-img-linked avia-align-left  avia-builder-el-3  el_after_av_image  avia-builder-el-last '   itemprop=\"image\" itemscope=\"itemscope\" itemtype=\"https:\/\/schema.org\/ImageObject\" ><div class=\"avia-image-container-inner\"><div class=\"avia-image-overlay-wrap\"><a href=\"https:\/\/www.fleckscore.com\/wp-content\/uploads\/2021\/02\/Punkte-Bemuskelung.gif\" class='avia_image '  aria-label='Punkte Bemuskelung'><img decoding=\"async\" fetchpriority=\"high\" class='wp-image-4496 avia-img-lazy-loading-not-4496 avia_image ' src=\"https:\/\/www.fleckscore.com\/wp-content\/uploads\/2021\/02\/Punkte-Bemuskelung.gif\" alt='' title='Punkte Bemuskelung'  height=\"79\" width=\"813\"  itemprop=\"thumbnailUrl\"  \/><\/a><\/div><\/div><\/div><\/p><\/div>\n<style type=\"text\/css\" data-created_by=\"avia_inline_auto\" id=\"style-css-av-1mbmm-5f1bae8a21ce7582107d4411a649323f\">\n.flex_column.av-1mbmm-5f1bae8a21ce7582107d4411a649323f{\nborder-width:1px;\nborder-color:#a76434;\nborder-style:solid;\nborder-radius:0px 0px 0px 0px;\npadding:20px 20px 20px 20px;\nbackground-color:#f8f3ee;\n}\n<\/style>\n<div  class='flex_column av-1mbmm-5f1bae8a21ce7582107d4411a649323f av_one_third  avia-builder-el-4  el_after_av_two_third  el_before_av_one_full  flex_column_div  '     ><section  class='av_textblock_section av-khkt1rap-555b8a9518ce6f2fd0bed89c0b9aea72 '   itemscope=\"itemscope\" itemtype=\"https:\/\/schema.org\/CreativeWork\" ><div class='avia_textblock'  itemprop=\"text\" ><h2>NOVINKY<\/h2>\n<\/div><\/section><br \/>\n<div  class='av-alb-blogposts template-blog  newslisteblack '  itemscope=\"itemscope\" itemtype=\"https:\/\/schema.org\/Blog\" ><article class='post-entry post-entry-type-standard post-entry-9334 post-loop-1 post-parity-odd bloglist-simple  post-9334 post type-post status-publish format-standard hentry category-news-cs'  itemscope=\"itemscope\" itemtype=\"https:\/\/schema.org\/BlogPosting\" ><div class='blog-meta'><\/div><div class='entry-content-wrapper clearfix standard-content'><header class=\"entry-content-header\"><div class=\"av-heading-wrapper\"><h2 class='post-title entry-title '  itemprop=\"headline\" ><a href=\"https:\/\/www.fleckscore.com\/cs\/nemecka-simentalska-vystava-2023\/\" rel=\"bookmark\" title=\"Permanent Link: N\u011bmeck\u00e1 siment\u00e1lsk\u00e1 v\u00fdstava 2023\">N\u011bmeck\u00e1 siment\u00e1lsk\u00e1 v\u00fdstava 2023<span class=\"post-format-icon minor-meta\"><\/span><\/a><\/h2><span class=\"blog-categories minor-meta\"><a href=\"https:\/\/www.fleckscore.com\/cs\/category\/news-cs\/\" rel=\"tag\">News<\/a> <\/span><\/div><\/header><footer class=\"entry-footer\"><\/footer><div class='post_delimiter'><\/div><\/div><div class='post_author_timeline'><\/div><span class='hidden'>\n\t\t\t\t<span class='av-structured-data'  itemprop=\"image\" itemscope=\"itemscope\" itemtype=\"https:\/\/schema.org\/ImageObject\" >\n\t\t\t\t\t\t<span itemprop='url'>\/wp-content\/uploads\/2020\/11\/logo.jpg<\/span>\n\t\t\t\t\t\t<span itemprop='height'>0<\/span>\n\t\t\t\t\t\t<span itemprop='width'>0<\/span>\n\t\t\t\t<\/span>\n\t\t\t\t<span class='av-structured-data'  itemprop=\"publisher\" itemtype=\"https:\/\/schema.org\/Organization\" itemscope=\"itemscope\" >\n\t\t\t\t\t\t<span itemprop='name'>Barbara St\u00fcckler<\/span>\n\t\t\t\t\t\t<span itemprop='logo' itemscope itemtype='https:\/\/schema.org\/ImageObject'>\n\t\t\t\t\t\t\t<span itemprop='url'>\/wp-content\/uploads\/2020\/11\/logo.jpg<\/span>\n\t\t\t\t\t\t<\/span>\n\t\t\t\t<\/span><span class='av-structured-data'  itemprop=\"author\" itemscope=\"itemscope\" itemtype=\"https:\/\/schema.org\/Person\" ><span itemprop='name'>Barbara St\u00fcckler<\/span><\/span><span class='av-structured-data'  itemprop=\"datePublished\" datetime=\"2022-12-28T20:50:54+01:00\" >2022-12-28 20:50:54<\/span><span class='av-structured-data'  itemprop=\"dateModified\" itemtype=\"https:\/\/schema.org\/dateModified\" >2022-12-28 20:50:55<\/span><span class='av-structured-data'  itemprop=\"mainEntityOfPage\" itemtype=\"https:\/\/schema.org\/mainEntityOfPage\" ><span itemprop='name'>N\u011bmeck\u00e1 siment\u00e1lsk\u00e1 v\u00fdstava 2023<\/span><\/span><\/span><\/article><article class='post-entry post-entry-type-standard post-entry-2280 post-loop-2 post-parity-even bloglist-simple  post-2280 post type-post status-publish format-standard hentry category-news-cs'  itemscope=\"itemscope\" itemtype=\"https:\/\/schema.org\/BlogPosting\" ><div class='blog-meta'><\/div><div class='entry-content-wrapper clearfix standard-content'><header class=\"entry-content-header\"><div class=\"av-heading-wrapper\"><h2 class='post-title entry-title '  itemprop=\"headline\" ><a href=\"https:\/\/www.fleckscore.com\/cs\/2018-evf-exterieur-meeting-in-tschechien\/\" rel=\"bookmark\" title=\"Permanent Link: 2018 &#8211; EVF Exterieur-Meeting in Tschechien\">2018 &#8211; EVF Exterieur-Meeting in Tschechien<span class=\"post-format-icon minor-meta\"><\/span><\/a><\/h2><span class=\"blog-categories minor-meta\"><a href=\"https:\/\/www.fleckscore.com\/cs\/category\/news-cs\/\" rel=\"tag\">News<\/a> <\/span><\/div><\/header><footer class=\"entry-footer\"><\/footer><div class='post_delimiter'><\/div><\/div><div class='post_author_timeline'><\/div><span class='hidden'>\n\t\t\t\t<span class='av-structured-data'  itemprop=\"image\" itemscope=\"itemscope\" itemtype=\"https:\/\/schema.org\/ImageObject\" >\n\t\t\t\t\t\t<span itemprop='url'>\/wp-content\/uploads\/2020\/11\/logo.jpg<\/span>\n\t\t\t\t\t\t<span itemprop='height'>0<\/span>\n\t\t\t\t\t\t<span itemprop='width'>0<\/span>\n\t\t\t\t<\/span>\n\t\t\t\t<span class='av-structured-data'  itemprop=\"publisher\" itemtype=\"https:\/\/schema.org\/Organization\" itemscope=\"itemscope\" >\n\t\t\t\t\t\t<span itemprop='name'>Barbara St\u00fcckler<\/span>\n\t\t\t\t\t\t<span itemprop='logo' itemscope itemtype='https:\/\/schema.org\/ImageObject'>\n\t\t\t\t\t\t\t<span itemprop='url'>\/wp-content\/uploads\/2020\/11\/logo.jpg<\/span>\n\t\t\t\t\t\t<\/span>\n\t\t\t\t<\/span><span class='av-structured-data'  itemprop=\"author\" itemscope=\"itemscope\" itemtype=\"https:\/\/schema.org\/Person\" ><span itemprop='name'>Barbara St\u00fcckler<\/span><\/span><span class='av-structured-data'  itemprop=\"datePublished\" datetime=\"2020-11-16T15:47:11+01:00\" >2020-11-16 15:47:11<\/span><span class='av-structured-data'  itemprop=\"dateModified\" itemtype=\"https:\/\/schema.org\/dateModified\" >2021-03-17 09:11:27<\/span><span class='av-structured-data'  itemprop=\"mainEntityOfPage\" itemtype=\"https:\/\/schema.org\/mainEntityOfPage\" ><span itemprop='name'>2018 &#8211; EVF Exterieur-Meeting in Tschechien<\/span><\/span><\/span><\/article><article class='post-entry post-entry-type-standard post-entry-2277 post-loop-3 post-parity-odd post-entry-last bloglist-simple  post-2277 post type-post status-publish format-standard hentry category-news-cs'  itemscope=\"itemscope\" itemtype=\"https:\/\/schema.org\/BlogPosting\" ><div class='blog-meta'><\/div><div class='entry-content-wrapper clearfix standard-content'><header class=\"entry-content-header\"><div class=\"av-heading-wrapper\"><h2 class='post-title entry-title '  itemprop=\"headline\" ><a href=\"https:\/\/www.fleckscore.com\/cs\/handbuch-zu-fleckscore-mehrsprachig-erhaeltlich\/\" rel=\"bookmark\" title=\"Permanent Link: Manu\u00e1l k FleckScore \u2013 k dispozici ve v\u00edce jazykov\u00fdch mutac\u00edch\">Manu\u00e1l k FleckScore \u2013 k dispozici ve v\u00edce jazykov\u00fdch mutac\u00edch<span class=\"post-format-icon minor-meta\"><\/span><\/a><\/h2><span class=\"blog-categories minor-meta\"><a href=\"https:\/\/www.fleckscore.com\/cs\/category\/news-cs\/\" rel=\"tag\">News<\/a> <\/span><\/div><\/header><footer class=\"entry-footer\"><\/footer><div class='post_delimiter'><\/div><\/div><div class='post_author_timeline'><\/div><span class='hidden'>\n\t\t\t\t<span class='av-structured-data'  itemprop=\"image\" itemscope=\"itemscope\" itemtype=\"https:\/\/schema.org\/ImageObject\" >\n\t\t\t\t\t\t<span itemprop='url'>\/wp-content\/uploads\/2020\/11\/logo.jpg<\/span>\n\t\t\t\t\t\t<span itemprop='height'>0<\/span>\n\t\t\t\t\t\t<span itemprop='width'>0<\/span>\n\t\t\t\t<\/span>\n\t\t\t\t<span class='av-structured-data'  itemprop=\"publisher\" itemtype=\"https:\/\/schema.org\/Organization\" itemscope=\"itemscope\" >\n\t\t\t\t\t\t<span itemprop='name'>admin<\/span>\n\t\t\t\t\t\t<span itemprop='logo' itemscope itemtype='https:\/\/schema.org\/ImageObject'>\n\t\t\t\t\t\t\t<span itemprop='url'>\/wp-content\/uploads\/2020\/11\/logo.jpg<\/span>\n\t\t\t\t\t\t<\/span>\n\t\t\t\t<\/span><span class='av-structured-data'  itemprop=\"author\" itemscope=\"itemscope\" itemtype=\"https:\/\/schema.org\/Person\" ><span itemprop='name'>admin<\/span><\/span><span class='av-structured-data'  itemprop=\"datePublished\" datetime=\"2020-11-03T14:24:01+01:00\" >2020-11-03 14:24:01<\/span><span class='av-structured-data'  itemprop=\"dateModified\" itemtype=\"https:\/\/schema.org\/dateModified\" >2021-06-09 11:03:32<\/span><span class='av-structured-data'  itemprop=\"mainEntityOfPage\" itemtype=\"https:\/\/schema.org\/mainEntityOfPage\" ><span itemprop='name'>Manu\u00e1l k FleckScore \u2013 k dispozici ve v\u00edce jazykov\u00fdch mutac\u00edch<\/span><\/span><\/span><\/article><\/div><\/p><\/div><\/p>\n\n<style type=\"text\/css\" data-created_by=\"avia_inline_auto\" id=\"style-css-av-44pp-4be51e96c7c67d4068653216e5a24ddb\">\n.flex_column.av-44pp-4be51e96c7c67d4068653216e5a24ddb{\nborder-radius:0px 0px 0px 0px;\npadding:0px 0px 0px 0px;\n}\n<\/style>\n<div  class='flex_column av-44pp-4be51e96c7c67d4068653216e5a24ddb av_one_full  avia-builder-el-0  el_before_av_one_full  avia-builder-el-first  first flex_column_div av-zero-column-padding  '     ><\/div>\n","protected":false},"excerpt":{"rendered":"","protected":false},"author":1,"featured_media":0,"parent":1806,"menu_order":2,"comment_status":"closed","ping_status":"closed","template":"","meta":{"footnotes":""},"class_list":["post-1859","page","type-page","status-publish","hentry"],"yoast_head":"<!-- This site is optimized with the Yoast SEO plugin v27.4 - https:\/\/yoast.com\/product\/yoast-seo-wordpress\/ -->\n<title>Osvalen\u00ed - Fleckscore<\/title>\n<meta name=\"robots\" content=\"index, follow, max-snippet:-1, max-image-preview:large, max-video-preview:-1\" \/>\n<link rel=\"canonical\" href=\"https:\/\/www.fleckscore.com\/cs\/merkmale\/berechnung-der-gesamtnoten\/bemuskelung\/\" \/>\n<meta property=\"og:locale\" content=\"cs_CZ\" \/>\n<meta property=\"og:type\" content=\"article\" \/>\n<meta property=\"og:title\" content=\"Osvalen\u00ed - Fleckscore\" \/>\n<meta property=\"og:url\" content=\"https:\/\/www.fleckscore.com\/cs\/merkmale\/berechnung-der-gesamtnoten\/bemuskelung\/\" \/>\n<meta property=\"og:site_name\" content=\"Fleckscore\" \/>\n<meta property=\"article:modified_time\" content=\"2021-02-23T13:58:05+00:00\" \/>\n<meta name=\"twitter:card\" content=\"summary_large_image\" \/>\n<meta name=\"twitter:label1\" content=\"Odhadovan\u00e1 doba \u010dten\u00ed\" \/>\n\t<meta name=\"twitter:data1\" content=\"3 minuty\" \/>\n<script type=\"application\/ld+json\" class=\"yoast-schema-graph\">{\"@context\":\"https:\\\/\\\/schema.org\",\"@graph\":[{\"@type\":\"WebPage\",\"@id\":\"https:\\\/\\\/www.fleckscore.com\\\/cs\\\/merkmale\\\/berechnung-der-gesamtnoten\\\/bemuskelung\\\/\",\"url\":\"https:\\\/\\\/www.fleckscore.com\\\/cs\\\/merkmale\\\/berechnung-der-gesamtnoten\\\/bemuskelung\\\/\",\"name\":\"Osvalen\u00ed - Fleckscore\",\"isPartOf\":{\"@id\":\"https:\\\/\\\/www.fleckscore.com\\\/#website\"},\"datePublished\":\"2020-11-03T11:00:36+00:00\",\"dateModified\":\"2021-02-23T13:58:05+00:00\",\"breadcrumb\":{\"@id\":\"https:\\\/\\\/www.fleckscore.com\\\/cs\\\/merkmale\\\/berechnung-der-gesamtnoten\\\/bemuskelung\\\/#breadcrumb\"},\"inLanguage\":\"cs\",\"potentialAction\":[{\"@type\":\"ReadAction\",\"target\":[\"https:\\\/\\\/www.fleckscore.com\\\/cs\\\/merkmale\\\/berechnung-der-gesamtnoten\\\/bemuskelung\\\/\"]}]},{\"@type\":\"BreadcrumbList\",\"@id\":\"https:\\\/\\\/www.fleckscore.com\\\/cs\\\/merkmale\\\/berechnung-der-gesamtnoten\\\/bemuskelung\\\/#breadcrumb\",\"itemListElement\":[{\"@type\":\"ListItem\",\"position\":1,\"name\":\"Startseite\",\"item\":\"https:\\\/\\\/www.fleckscore.com\\\/\"},{\"@type\":\"ListItem\",\"position\":2,\"name\":\"UKAZATEL\",\"item\":\"https:\\\/\\\/www.fleckscore.com\\\/cs\\\/merkmale\\\/\"},{\"@type\":\"ListItem\",\"position\":3,\"name\":\"V\u00fdco\u010det celkov\u00e9 zn\u00e1mky\",\"item\":\"https:\\\/\\\/www.fleckscore.com\\\/cs\\\/merkmale\\\/berechnung-der-gesamtnoten\\\/\"},{\"@type\":\"ListItem\",\"position\":4,\"name\":\"Osvalen\u00ed\"}]},{\"@type\":\"WebSite\",\"@id\":\"https:\\\/\\\/www.fleckscore.com\\\/#website\",\"url\":\"https:\\\/\\\/www.fleckscore.com\\\/\",\"name\":\"Fleckscore\",\"description\":\"Eine weitere WordPress-Website\",\"potentialAction\":[{\"@type\":\"SearchAction\",\"target\":{\"@type\":\"EntryPoint\",\"urlTemplate\":\"https:\\\/\\\/www.fleckscore.com\\\/?s={search_term_string}\"},\"query-input\":{\"@type\":\"PropertyValueSpecification\",\"valueRequired\":true,\"valueName\":\"search_term_string\"}}],\"inLanguage\":\"cs\"}]}<\/script>\n<!-- \/ Yoast SEO plugin. -->","yoast_head_json":{"title":"Osvalen\u00ed - Fleckscore","robots":{"index":"index","follow":"follow","max-snippet":"max-snippet:-1","max-image-preview":"max-image-preview:large","max-video-preview":"max-video-preview:-1"},"canonical":"https:\/\/www.fleckscore.com\/cs\/merkmale\/berechnung-der-gesamtnoten\/bemuskelung\/","og_locale":"cs_CZ","og_type":"article","og_title":"Osvalen\u00ed - Fleckscore","og_url":"https:\/\/www.fleckscore.com\/cs\/merkmale\/berechnung-der-gesamtnoten\/bemuskelung\/","og_site_name":"Fleckscore","article_modified_time":"2021-02-23T13:58:05+00:00","twitter_card":"summary_large_image","twitter_misc":{"Odhadovan\u00e1 doba \u010dten\u00ed":"3 minuty"},"schema":{"@context":"https:\/\/schema.org","@graph":[{"@type":"WebPage","@id":"https:\/\/www.fleckscore.com\/cs\/merkmale\/berechnung-der-gesamtnoten\/bemuskelung\/","url":"https:\/\/www.fleckscore.com\/cs\/merkmale\/berechnung-der-gesamtnoten\/bemuskelung\/","name":"Osvalen\u00ed - Fleckscore","isPartOf":{"@id":"https:\/\/www.fleckscore.com\/#website"},"datePublished":"2020-11-03T11:00:36+00:00","dateModified":"2021-02-23T13:58:05+00:00","breadcrumb":{"@id":"https:\/\/www.fleckscore.com\/cs\/merkmale\/berechnung-der-gesamtnoten\/bemuskelung\/#breadcrumb"},"inLanguage":"cs","potentialAction":[{"@type":"ReadAction","target":["https:\/\/www.fleckscore.com\/cs\/merkmale\/berechnung-der-gesamtnoten\/bemuskelung\/"]}]},{"@type":"BreadcrumbList","@id":"https:\/\/www.fleckscore.com\/cs\/merkmale\/berechnung-der-gesamtnoten\/bemuskelung\/#breadcrumb","itemListElement":[{"@type":"ListItem","position":1,"name":"Startseite","item":"https:\/\/www.fleckscore.com\/"},{"@type":"ListItem","position":2,"name":"UKAZATEL","item":"https:\/\/www.fleckscore.com\/cs\/merkmale\/"},{"@type":"ListItem","position":3,"name":"V\u00fdco\u010det celkov\u00e9 zn\u00e1mky","item":"https:\/\/www.fleckscore.com\/cs\/merkmale\/berechnung-der-gesamtnoten\/"},{"@type":"ListItem","position":4,"name":"Osvalen\u00ed"}]},{"@type":"WebSite","@id":"https:\/\/www.fleckscore.com\/#website","url":"https:\/\/www.fleckscore.com\/","name":"Fleckscore","description":"Eine weitere WordPress-Website","potentialAction":[{"@type":"SearchAction","target":{"@type":"EntryPoint","urlTemplate":"https:\/\/www.fleckscore.com\/?s={search_term_string}"},"query-input":{"@type":"PropertyValueSpecification","valueRequired":true,"valueName":"search_term_string"}}],"inLanguage":"cs"}]}},"_links":{"self":[{"href":"https:\/\/www.fleckscore.com\/cs\/wp-json\/wp\/v2\/pages\/1859","targetHints":{"allow":["GET"]}}],"collection":[{"href":"https:\/\/www.fleckscore.com\/cs\/wp-json\/wp\/v2\/pages"}],"about":[{"href":"https:\/\/www.fleckscore.com\/cs\/wp-json\/wp\/v2\/types\/page"}],"author":[{"embeddable":true,"href":"https:\/\/www.fleckscore.com\/cs\/wp-json\/wp\/v2\/users\/1"}],"replies":[{"embeddable":true,"href":"https:\/\/www.fleckscore.com\/cs\/wp-json\/wp\/v2\/comments?post=1859"}],"version-history":[{"count":2,"href":"https:\/\/www.fleckscore.com\/cs\/wp-json\/wp\/v2\/pages\/1859\/revisions"}],"predecessor-version":[{"id":4512,"href":"https:\/\/www.fleckscore.com\/cs\/wp-json\/wp\/v2\/pages\/1859\/revisions\/4512"}],"up":[{"embeddable":true,"href":"https:\/\/www.fleckscore.com\/cs\/wp-json\/wp\/v2\/pages\/1806"}],"wp:attachment":[{"href":"https:\/\/www.fleckscore.com\/cs\/wp-json\/wp\/v2\/media?parent=1859"}],"curies":[{"name":"wp","href":"https:\/\/api.w.org\/{rel}","templated":true}]}}